{"id":8813,"date":"2019-09-11T07:56:27","date_gmt":"2019-09-11T07:56:27","guid":{"rendered":"https:\/\/www.glysofor.de\/erneuerbare-energien\/"},"modified":"2022-02-11T13:40:24","modified_gmt":"2022-02-11T13:40:24","slug":"hernieuwbare-energieen","status":"publish","type":"page","link":"https:\/\/www.glysofor.de\/nl\/hernieuwbare-energieen\/","title":{"rendered":"Hernieuwbare energie\u00ebn"},"content":{"rendered":"<p><div class=\"fusion-fullwidth fullwidth-box fusion-builder-row-1 nonhundred-percent-fullwidth non-hundred-percent-height-scrolling\" style=\"--awb-border-radius-top-left:0px;--awb-border-radius-top-right:0px;--awb-border-radius-bottom-right:0px;--awb-border-radius-bottom-left:0px;--awb-padding-top:40px;--awb-padding-bottom:40px;--awb-flex-wrap:wrap;\" ><div class=\"fusion-builder-row fusion-row\"><div class=\"fusion-layout-column fusion_builder_column fusion-builder-column-0 fusion_builder_column_1_4 1_4 fusion-one-fourth fusion-column-first\" style=\"--awb-padding-right:10px;--awb-bg-size:cover;--awb-border-color:#ededed;--awb-border-right:1px;--awb-border-style:solid;--awb-margin-top:10px;width:25%;width:calc(25% - ( ( 4% ) * 0.25 ) );margin-right: 4%;\"><div class=\"fusion-column-wrapper fusion-column-has-shadow fusion-flex-column-wrapper-legacy\"><div class=\"fusion-title title fusion-title-1 fusion-title-text fusion-title-size-four\"><h4 class=\"fusion-title-heading title-heading-left fusion-responsive-typography-calculated\" style=\"margin:0;text-transform:none;--fontSize:20;--minFontSize:20;line-height:1.2;\">Aanbevolen producten<\/h4><span class=\"awb-title-spacer\"><\/span><div class=\"title-sep-container\"><div class=\"title-sep sep- sep-solid\" style=\"border-color:#e2e2e2;\"><\/div><\/div><\/div><div class=\"fusion-builder-row fusion-builder-row-inner fusion-row\"><div class=\"fusion-layout-column fusion_builder_column_inner fusion-builder-nested-column-0 fusion_builder_column_inner_1_3 1_3 fusion-one-third fusion-column-first\" style=\"--awb-bg-size:cover;width:33.333333333333%;width:calc(33.333333333333% - ( ( 4% ) * 0.33333333333333 ) );margin-right: 4%;\"><div class=\"fusion-column-wrapper fusion-column-has-shadow fusion-flex-column-wrapper-legacy\"><div class=\"fusion-image-element in-legacy-container\" style=\"--awb-caption-title-font-family:var(--h2_typography-font-family);--awb-caption-title-font-weight:var(--h2_typography-font-weight);--awb-caption-title-font-style:var(--h2_typography-font-style);--awb-caption-title-size:var(--h2_typography-font-size);--awb-caption-title-transform:var(--h2_typography-text-transform);--awb-caption-title-line-height:var(--h2_typography-line-height);--awb-caption-title-letter-spacing:var(--h2_typography-letter-spacing);\"><span class=\" fusion-imageframe imageframe-none imageframe-1 hover-type-none\"><a class=\"fusion-no-lightbox\" href=\"\/nl\/glysofor-solar\/\" target=\"_self\" aria-label=\"glysofor-solar-small\"><img decoding=\"async\" width=\"300\" height=\"453\" alt=\"Produkt Glysofor Solar - Solarfl\u00fcssigkeit\" src=\"https:\/\/www.glysofor.de\/wp-content\/uploads\/images\/glysofor-solar-small.jpg\" class=\"img-responsive wp-image-3545\" srcset=\"https:\/\/www.glysofor.de\/wp-content\/uploads\/images\/glysofor-solar-small-200x302.jpg 200w, https:\/\/www.glysofor.de\/wp-content\/uploads\/images\/glysofor-solar-small.jpg 300w\" sizes=\"(max-width: 800px) 100vw, 300px\" \/><\/a><\/span><\/div><div class=\"fusion-clearfix\"><\/div><\/div><\/div><div class=\"fusion-layout-column fusion_builder_column_inner fusion-builder-nested-column-1 fusion_builder_column_inner_2_3 2_3 fusion-two-third fusion-column-last\" style=\"--awb-bg-size:cover;width:66.666666666667%;width:calc(66.666666666667% - ( ( 4% ) * 0.66666666666667 ) );\"><div class=\"fusion-column-wrapper fusion-column-has-shadow fusion-flex-column-wrapper-legacy\"><div class=\"fusion-text fusion-text-1\" style=\"--awb-text-transform:none;\"><p><a href=\"\/nl\/glysofor-solar\/\"><strong>Glysofor Solar<br \/>\n<\/strong><\/a><span class=\"small\">Zonnevloeistof Vlakke plaat en vacu\u00fcmbuis zonnecollectorsystemen<\/span><\/p>\n<\/div><div class=\"fusion-clearfix\"><\/div><\/div><\/div><\/div><div class=\"fusion-builder-row fusion-builder-row-inner fusion-row\"><div class=\"fusion-layout-column fusion_builder_column_inner fusion-builder-nested-column-2 fusion_builder_column_inner_1_3 1_3 fusion-one-third fusion-column-first\" style=\"--awb-bg-size:cover;width:33.333333333333%;width:calc(33.333333333333% - ( ( 4% ) * 0.33333333333333 ) );margin-right: 4%;\"><div class=\"fusion-column-wrapper fusion-column-has-shadow fusion-flex-column-wrapper-legacy\"><div class=\"fusion-image-element in-legacy-container\" style=\"--awb-caption-title-font-family:var(--h2_typography-font-family);--awb-caption-title-font-weight:var(--h2_typography-font-weight);--awb-caption-title-font-style:var(--h2_typography-font-style);--awb-caption-title-size:var(--h2_typography-font-size);--awb-caption-title-transform:var(--h2_typography-text-transform);--awb-caption-title-line-height:var(--h2_typography-line-height);--awb-caption-title-letter-spacing:var(--h2_typography-letter-spacing);\"><span class=\" fusion-imageframe imageframe-none imageframe-2 hover-type-none\"><a class=\"fusion-no-lightbox\" href=\"\/nl\/glysofor-terra\/\" target=\"_self\" aria-label=\"glysofor-terra-small\"><img decoding=\"async\" width=\"300\" height=\"453\" alt=\"Produkt Glysofor TERRA - Frostschutz Geothermie\" src=\"https:\/\/www.glysofor.de\/wp-content\/uploads\/images\/glysofor-terra-small.jpg\" class=\"img-responsive wp-image-3547\" srcset=\"https:\/\/www.glysofor.de\/wp-content\/uploads\/images\/glysofor-terra-small-200x302.jpg 200w, https:\/\/www.glysofor.de\/wp-content\/uploads\/images\/glysofor-terra-small.jpg 300w\" sizes=\"(max-width: 800px) 100vw, 300px\" \/><\/a><\/span><\/div><div class=\"fusion-clearfix\"><\/div><\/div><\/div><div class=\"fusion-layout-column fusion_builder_column_inner fusion-builder-nested-column-3 fusion_builder_column_inner_2_3 2_3 fusion-two-third fusion-column-last\" style=\"--awb-bg-size:cover;width:66.666666666667%;width:calc(66.666666666667% - ( ( 4% ) * 0.66666666666667 ) );\"><div class=\"fusion-column-wrapper fusion-column-has-shadow fusion-flex-column-wrapper-legacy\"><div class=\"fusion-text fusion-text-2\" style=\"--awb-text-transform:none;\"><p><a href=\"\/nl\/glysofor-terra\/\"><strong>Glysofor TERRA<br \/>\n<\/strong><\/a><span class=\"small\">Speciaal product voor gebruik in geothermische sondes<\/span><\/p>\n<\/div><div class=\"fusion-clearfix\"><\/div><\/div><\/div><\/div><div class=\"fusion-builder-row fusion-builder-row-inner fusion-row\"><div class=\"fusion-layout-column fusion_builder_column_inner fusion-builder-nested-column-4 fusion_builder_column_inner_1_3 1_3 fusion-one-third fusion-column-first\" style=\"--awb-bg-size:cover;width:33.333333333333%;width:calc(33.333333333333% - ( ( 4% ) * 0.33333333333333 ) );margin-right: 4%;\"><div class=\"fusion-column-wrapper fusion-column-has-shadow fusion-flex-column-wrapper-legacy\"><div class=\"fusion-image-element in-legacy-container\" style=\"--awb-caption-title-font-family:var(--h2_typography-font-family);--awb-caption-title-font-weight:var(--h2_typography-font-weight);--awb-caption-title-font-style:var(--h2_typography-font-style);--awb-caption-title-size:var(--h2_typography-font-size);--awb-caption-title-transform:var(--h2_typography-text-transform);--awb-caption-title-line-height:var(--h2_typography-line-height);--awb-caption-title-letter-spacing:var(--h2_typography-letter-spacing);\"><span class=\" fusion-imageframe imageframe-none imageframe-3 hover-type-none\"><a class=\"fusion-no-lightbox\" href=\"\/nl\/glysofor-evo-n\/\" target=\"_self\" aria-label=\"glysofor-evo-n-small\"><img decoding=\"async\" width=\"300\" height=\"453\" alt=\"Produkt Glysofor EVO N - biologisch abbaubar\" src=\"https:\/\/www.glysofor.de\/wp-content\/uploads\/images\/glysofor-evo-n-small.jpg\" class=\"img-responsive wp-image-3533\" srcset=\"https:\/\/www.glysofor.de\/wp-content\/uploads\/images\/glysofor-evo-n-small-200x302.jpg 200w, https:\/\/www.glysofor.de\/wp-content\/uploads\/images\/glysofor-evo-n-small.jpg 300w\" sizes=\"(max-width: 800px) 100vw, 300px\" \/><\/a><\/span><\/div><div class=\"fusion-clearfix\"><\/div><\/div><\/div><div class=\"fusion-layout-column fusion_builder_column_inner fusion-builder-nested-column-5 fusion_builder_column_inner_2_3 2_3 fusion-two-third fusion-column-last\" style=\"--awb-bg-size:cover;width:66.666666666667%;width:calc(66.666666666667% - ( ( 4% ) * 0.66666666666667 ) );\"><div class=\"fusion-column-wrapper fusion-column-has-shadow fusion-flex-column-wrapper-legacy\"><div class=\"fusion-text fusion-text-3\" style=\"--awb-text-transform:none;\"><p><a href=\"\/nl\/glysofor-evo-n\/\"><strong>Glysofor EVO N<br \/>\n<\/strong><\/a><span class=\"small\">Antivriesconcentraat op basis van monoethyleenglycol met milieuvriendelijke corrosie-inhibitoren<\/span><\/p>\n<\/div><div class=\"fusion-clearfix\"><\/div><\/div><\/div><\/div><div class=\"fusion-builder-row fusion-builder-row-inner fusion-row\"><div class=\"fusion-layout-column fusion_builder_column_inner fusion-builder-nested-column-6 fusion_builder_column_inner_1_3 1_3 fusion-one-third fusion-column-first\" style=\"--awb-bg-size:cover;width:33.333333333333%;width:calc(33.333333333333% - ( ( 4% ) * 0.33333333333333 ) );margin-right: 4%;\"><div class=\"fusion-column-wrapper fusion-column-has-shadow fusion-flex-column-wrapper-legacy\"><div class=\"fusion-image-element in-legacy-container\" style=\"--awb-caption-title-font-family:var(--h2_typography-font-family);--awb-caption-title-font-weight:var(--h2_typography-font-weight);--awb-caption-title-font-style:var(--h2_typography-font-style);--awb-caption-title-size:var(--h2_typography-font-size);--awb-caption-title-transform:var(--h2_typography-text-transform);--awb-caption-title-line-height:var(--h2_typography-line-height);--awb-caption-title-letter-spacing:var(--h2_typography-letter-spacing);\"><span class=\" fusion-imageframe imageframe-none imageframe-4 hover-type-none\"><a class=\"fusion-no-lightbox\" href=\"\/nl\/glysofor-evo-l\/\" target=\"_self\" aria-label=\"glysofor-evo-l-small\"><img decoding=\"async\" width=\"300\" height=\"453\" alt=\"Produkt Glysofor EVO L - biologisch abbaubar\" src=\"https:\/\/www.glysofor.de\/wp-content\/uploads\/images\/glysofor-evo-l-small.jpg\" class=\"img-responsive wp-image-3531\" srcset=\"https:\/\/www.glysofor.de\/wp-content\/uploads\/images\/glysofor-evo-l-small-200x302.jpg 200w, https:\/\/www.glysofor.de\/wp-content\/uploads\/images\/glysofor-evo-l-small.jpg 300w\" sizes=\"(max-width: 800px) 100vw, 300px\" \/><\/a><\/span><\/div><div class=\"fusion-clearfix\"><\/div><\/div><\/div><div class=\"fusion-layout-column fusion_builder_column_inner fusion-builder-nested-column-7 fusion_builder_column_inner_2_3 2_3 fusion-two-third fusion-column-last\" style=\"--awb-bg-size:cover;width:66.666666666667%;width:calc(66.666666666667% - ( ( 4% ) * 0.66666666666667 ) );\"><div class=\"fusion-column-wrapper fusion-column-has-shadow fusion-flex-column-wrapper-legacy\"><div class=\"fusion-text fusion-text-4\" style=\"--awb-text-transform:none;\"><p><a href=\"\/nl\/glysofor-evo-l\/\"><strong>Glysofor EVO L<br \/>\n<\/strong><\/a><span class=\"small\">Antivriesconcentraat op basis van propyleenglycol met milieuvriendelijke corrosie-inhibitoren<\/span><\/p>\n<\/div><div class=\"fusion-clearfix\"><\/div><\/div><\/div><\/div><div class=\"fusion-clearfix\"><\/div><\/div><\/div><div class=\"fusion-layout-column fusion_builder_column fusion-builder-column-1 fusion_builder_column_3_4 3_4 fusion-three-fourth fusion-column-last\" style=\"--awb-bg-size:cover;width:75%;width:calc(75% - ( ( 4% ) * 0.75 ) );\"><div class=\"fusion-column-wrapper fusion-column-has-shadow fusion-flex-column-wrapper-legacy\"><div class=\"fusion-title title fusion-title-2 fusion-title-text fusion-title-size-two\"><h2 class=\"fusion-title-heading title-heading-left fusion-responsive-typography-calculated\" style=\"margin:0;text-transform:none;--fontSize:40;line-height:1.3;\">Glysofor concentraten zijn onmisbare hulpmiddelen bij het gebruik van regeneratieve energie\u00ebn.<\/h2><span class=\"awb-title-spacer\"><\/span><div class=\"title-sep-container\"><div class=\"title-sep sep- sep-solid\" style=\"border-color:#e2e2e2;\"><\/div><\/div><\/div><div class=\"fusion-title title fusion-title-3 fusion-title-text fusion-title-size-three\"><h3 class=\"fusion-title-heading title-heading-left fusion-responsive-typography-calculated\" style=\"margin:0;text-transform:none;--fontSize:24;line-height:1.4;\">Hernieuwbare energie\u00ebn ontstaan vaak op plaatsen waar zij niet direct kunnen worden gebruikt. Bij thermische zonne-energie of geothermische energie bijvoorbeeld moet de energie in de vorm van warmte eerst worden getransporteerd, en Glysofor levert in dit opzicht uitstekende diensten.<\/h3><span class=\"awb-title-spacer\"><\/span><div class=\"title-sep-container\"><div class=\"title-sep sep- sep-solid\" style=\"border-color:#e2e2e2;\"><\/div><\/div><\/div><div class=\"fusion-text fusion-text-5\" style=\"--awb-text-transform:none;\"><p>Bij het gebruik van zonnewarmte transporteert Glysofor Solar de in een zonnecollector geabsorbeerde warmte naar een verwarmingssysteem. Op die manier kunnen drink- en gebruikswater evenals verwarmingssystemen op een zeer milieuvriendelijke en kosteneffectieve manier worden verwarmd. Dit kan leiden tot aanzienlijke brandstofbesparingen. Er zijn vele andere toepassingen waarbij Glysofor bijdraagt tot het gebruik van milieuvriendelijke energie.<\/p>\n<p>Bij geothermische energie transporteert Glysofor TERRA de warmte die in de bodemsonde wordt opgenomen naar het aardoppervlak en brengt die daar, in combinatie met een warmtepomp, over naar een verwarmingssysteem.<\/p>\n<p>De producten Glysofor EVO N en Glysofor EVO L gaan nog een stap verder. Beide producten werden speciaal ontwikkeld voor toepassingsgebieden waar bijzondere ecologische eisen gelden, vooral met betrekking tot de biologische afbreekbaarheid. Glysofor EVO is zodanig geformuleerd dat bij accidenteel vrijkomen (bijv. door lekkage) de microbi\u00eble afbraak van de ingredi\u00ebnten niet wordt be\u00efnvloed. Glysofor EVO is vrij van nitriet, nitraat, fosfaat, boraat, silicaat en benzotriazool, evenals tolyltriazool.<\/p>\n<p>Glysofor wordt gebruikt in biogasinstallaties, warmtekrachtkoppelingscentrales en warmteterugwinningsinstallaties. In windturbines wordt Glysofor gebruikt voor trillingsdemping, en de uitstekende corrosiewerende eigenschappen maken een betrouwbare en onderhoudsarme werking mogelijk, vooral in offshore-turbines.<\/p>\n<p>Glysofor kan universeel worden gebruikt als antivriesmiddel, corrosiebeschermingsmiddel en als warmteoverdrachtsmedium. Vorstschade, corrosie, afzettingen, dichtslibbing of biofilms worden optimaal voorkomen door Glysofor. Alle Glysofor producten zijn biologisch afbreekbaar en milieuvriendelijk.<\/p>\n<\/div><div class=\"fusion-clearfix\"><\/div><\/div><\/div><\/div><\/div><div class=\"fusion-fullwidth fullwidth-box fusion-builder-row-2 fusion-parallax-none nonhundred-percent-fullwidth non-hundred-percent-height-scrolling\" style=\"--awb-background-position:center top;--awb-border-sizes-top:0px;--awb-border-sizes-bottom:0px;--awb-border-sizes-left:0px;--awb-border-sizes-right:0px;--awb-border-radius-top-left:0px;--awb-border-radius-top-right:0px;--awb-border-radius-bottom-right:0px;--awb-border-radius-bottom-left:0px;--awb-padding-top:40px;--awb-padding-bottom:40px;--awb-background-color:#2a8fbd;--awb-background-image:url(&quot;https:\/\/www.glysofor.de\/wp-content\/uploads\/images\/bg-anfrage.jpg&quot;);--awb-background-size:cover;--awb-flex-wrap:wrap;\" ><div class=\"fusion-builder-row fusion-row\"><div class=\"fusion-layout-column fusion_builder_column fusion-builder-column-2 fusion_builder_column_1_1 1_1 fusion-one-full fusion-column-first fusion-column-last fusion-column-no-min-height\" style=\"--awb-bg-size:cover;--awb-margin-bottom:0px;\"><div class=\"fusion-column-wrapper fusion-column-has-shadow fusion-flex-column-wrapper-legacy\"><div class=\"fusion-title title fusion-title-4 fusion-title-center fusion-title-text fusion-title-size-two\" style=\"--awb-text-color:#ffffff;--awb-margin-bottom:40px;\"><div class=\"title-sep-container title-sep-container-left\"><div class=\"title-sep sep- sep-solid\" style=\"border-color:#e2e2e2;\"><\/div><\/div><span class=\"awb-title-spacer\"><\/span><h2 class=\"fusion-title-heading title-heading-center fusion-responsive-typography-calculated\" style=\"margin:0;text-transform:none;--fontSize:40;line-height:1.3;\">Heeft u nog vragen?<\/h2><span class=\"awb-title-spacer\"><\/span><div class=\"title-sep-container title-sep-container-right\"><div class=\"title-sep sep- sep-solid\" style=\"border-color:#e2e2e2;\"><\/div><\/div><\/div><div class=\"fusion-title title fusion-title-5 fusion-title-center fusion-title-text fusion-title-size-four\" style=\"--awb-text-color:#ffffff;--awb-margin-bottom:40px;\"><div class=\"title-sep-container title-sep-container-left\"><div class=\"title-sep sep- sep-solid\" style=\"border-color:#e2e2e2;\"><\/div><\/div><span class=\"awb-title-spacer\"><\/span><h4 class=\"fusion-title-heading title-heading-center fusion-responsive-typography-calculated\" style=\"margin:0;text-transform:none;--fontSize:20;--minFontSize:20;line-height:1.2;\">Wij geven u graag gratis en vrijblijvend advies, zodat u het juiste product krijgt product voor uw toepassing.<\/h4><span class=\"awb-title-spacer\"><\/span><div class=\"title-sep-container title-sep-container-right\"><div class=\"title-sep sep- sep-solid\" style=\"border-color:#e2e2e2;\"><\/div><\/div><\/div><div class=\"fusion-aligncenter\"><a class=\"fusion-button button-flat button-xlarge button-custom fusion-button-default button-1 fusion-button-default-span fusion-animated\" style=\"--button_accent_color:rgba(255,255,255,.8);--button_border_color:rgba(255,255,255,.8);--button_accent_hover_color:#ffffff;--button_border_hover_color:#ffffff;--button_border_width-top:2px;--button_border_width-right:2px;--button_border_width-bottom:2px;--button_border_width-left:2px;--button_gradient_top_color:rgba(255,255,255,.1);--button_gradient_bottom_color:rgba(255,255,255,.1);--button_gradient_top_color_hover:rgba(255, 255, 255, 0.25);--button_gradient_bottom_color_hover:rgba(255, 255, 255, 0.25);\" data-animationType=\"fadeInUp\" data-animationDuration=\"1.0\" data-animationOffset=\"top-into-view\" target=\"_self\" href=\"\/nl\/contact\/\"><span class=\"fusion-button-text awb-button__text awb-button__text--default\">VRAAG EEN OFFERTE AAN<\/span><\/a><\/div><div class=\"fusion-clearfix\"><\/div><\/div><\/div><\/div><\/div><\/p>\n","protected":false},"excerpt":{"rendered":"","protected":false},"author":1,"featured_media":0,"parent":0,"menu_order":0,"comment_status":"closed","ping_status":"closed","template":"100-width.php","meta":{"footnotes":""},"class_list":["post-8813","page","type-page","status-publish","hentry"],"yoast_head":"<!-- This site is optimized with the Yoast SEO plugin v27.0 - https:\/\/yoast.com\/product\/yoast-seo-wordpress\/ -->\n<title>Glysoforproducten in gebruik voor hernieuwbare energiebronnen<\/title>\n<meta name=\"description\" content=\"Op glycol gebaseerde warmteoverdrachtsvloeistoffen, antivries, corrosie-inhibitoren en zonnevloeistoffen voor hernieuwbare energietoepassingen.\" \/>\n<meta name=\"robots\" content=\"index, follow, max-snippet:-1, max-image-preview:large, max-video-preview:-1\" \/>\n<link rel=\"canonical\" href=\"https:\/\/www.glysofor.de\/nl\/hernieuwbare-energieen\/\" \/>\n<meta property=\"og:locale\" content=\"nl_NL\" \/>\n<meta property=\"og:type\" content=\"article\" \/>\n<meta property=\"og:title\" content=\"Glysoforproducten in gebruik voor hernieuwbare energiebronnen\" \/>\n<meta property=\"og:description\" content=\"Op glycol gebaseerde warmteoverdrachtsvloeistoffen, antivries, corrosie-inhibitoren en zonnevloeistoffen voor hernieuwbare energietoepassingen.\" \/>\n<meta property=\"og:url\" content=\"https:\/\/www.glysofor.de\/nl\/hernieuwbare-energieen\/\" \/>\n<meta property=\"og:site_name\" content=\"Glysofor\" \/>\n<meta property=\"article:publisher\" content=\"https:\/\/www.facebook.com\/Glysofor\/\" \/>\n<meta property=\"article:modified_time\" content=\"2022-02-11T13:40:24+00:00\" \/>\n<meta name=\"twitter:card\" content=\"summary_large_image\" \/>\n<meta name=\"twitter:label1\" content=\"Geschatte leestijd\" \/>\n\t<meta name=\"twitter:data1\" content=\"22 minuten\" \/>\n<script type=\"application\/ld+json\" class=\"yoast-schema-graph\">{\"@context\":\"https:\/\/schema.org\",\"@graph\":[{\"@type\":\"WebPage\",\"@id\":\"https:\/\/www.glysofor.de\/nl\/hernieuwbare-energieen\/\",\"url\":\"https:\/\/www.glysofor.de\/nl\/hernieuwbare-energieen\/\",\"name\":\"Glysoforproducten in gebruik voor hernieuwbare energiebronnen\",\"isPartOf\":{\"@id\":\"https:\/\/www.glysofor.de\/nl\/#website\"},\"datePublished\":\"2019-09-11T07:56:27+00:00\",\"dateModified\":\"2022-02-11T13:40:24+00:00\",\"description\":\"Op glycol gebaseerde warmteoverdrachtsvloeistoffen, antivries, corrosie-inhibitoren en zonnevloeistoffen voor hernieuwbare energietoepassingen.\",\"breadcrumb\":{\"@id\":\"https:\/\/www.glysofor.de\/nl\/hernieuwbare-energieen\/#breadcrumb\"},\"inLanguage\":\"nl-NL\",\"potentialAction\":[{\"@type\":\"ReadAction\",\"target\":[\"https:\/\/www.glysofor.de\/nl\/hernieuwbare-energieen\/\"]}]},{\"@type\":\"BreadcrumbList\",\"@id\":\"https:\/\/www.glysofor.de\/nl\/hernieuwbare-energieen\/#breadcrumb\",\"itemListElement\":[{\"@type\":\"ListItem\",\"position\":1,\"name\":\"Startseite\",\"item\":\"https:\/\/www.glysofor.de\/nl\/\"},{\"@type\":\"ListItem\",\"position\":2,\"name\":\"Hernieuwbare energie\u00ebn\"}]},{\"@type\":\"WebSite\",\"@id\":\"https:\/\/www.glysofor.de\/nl\/#website\",\"url\":\"https:\/\/www.glysofor.de\/nl\/\",\"name\":\"Glysofor\",\"description\":\"Glykole f\u00fcr die K\u00e4lte-, Klima- und Heizungstechnik.\",\"publisher\":{\"@id\":\"https:\/\/www.glysofor.de\/nl\/#organization\"},\"potentialAction\":[{\"@type\":\"SearchAction\",\"target\":{\"@type\":\"EntryPoint\",\"urlTemplate\":\"https:\/\/www.glysofor.de\/nl\/?s={search_term_string}\"},\"query-input\":{\"@type\":\"PropertyValueSpecification\",\"valueRequired\":true,\"valueName\":\"search_term_string\"}}],\"inLanguage\":\"nl-NL\"},{\"@type\":\"Organization\",\"@id\":\"https:\/\/www.glysofor.de\/nl\/#organization\",\"name\":\"Glysofor - Glykole f\u00fcr die K\u00e4lte-, Klima- und Heizungstechnik\",\"url\":\"https:\/\/www.glysofor.de\/nl\/\",\"logo\":{\"@type\":\"ImageObject\",\"inLanguage\":\"nl-NL\",\"@id\":\"https:\/\/www.glysofor.de\/nl\/#\/schema\/logo\/image\/\",\"url\":\"https:\/\/www.glysofor.de\/wp-content\/uploads\/logo-glysofor.png\",\"contentUrl\":\"https:\/\/www.glysofor.de\/wp-content\/uploads\/logo-glysofor.png\",\"width\":800,\"height\":199,\"caption\":\"Glysofor - Glykole f\u00fcr die K\u00e4lte-, Klima- und Heizungstechnik\"},\"image\":{\"@id\":\"https:\/\/www.glysofor.de\/nl\/#\/schema\/logo\/image\/\"},\"sameAs\":[\"https:\/\/www.facebook.com\/Glysofor\/\",\"https:\/\/www.instagram.com\/glysofor\/\",\"https:\/\/www.youtube.com\/channel\/UCNeReuq7bqUGkWkm5vK63mQ\"]}]}<\/script>\n<!-- \/ Yoast SEO plugin. -->","yoast_head_json":{"title":"Glysoforproducten in gebruik voor hernieuwbare energiebronnen","description":"Op glycol gebaseerde warmteoverdrachtsvloeistoffen, antivries, corrosie-inhibitoren en zonnevloeistoffen voor hernieuwbare energietoepassingen.","robots":{"index":"index","follow":"follow","max-snippet":"max-snippet:-1","max-image-preview":"max-image-preview:large","max-video-preview":"max-video-preview:-1"},"canonical":"https:\/\/www.glysofor.de\/nl\/hernieuwbare-energieen\/","og_locale":"nl_NL","og_type":"article","og_title":"Glysoforproducten in gebruik voor hernieuwbare energiebronnen","og_description":"Op glycol gebaseerde warmteoverdrachtsvloeistoffen, antivries, corrosie-inhibitoren en zonnevloeistoffen voor hernieuwbare energietoepassingen.","og_url":"https:\/\/www.glysofor.de\/nl\/hernieuwbare-energieen\/","og_site_name":"Glysofor","article_publisher":"https:\/\/www.facebook.com\/Glysofor\/","article_modified_time":"2022-02-11T13:40:24+00:00","twitter_card":"summary_large_image","twitter_misc":{"Geschatte leestijd":"22 minuten"},"schema":{"@context":"https:\/\/schema.org","@graph":[{"@type":"WebPage","@id":"https:\/\/www.glysofor.de\/nl\/hernieuwbare-energieen\/","url":"https:\/\/www.glysofor.de\/nl\/hernieuwbare-energieen\/","name":"Glysoforproducten in gebruik voor hernieuwbare energiebronnen","isPartOf":{"@id":"https:\/\/www.glysofor.de\/nl\/#website"},"datePublished":"2019-09-11T07:56:27+00:00","dateModified":"2022-02-11T13:40:24+00:00","description":"Op glycol gebaseerde warmteoverdrachtsvloeistoffen, antivries, corrosie-inhibitoren en zonnevloeistoffen voor hernieuwbare energietoepassingen.","breadcrumb":{"@id":"https:\/\/www.glysofor.de\/nl\/hernieuwbare-energieen\/#breadcrumb"},"inLanguage":"nl-NL","potentialAction":[{"@type":"ReadAction","target":["https:\/\/www.glysofor.de\/nl\/hernieuwbare-energieen\/"]}]},{"@type":"BreadcrumbList","@id":"https:\/\/www.glysofor.de\/nl\/hernieuwbare-energieen\/#breadcrumb","itemListElement":[{"@type":"ListItem","position":1,"name":"Startseite","item":"https:\/\/www.glysofor.de\/nl\/"},{"@type":"ListItem","position":2,"name":"Hernieuwbare energie\u00ebn"}]},{"@type":"WebSite","@id":"https:\/\/www.glysofor.de\/nl\/#website","url":"https:\/\/www.glysofor.de\/nl\/","name":"Glysofor","description":"Glykole f\u00fcr die K\u00e4lte-, Klima- und Heizungstechnik.","publisher":{"@id":"https:\/\/www.glysofor.de\/nl\/#organization"},"potentialAction":[{"@type":"SearchAction","target":{"@type":"EntryPoint","urlTemplate":"https:\/\/www.glysofor.de\/nl\/?s={search_term_string}"},"query-input":{"@type":"PropertyValueSpecification","valueRequired":true,"valueName":"search_term_string"}}],"inLanguage":"nl-NL"},{"@type":"Organization","@id":"https:\/\/www.glysofor.de\/nl\/#organization","name":"Glysofor - Glykole f\u00fcr die K\u00e4lte-, Klima- und Heizungstechnik","url":"https:\/\/www.glysofor.de\/nl\/","logo":{"@type":"ImageObject","inLanguage":"nl-NL","@id":"https:\/\/www.glysofor.de\/nl\/#\/schema\/logo\/image\/","url":"https:\/\/www.glysofor.de\/wp-content\/uploads\/logo-glysofor.png","contentUrl":"https:\/\/www.glysofor.de\/wp-content\/uploads\/logo-glysofor.png","width":800,"height":199,"caption":"Glysofor - Glykole f\u00fcr die K\u00e4lte-, Klima- und Heizungstechnik"},"image":{"@id":"https:\/\/www.glysofor.de\/nl\/#\/schema\/logo\/image\/"},"sameAs":["https:\/\/www.facebook.com\/Glysofor\/","https:\/\/www.instagram.com\/glysofor\/","https:\/\/www.youtube.com\/channel\/UCNeReuq7bqUGkWkm5vK63mQ"]}]}},"_links":{"self":[{"href":"https:\/\/www.glysofor.de\/nl\/wp-json\/wp\/v2\/pages\/8813","targetHints":{"allow":["GET"]}}],"collection":[{"href":"https:\/\/www.glysofor.de\/nl\/wp-json\/wp\/v2\/pages"}],"about":[{"href":"https:\/\/www.glysofor.de\/nl\/wp-json\/wp\/v2\/types\/page"}],"author":[{"embeddable":true,"href":"https:\/\/www.glysofor.de\/nl\/wp-json\/wp\/v2\/users\/1"}],"replies":[{"embeddable":true,"href":"https:\/\/www.glysofor.de\/nl\/wp-json\/wp\/v2\/comments?post=8813"}],"version-history":[{"count":2,"href":"https:\/\/www.glysofor.de\/nl\/wp-json\/wp\/v2\/pages\/8813\/revisions"}],"predecessor-version":[{"id":8816,"href":"https:\/\/www.glysofor.de\/nl\/wp-json\/wp\/v2\/pages\/8813\/revisions\/8816"}],"wp:attachment":[{"href":"https:\/\/www.glysofor.de\/nl\/wp-json\/wp\/v2\/media?parent=8813"}],"curies":[{"name":"wp","href":"https:\/\/api.w.org\/{rel}","templated":true}]}}