{"id":8736,"date":"2019-09-16T07:40:28","date_gmt":"2019-09-16T07:40:28","guid":{"rendered":"https:\/\/www.glysofor.de\/glysofor-fluidmarker\/"},"modified":"2024-03-26T12:15:11","modified_gmt":"2024-03-26T12:15:11","slug":"glysofor-fluidmarker","status":"publish","type":"page","link":"https:\/\/www.glysofor.de\/nl\/glysofor-fluidmarker\/","title":{"rendered":"Glysofor Fluidmarker"},"content":{"rendered":"<p><div class=\"fusion-fullwidth fullwidth-box fusion-builder-row-1 nonhundred-percent-fullwidth non-hundred-percent-height-scrolling\" style=\"--awb-border-radius-top-left:0px;--awb-border-radius-top-right:0px;--awb-border-radius-bottom-right:0px;--awb-border-radius-bottom-left:0px;--awb-padding-top:40px;--awb-padding-bottom:40px;--awb-flex-wrap:wrap;\" ><div class=\"fusion-builder-row fusion-row\"><div class=\"fusion-layout-column fusion_builder_column fusion-builder-column-0 fusion_builder_column_1_2 1_2 fusion-one-half fusion-column-first\" style=\"--awb-bg-size:cover;width:50%;width:calc(50% - ( ( 4% ) * 0.5 ) );margin-right: 4%;\"><div class=\"fusion-column-wrapper fusion-column-has-shadow fusion-flex-column-wrapper-legacy\"><div class=\"fusion-title title fusion-title-1 fusion-title-text fusion-title-size-two\"><h2 class=\"fusion-title-heading title-heading-left fusion-responsive-typography-calculated\" style=\"margin:0;text-transform:none;--fontSize:40;line-height:1.3;\">Beschrijving<\/h2><span class=\"awb-title-spacer\"><\/span><div class=\"title-sep-container\"><div class=\"title-sep sep- sep-solid\" style=\"border-color:#e2e2e2;\"><\/div><\/div><\/div><div class=\"fusion-title title fusion-title-2 fusion-title-text fusion-title-size-five\"><h5 class=\"fusion-title-heading title-heading-left fusion-responsive-typography-calculated\" style=\"margin:0;text-transform:none;--fontSize:18;--minFontSize:18;line-height:1.4;\">Glysofor Fluidmarker is een fluorescerende lekdetectievloeistof voor het snel en nauwkeurig lokaliseren van koelmiddellekken in defecte of lekkende koelcircuits in de airconditioning- en koeltechniek.<\/h5><span class=\"awb-title-spacer\"><\/span><div class=\"title-sep-container\"><div class=\"title-sep sep- sep-solid\" style=\"border-color:#e2e2e2;\"><\/div><\/div><\/div><div class=\"fusion-text fusion-text-1\" style=\"--awb-text-transform:none;\"><p>Glysofor Fluidmarker is doeltreffend in zowel statische als circulerende systemen, zoals verwarmingssystemen, warmwaterverwarmingssystemen, pompen, watercircuits, koelsystemen, enz.<\/p>\n<\/div><div class=\"fusion-clearfix\"><\/div><\/div><\/div><div class=\"fusion-layout-column fusion_builder_column fusion-builder-column-1 fusion_builder_column_1_2 1_2 fusion-one-half fusion-column-last\" style=\"--awb-bg-size:cover;width:50%;width:calc(50% - ( ( 4% ) * 0.5 ) );\"><div class=\"fusion-column-wrapper fusion-column-has-shadow fusion-flex-column-wrapper-legacy\"><div class=\"fusion-image-element in-legacy-container\" style=\"--awb-caption-title-font-family:var(--h2_typography-font-family);--awb-caption-title-font-weight:var(--h2_typography-font-weight);--awb-caption-title-font-style:var(--h2_typography-font-style);--awb-caption-title-size:var(--h2_typography-font-size);--awb-caption-title-transform:var(--h2_typography-text-transform);--awb-caption-title-line-height:var(--h2_typography-line-height);--awb-caption-title-letter-spacing:var(--h2_typography-letter-spacing);\"><span class=\" fusion-imageframe imageframe-none imageframe-1 hover-type-none\"><img decoding=\"async\" width=\"916\" height=\"630\" alt=\"Glysofor Fluidmarker \u2013 Fluoreszierende Lecksuchfl\u00fcssigkeit im Kanister f\u00fcr Heizung und K\u00fchlung\" title=\"Glysofor Fluidmarker\" src=\"https:\/\/www.glysofor.de\/wp-content\/uploads\/images\/glysofor-fluidmarker.jpg\" class=\"img-responsive wp-image-3535\" srcset=\"https:\/\/www.glysofor.de\/wp-content\/uploads\/images\/glysofor-fluidmarker-200x138.jpg 200w, https:\/\/www.glysofor.de\/wp-content\/uploads\/images\/glysofor-fluidmarker-400x275.jpg 400w, https:\/\/www.glysofor.de\/wp-content\/uploads\/images\/glysofor-fluidmarker-600x413.jpg 600w, https:\/\/www.glysofor.de\/wp-content\/uploads\/images\/glysofor-fluidmarker-800x550.jpg 800w, https:\/\/www.glysofor.de\/wp-content\/uploads\/images\/glysofor-fluidmarker.jpg 916w\" sizes=\"(max-width: 800px) 100vw, 600px\" \/><\/span><\/div><div class=\"fusion-clearfix\"><\/div><\/div><\/div><\/div><\/div><div class=\"fusion-fullwidth fullwidth-box fusion-builder-row-2 nonhundred-percent-fullwidth non-hundred-percent-height-scrolling\" style=\"--awb-border-radius-top-left:0px;--awb-border-radius-top-right:0px;--awb-border-radius-bottom-right:0px;--awb-border-radius-bottom-left:0px;--awb-padding-top:40px;--awb-padding-bottom:40px;--awb-background-color:#ededed;--awb-flex-wrap:wrap;\" ><div class=\"fusion-builder-row fusion-row\"><div class=\"fusion-layout-column fusion_builder_column fusion-builder-column-2 fusion_builder_column_1_2 1_2 fusion-one-half fusion-column-first\" style=\"--awb-bg-size:cover;width:50%;width:calc(50% - ( ( 4% ) * 0.5 ) );margin-right: 4%;\"><div class=\"fusion-column-wrapper fusion-column-has-shadow fusion-flex-column-wrapper-legacy\"><div class=\"fusion-title title fusion-title-3 fusion-title-text fusion-title-size-three\"><h3 class=\"fusion-title-heading title-heading-left fusion-responsive-typography-calculated\" style=\"margin:0;text-transform:none;--fontSize:24;line-height:1.4;\">Verpakkingsgrootten<\/h3><span class=\"awb-title-spacer\"><\/span><div class=\"title-sep-container\"><div class=\"title-sep sep- sep-solid\" style=\"border-color:#e2e2e2;\"><\/div><\/div><\/div><div class=\"fusion-text fusion-text-2\" style=\"--awb-text-transform:none;\"><ul>\n<li>5 kg PE-bus<\/li>\n<li>10 kg PE-bus<\/li>\n<li>20 kg PE-bus<\/li>\n<\/ul>\n<\/div><div class=\"fusion-sep-clear\"><\/div><div class=\"fusion-separator fusion-full-width-sep\" style=\"margin-left: auto;margin-right: auto;margin-top:20px;width:100%;\"><\/div><div class=\"fusion-sep-clear\"><\/div><div class=\"fusion-button-wrapper\"><a class=\"fusion-button button-flat button-xlarge button-custom fusion-button-default button-1 fusion-button-default-span fusion-button-default-type\" style=\"--button_accent_color:#ffffff;--button_accent_hover_color:#ffffff;--button_border_hover_color:#ffffff;--button_gradient_top_color:#2a8fbd;--button_gradient_bottom_color:#2a8fbd;--button_gradient_top_color_hover:#087fb2;--button_gradient_bottom_color_hover:#087fb2;\" target=\"_blank\" rel=\"noopener noreferrer\" title=\"Download Specificatie\" aria-label=\"Download Specificatie\" href=\"https:\/\/www.glysofor.de\/wp-content\/uploads\/Glysofor-Fluidmarker-Specificatie-NL.pdf\"><span class=\"fusion-button-icon-divider button-icon-divider-left\"><i class=\"fa-file-pdf far awb-button__icon awb-button__icon--default\" aria-hidden=\"true\"><\/i><\/span><span class=\"fusion-button-text awb-button__text awb-button__text--default fusion-button-text-left\">Specificatie<\/span><\/a><\/div><div class=\"fusion-sep-clear\"><\/div><div class=\"fusion-separator fusion-full-width-sep\" style=\"margin-left: auto;margin-right: auto;margin-bottom:15px;width:100%;\"><\/div><div class=\"fusion-sep-clear\"><\/div><div class=\"fusion-text fusion-text-3\" style=\"--awb-text-transform:none;\"><p>De specifieke productkenmerken als PDF om te downloaden.<\/p>\n<\/div><div class=\"fusion-clearfix\"><\/div><\/div><\/div><div class=\"fusion-layout-column fusion_builder_column fusion-builder-column-3 fusion_builder_column_1_2 1_2 fusion-one-half fusion-column-last\" style=\"--awb-bg-size:cover;width:50%;width:calc(50% - ( ( 4% ) * 0.5 ) );\"><div class=\"fusion-column-wrapper fusion-column-has-shadow fusion-flex-column-wrapper-legacy\"><i class=\"fb-icon-element-1 fb-icon-element fontawesome-icon fa-fill-drip fas circle-no fusion-text-flow\" style=\"--awb-iconcolor:#2a8fbd;--awb-iconcolor-hover:#2a8fbd;--awb-font-size:32px;--awb-margin-right:16px;\"><\/i><div class=\"fusion-title title fusion-title-4 fusion-title-text fusion-title-size-three\"><h3 class=\"fusion-title-heading title-heading-left fusion-responsive-typography-calculated\" style=\"margin:0;text-transform:none;--fontSize:24;line-height:1.4;\">Toepassing<\/h3><span class=\"awb-title-spacer\"><\/span><div class=\"title-sep-container\"><div class=\"title-sep sep- sep-solid\" style=\"border-color:#e2e2e2;\"><\/div><\/div><\/div><div class=\"fusion-text fusion-text-4\" style=\"--awb-text-transform:none;\"><p>Nieuwe systemen worden voor ingebruikname gevuld met Glysofor Fluidmarker, waardoor lekken snel en gemakkelijk kunnen worden opgespoord door met een indicatielampje (UV-ledlamp) te schijnen.<\/p>\n<p>Glysofor Fluidmarker is zichtbaar onder UV-A straling of blauw licht en licht groen op.<\/p>\n<p>Warmte- of koudedragers zoals water of water-glycolmengsels hoeven niet te worden vervangen na toevoeging van Glysofor Fluidmarker. Glysofor Fluidmarker verandert de eigenschappen van de vloeistoffen niet.<\/p>\n<p>Het product is vrij van oplosmiddelen en garandeert, in tegenstelling tot additieven op basis van oplosmiddelen, geen chemische reacties en geen beschadiging of aantasting van het watercircuit of de werkingsvloeistof.<\/p>\n<\/div><div class=\"fusion-clearfix\"><\/div><\/div><\/div><\/div><\/div><div class=\"fusion-fullwidth fullwidth-box fusion-builder-row-3 nonhundred-percent-fullwidth non-hundred-percent-height-scrolling\" style=\"--awb-border-radius-top-left:0px;--awb-border-radius-top-right:0px;--awb-border-radius-bottom-right:0px;--awb-border-radius-bottom-left:0px;--awb-padding-top:40px;--awb-padding-bottom:0px;--awb-flex-wrap:wrap;\" ><div class=\"fusion-builder-row fusion-row\"><div class=\"fusion-layout-column fusion_builder_column fusion-builder-column-4 fusion_builder_column_1_1 1_1 fusion-one-full fusion-column-first fusion-column-last\" style=\"--awb-bg-size:cover;\"><div class=\"fusion-column-wrapper fusion-column-has-shadow fusion-flex-column-wrapper-legacy\"><div class=\"fusion-title title fusion-title-5 fusion-title-text fusion-title-size-three\"><h3 class=\"fusion-title-heading title-heading-left fusion-responsive-typography-calculated\" style=\"margin:0;text-transform:none;--fontSize:24;line-height:1.4;\">Verdere informatie<\/h3><span class=\"awb-title-spacer\"><\/span><div class=\"title-sep-container\"><div class=\"title-sep sep- sep-solid\" style=\"border-color:#e2e2e2;\"><\/div><\/div><\/div><div class=\"fusion-clearfix\"><\/div><\/div><\/div><div class=\"fusion-layout-column fusion_builder_column fusion-builder-column-5 fusion_builder_column_1_2 1_2 fusion-one-half fusion-column-first\" style=\"--awb-bg-size:cover;width:50%;width:calc(50% - ( ( 4% ) * 0.5 ) );margin-right: 4%;\"><div class=\"fusion-column-wrapper fusion-column-has-shadow fusion-flex-column-wrapper-legacy\"><div class=\"fusion-image-element in-legacy-container\" style=\"--awb-caption-title-font-family:var(--h2_typography-font-family);--awb-caption-title-font-weight:var(--h2_typography-font-weight);--awb-caption-title-font-style:var(--h2_typography-font-style);--awb-caption-title-size:var(--h2_typography-font-size);--awb-caption-title-transform:var(--h2_typography-text-transform);--awb-caption-title-line-height:var(--h2_typography-line-height);--awb-caption-title-letter-spacing:var(--h2_typography-letter-spacing);\"><span class=\" fusion-imageframe imageframe-none imageframe-2 hover-type-none\"><img decoding=\"async\" width=\"800\" height=\"290\" title=\"Leckagefl\u00fcssigkeit\" src=\"https:\/\/www.glysofor.de\/wp-content\/uploads\/images\/leckagefluessigkeit.jpg\" alt class=\"img-responsive wp-image-8737\" srcset=\"https:\/\/www.glysofor.de\/wp-content\/uploads\/images\/leckagefluessigkeit-200x73.jpg 200w, https:\/\/www.glysofor.de\/wp-content\/uploads\/images\/leckagefluessigkeit-400x145.jpg 400w, https:\/\/www.glysofor.de\/wp-content\/uploads\/images\/leckagefluessigkeit-600x218.jpg 600w, https:\/\/www.glysofor.de\/wp-content\/uploads\/images\/leckagefluessigkeit.jpg 800w\" sizes=\"(max-width: 800px) 100vw, 600px\" \/><\/span><\/div><div class=\"fusion-clearfix\"><\/div><\/div><\/div><div class=\"fusion-layout-column fusion_builder_column fusion-builder-column-6 fusion_builder_column_1_2 1_2 fusion-one-half fusion-column-last\" style=\"--awb-bg-size:cover;width:50%;width:calc(50% - ( ( 4% ) * 0.5 ) );\"><div class=\"fusion-column-wrapper fusion-column-has-shadow fusion-flex-column-wrapper-legacy\">\n<div class=\"table-1\">\n<table width=\"100%\">\n<thead>\n<tr class=\"bg-primary\">\n<th>Basis<\/th>\n<th>Fluorescerende kleurstof<\/th>\n<\/tr>\n<\/thead>\n<tbody>\n<tr>\n<th>Verschijning<\/th>\n<td>amber<\/td>\n<\/tr>\n<tr>\n<th>Geur<\/th>\n<td>karakteristiek<\/td>\n<\/tr>\n<tr>\n<th>Fysische toestand<\/th>\n<td>Vloeibaar<\/td>\n<\/tr>\n<tr>\n<th>Dosering<\/th>\n<td>0,1-0,5 % in water of water-glycolmengsels<\/td>\n<\/tr>\n<\/tbody>\n<\/table>\n<\/div>\n<div class=\"fusion-clearfix\"><\/div><\/div><\/div><\/div><\/div><div class=\"fusion-fullwidth fullwidth-box fusion-builder-row-4 nonhundred-percent-fullwidth non-hundred-percent-height-scrolling\" style=\"--awb-border-radius-top-left:0px;--awb-border-radius-top-right:0px;--awb-border-radius-bottom-right:0px;--awb-border-radius-bottom-left:0px;--awb-padding-top:0px;--awb-padding-bottom:40px;--awb-flex-wrap:wrap;\" ><div class=\"fusion-builder-row fusion-row\"><div class=\"fusion-layout-column fusion_builder_column fusion-builder-column-7 fusion_builder_column_1_1 1_1 fusion-one-full fusion-column-first fusion-column-last\" style=\"--awb-bg-size:cover;\"><div class=\"fusion-column-wrapper fusion-column-has-shadow fusion-flex-column-wrapper-legacy\"><div class=\"fusion-reading-box-container reading-box-container-1\" style=\"--awb-title-color:#333333;--awb-margin-top:30px;--awb-margin-bottom:30px;\"><div class=\"reading-box\" style=\"background-color:rgba(255,255,255,0);border-width:1px;border-color:#e2e2e2;border-left-width:3px;border-left-color:var(--primary_color);border-style:solid;\"><div class=\"reading-box-additional\">Deze gegevens dienen uitsluitend ter informatie en ontslaan u niet van de verplichting een behoorlijke inspectie van de inkomende goederen uit te voeren. De gegeven informatie is gebaseerd op de huidige stand van onze kennis en houdt geen garantie van bepaalde eigenschappen in. Ze is bedoeld om onze producten te beschrijven wat hun eigenschappen betreft en om hulp te bieden bij het gebruik. Eventuele eigendomsrechten van derden en de geschiktheid voor een specifieke toepassing moeten door de gebruiker in acht worden genomen en gecontroleerd.<\/div><div class=\"fusion-clearfix\"><\/div><\/div><\/div><div class=\"fusion-clearfix\"><\/div><\/div><\/div><\/div><\/div><div class=\"fusion-fullwidth fullwidth-box fusion-builder-row-5 fusion-parallax-none nonhundred-percent-fullwidth non-hundred-percent-height-scrolling\" style=\"--awb-background-position:center top;--awb-border-sizes-top:0px;--awb-border-sizes-bottom:0px;--awb-border-sizes-left:0px;--awb-border-sizes-right:0px;--awb-border-radius-top-left:0px;--awb-border-radius-top-right:0px;--awb-border-radius-bottom-right:0px;--awb-border-radius-bottom-left:0px;--awb-padding-top:40px;--awb-padding-bottom:40px;--awb-background-color:#2a8fbd;--awb-background-image:url(&quot;https:\/\/www.glysofor.de\/wp-content\/uploads\/images\/bg-anfrage.jpg&quot;);--awb-background-size:cover;--awb-flex-wrap:wrap;\" ><div class=\"fusion-builder-row fusion-row\"><div class=\"fusion-layout-column fusion_builder_column fusion-builder-column-8 fusion_builder_column_1_1 1_1 fusion-one-full fusion-column-first fusion-column-last fusion-column-no-min-height\" style=\"--awb-bg-size:cover;--awb-margin-bottom:0px;\"><div class=\"fusion-column-wrapper fusion-column-has-shadow fusion-flex-column-wrapper-legacy\"><div class=\"fusion-title title fusion-title-6 fusion-title-center fusion-title-text fusion-title-size-two\" style=\"--awb-text-color:#ffffff;--awb-margin-bottom:40px;\"><div class=\"title-sep-container title-sep-container-left\"><div class=\"title-sep sep- sep-solid\" style=\"border-color:#e2e2e2;\"><\/div><\/div><span class=\"awb-title-spacer\"><\/span><h2 class=\"fusion-title-heading title-heading-center fusion-responsive-typography-calculated\" style=\"margin:0;text-transform:none;--fontSize:40;line-height:1.3;\">Heeft u nog vragen?<\/h2><span class=\"awb-title-spacer\"><\/span><div class=\"title-sep-container title-sep-container-right\"><div class=\"title-sep sep- sep-solid\" style=\"border-color:#e2e2e2;\"><\/div><\/div><\/div><div class=\"fusion-title title fusion-title-7 fusion-title-center fusion-title-text fusion-title-size-four\" style=\"--awb-text-color:#ffffff;--awb-margin-bottom:40px;\"><div class=\"title-sep-container title-sep-container-left\"><div class=\"title-sep sep- sep-solid\" style=\"border-color:#e2e2e2;\"><\/div><\/div><span class=\"awb-title-spacer\"><\/span><h4 class=\"fusion-title-heading title-heading-center fusion-responsive-typography-calculated\" style=\"margin:0;text-transform:none;--fontSize:20;--minFontSize:20;line-height:1.2;\">Wij geven u graag gratis en vrijblijvend advies, zodat u het juiste product krijgt product voor uw toepassing.<\/h4><span class=\"awb-title-spacer\"><\/span><div class=\"title-sep-container title-sep-container-right\"><div class=\"title-sep sep- sep-solid\" style=\"border-color:#e2e2e2;\"><\/div><\/div><\/div><div class=\"fusion-aligncenter\"><a class=\"fusion-button button-flat button-xlarge button-custom fusion-button-default button-2 fusion-button-default-span fusion-animated\" style=\"--button_accent_color:rgba(255,255,255,.8);--button_border_color:rgba(255,255,255,.8);--button_accent_hover_color:#ffffff;--button_border_hover_color:#ffffff;--button_border_width-top:2px;--button_border_width-right:2px;--button_border_width-bottom:2px;--button_border_width-left:2px;--button_gradient_top_color:rgba(255,255,255,.1);--button_gradient_bottom_color:rgba(255,255,255,.1);--button_gradient_top_color_hover:rgba(255, 255, 255, 0.25);--button_gradient_bottom_color_hover:rgba(255, 255, 255, 0.25);\" data-animationType=\"fadeInUp\" data-animationDuration=\"1.0\" data-animationOffset=\"top-into-view\" target=\"_self\" href=\"\/nl\/contact\/\"><span class=\"fusion-button-text awb-button__text awb-button__text--default\">VRAAG EEN OFFERTE AAN<\/span><\/a><\/div><div class=\"fusion-clearfix\"><\/div><\/div><\/div><\/div><\/div><\/p>\n","protected":false},"excerpt":{"rendered":"","protected":false},"author":1,"featured_media":0,"parent":0,"menu_order":0,"comment_status":"closed","ping_status":"closed","template":"100-width.php","meta":{"footnotes":""},"class_list":["post-8736","page","type-page","status-publish","hentry"],"yoast_head":"<!-- This site is optimized with the Yoast SEO plugin v27.0 - https:\/\/yoast.com\/product\/yoast-seo-wordpress\/ -->\n<title>Glysofor Fluidmarker - Lekkende vloeistof zichtbaar onder UV of blauw licht<\/title>\n<meta name=\"description\" content=\"Fluorescerende lekdetectievloeistof voor het snel en nauwkeurig lokaliseren van koelmiddellekken in defecte of lekkende koelcircuits.\" \/>\n<meta name=\"robots\" content=\"index, follow, max-snippet:-1, max-image-preview:large, max-video-preview:-1\" \/>\n<link rel=\"canonical\" href=\"https:\/\/www.glysofor.de\/nl\/glysofor-fluidmarker\/\" \/>\n<meta property=\"og:locale\" content=\"nl_NL\" \/>\n<meta property=\"og:type\" content=\"article\" \/>\n<meta property=\"og:title\" content=\"Glysofor Fluidmarker - Lekkende vloeistof zichtbaar onder UV of blauw licht\" \/>\n<meta property=\"og:description\" content=\"Fluorescerende lekdetectievloeistof voor het snel en nauwkeurig lokaliseren van koelmiddellekken in defecte of lekkende koelcircuits.\" \/>\n<meta property=\"og:url\" content=\"https:\/\/www.glysofor.de\/nl\/glysofor-fluidmarker\/\" \/>\n<meta property=\"og:site_name\" content=\"Glysofor\" \/>\n<meta property=\"article:publisher\" content=\"https:\/\/www.facebook.com\/Glysofor\/\" \/>\n<meta property=\"article:modified_time\" content=\"2024-03-26T12:15:11+00:00\" \/>\n<meta name=\"twitter:card\" content=\"summary_large_image\" \/>\n<meta name=\"twitter:label1\" content=\"Geschatte leestijd\" \/>\n\t<meta name=\"twitter:data1\" content=\"10 minuten\" \/>\n<script type=\"application\/ld+json\" class=\"yoast-schema-graph\">{\"@context\":\"https:\/\/schema.org\",\"@graph\":[{\"@type\":\"WebPage\",\"@id\":\"https:\/\/www.glysofor.de\/nl\/glysofor-fluidmarker\/\",\"url\":\"https:\/\/www.glysofor.de\/nl\/glysofor-fluidmarker\/\",\"name\":\"Glysofor Fluidmarker - Lekkende vloeistof zichtbaar onder UV of blauw licht\",\"isPartOf\":{\"@id\":\"https:\/\/www.glysofor.de\/nl\/#website\"},\"datePublished\":\"2019-09-16T07:40:28+00:00\",\"dateModified\":\"2024-03-26T12:15:11+00:00\",\"description\":\"Fluorescerende lekdetectievloeistof voor het snel en nauwkeurig lokaliseren van koelmiddellekken in defecte of lekkende koelcircuits.\",\"breadcrumb\":{\"@id\":\"https:\/\/www.glysofor.de\/nl\/glysofor-fluidmarker\/#breadcrumb\"},\"inLanguage\":\"nl-NL\",\"potentialAction\":[{\"@type\":\"ReadAction\",\"target\":[\"https:\/\/www.glysofor.de\/nl\/glysofor-fluidmarker\/\"]}]},{\"@type\":\"BreadcrumbList\",\"@id\":\"https:\/\/www.glysofor.de\/nl\/glysofor-fluidmarker\/#breadcrumb\",\"itemListElement\":[{\"@type\":\"ListItem\",\"position\":1,\"name\":\"Startseite\",\"item\":\"https:\/\/www.glysofor.de\/nl\/\"},{\"@type\":\"ListItem\",\"position\":2,\"name\":\"Glysofor Fluidmarker\"}]},{\"@type\":\"WebSite\",\"@id\":\"https:\/\/www.glysofor.de\/nl\/#website\",\"url\":\"https:\/\/www.glysofor.de\/nl\/\",\"name\":\"Glysofor\",\"description\":\"Glykole f\u00fcr die K\u00e4lte-, Klima- und Heizungstechnik.\",\"publisher\":{\"@id\":\"https:\/\/www.glysofor.de\/nl\/#organization\"},\"potentialAction\":[{\"@type\":\"SearchAction\",\"target\":{\"@type\":\"EntryPoint\",\"urlTemplate\":\"https:\/\/www.glysofor.de\/nl\/?s={search_term_string}\"},\"query-input\":{\"@type\":\"PropertyValueSpecification\",\"valueRequired\":true,\"valueName\":\"search_term_string\"}}],\"inLanguage\":\"nl-NL\"},{\"@type\":\"Organization\",\"@id\":\"https:\/\/www.glysofor.de\/nl\/#organization\",\"name\":\"Glysofor - Glykole f\u00fcr die K\u00e4lte-, Klima- und Heizungstechnik\",\"url\":\"https:\/\/www.glysofor.de\/nl\/\",\"logo\":{\"@type\":\"ImageObject\",\"inLanguage\":\"nl-NL\",\"@id\":\"https:\/\/www.glysofor.de\/nl\/#\/schema\/logo\/image\/\",\"url\":\"https:\/\/www.glysofor.de\/wp-content\/uploads\/logo-glysofor.png\",\"contentUrl\":\"https:\/\/www.glysofor.de\/wp-content\/uploads\/logo-glysofor.png\",\"width\":800,\"height\":199,\"caption\":\"Glysofor - Glykole f\u00fcr die K\u00e4lte-, Klima- und Heizungstechnik\"},\"image\":{\"@id\":\"https:\/\/www.glysofor.de\/nl\/#\/schema\/logo\/image\/\"},\"sameAs\":[\"https:\/\/www.facebook.com\/Glysofor\/\",\"https:\/\/www.instagram.com\/glysofor\/\",\"https:\/\/www.youtube.com\/channel\/UCNeReuq7bqUGkWkm5vK63mQ\"]}]}<\/script>\n<!-- \/ Yoast SEO plugin. -->","yoast_head_json":{"title":"Glysofor Fluidmarker - Lekkende vloeistof zichtbaar onder UV of blauw licht","description":"Fluorescerende lekdetectievloeistof voor het snel en nauwkeurig lokaliseren van koelmiddellekken in defecte of lekkende koelcircuits.","robots":{"index":"index","follow":"follow","max-snippet":"max-snippet:-1","max-image-preview":"max-image-preview:large","max-video-preview":"max-video-preview:-1"},"canonical":"https:\/\/www.glysofor.de\/nl\/glysofor-fluidmarker\/","og_locale":"nl_NL","og_type":"article","og_title":"Glysofor Fluidmarker - Lekkende vloeistof zichtbaar onder UV of blauw licht","og_description":"Fluorescerende lekdetectievloeistof voor het snel en nauwkeurig lokaliseren van koelmiddellekken in defecte of lekkende koelcircuits.","og_url":"https:\/\/www.glysofor.de\/nl\/glysofor-fluidmarker\/","og_site_name":"Glysofor","article_publisher":"https:\/\/www.facebook.com\/Glysofor\/","article_modified_time":"2024-03-26T12:15:11+00:00","twitter_card":"summary_large_image","twitter_misc":{"Geschatte leestijd":"10 minuten"},"schema":{"@context":"https:\/\/schema.org","@graph":[{"@type":"WebPage","@id":"https:\/\/www.glysofor.de\/nl\/glysofor-fluidmarker\/","url":"https:\/\/www.glysofor.de\/nl\/glysofor-fluidmarker\/","name":"Glysofor Fluidmarker - Lekkende vloeistof zichtbaar onder UV of blauw licht","isPartOf":{"@id":"https:\/\/www.glysofor.de\/nl\/#website"},"datePublished":"2019-09-16T07:40:28+00:00","dateModified":"2024-03-26T12:15:11+00:00","description":"Fluorescerende lekdetectievloeistof voor het snel en nauwkeurig lokaliseren van koelmiddellekken in defecte of lekkende koelcircuits.","breadcrumb":{"@id":"https:\/\/www.glysofor.de\/nl\/glysofor-fluidmarker\/#breadcrumb"},"inLanguage":"nl-NL","potentialAction":[{"@type":"ReadAction","target":["https:\/\/www.glysofor.de\/nl\/glysofor-fluidmarker\/"]}]},{"@type":"BreadcrumbList","@id":"https:\/\/www.glysofor.de\/nl\/glysofor-fluidmarker\/#breadcrumb","itemListElement":[{"@type":"ListItem","position":1,"name":"Startseite","item":"https:\/\/www.glysofor.de\/nl\/"},{"@type":"ListItem","position":2,"name":"Glysofor Fluidmarker"}]},{"@type":"WebSite","@id":"https:\/\/www.glysofor.de\/nl\/#website","url":"https:\/\/www.glysofor.de\/nl\/","name":"Glysofor","description":"Glykole f\u00fcr die K\u00e4lte-, Klima- und Heizungstechnik.","publisher":{"@id":"https:\/\/www.glysofor.de\/nl\/#organization"},"potentialAction":[{"@type":"SearchAction","target":{"@type":"EntryPoint","urlTemplate":"https:\/\/www.glysofor.de\/nl\/?s={search_term_string}"},"query-input":{"@type":"PropertyValueSpecification","valueRequired":true,"valueName":"search_term_string"}}],"inLanguage":"nl-NL"},{"@type":"Organization","@id":"https:\/\/www.glysofor.de\/nl\/#organization","name":"Glysofor - Glykole f\u00fcr die K\u00e4lte-, Klima- und Heizungstechnik","url":"https:\/\/www.glysofor.de\/nl\/","logo":{"@type":"ImageObject","inLanguage":"nl-NL","@id":"https:\/\/www.glysofor.de\/nl\/#\/schema\/logo\/image\/","url":"https:\/\/www.glysofor.de\/wp-content\/uploads\/logo-glysofor.png","contentUrl":"https:\/\/www.glysofor.de\/wp-content\/uploads\/logo-glysofor.png","width":800,"height":199,"caption":"Glysofor - Glykole f\u00fcr die K\u00e4lte-, Klima- und Heizungstechnik"},"image":{"@id":"https:\/\/www.glysofor.de\/nl\/#\/schema\/logo\/image\/"},"sameAs":["https:\/\/www.facebook.com\/Glysofor\/","https:\/\/www.instagram.com\/glysofor\/","https:\/\/www.youtube.com\/channel\/UCNeReuq7bqUGkWkm5vK63mQ"]}]}},"_links":{"self":[{"href":"https:\/\/www.glysofor.de\/nl\/wp-json\/wp\/v2\/pages\/8736","targetHints":{"allow":["GET"]}}],"collection":[{"href":"https:\/\/www.glysofor.de\/nl\/wp-json\/wp\/v2\/pages"}],"about":[{"href":"https:\/\/www.glysofor.de\/nl\/wp-json\/wp\/v2\/types\/page"}],"author":[{"embeddable":true,"href":"https:\/\/www.glysofor.de\/nl\/wp-json\/wp\/v2\/users\/1"}],"replies":[{"embeddable":true,"href":"https:\/\/www.glysofor.de\/nl\/wp-json\/wp\/v2\/comments?post=8736"}],"version-history":[{"count":4,"href":"https:\/\/www.glysofor.de\/nl\/wp-json\/wp\/v2\/pages\/8736\/revisions"}],"predecessor-version":[{"id":10897,"href":"https:\/\/www.glysofor.de\/nl\/wp-json\/wp\/v2\/pages\/8736\/revisions\/10897"}],"wp:attachment":[{"href":"https:\/\/www.glysofor.de\/nl\/wp-json\/wp\/v2\/media?parent=8736"}],"curies":[{"name":"wp","href":"https:\/\/api.w.org\/{rel}","templated":true}]}}