{"id":5427,"date":"2019-09-23T14:16:17","date_gmt":"2019-09-23T14:16:17","guid":{"rendered":"http:\/\/glysofor.cool\/?page_id=5427"},"modified":"2022-02-25T09:52:45","modified_gmt":"2022-02-25T09:52:45","slug":"panoramica-dei-vantaggi","status":"publish","type":"page","link":"https:\/\/www.glysofor.de\/it\/panoramica-dei-vantaggi\/","title":{"rendered":"Panoramica dei vantaggi"},"content":{"rendered":"<p><div class=\"fusion-fullwidth fullwidth-box fusion-builder-row-1 nonhundred-percent-fullwidth non-hundred-percent-height-scrolling\" style=\"--awb-border-radius-top-left:0px;--awb-border-radius-top-right:0px;--awb-border-radius-bottom-right:0px;--awb-border-radius-bottom-left:0px;--awb-padding-top:40px;--awb-padding-bottom:40px;--awb-flex-wrap:wrap;\" ><div class=\"fusion-builder-row fusion-row\"><div class=\"fusion-layout-column fusion_builder_column fusion-builder-column-0 fusion_builder_column_1_4 1_4 fusion-one-fourth fusion-column-first\" style=\"--awb-padding-right:10px;--awb-bg-size:cover;--awb-border-color:#ededed;--awb-border-right:1px;--awb-border-style:solid;--awb-margin-top:10px;width:25%;width:calc(25% - ( ( 4% ) * 0.25 ) );margin-right: 4%;\"><div class=\"fusion-column-wrapper fusion-column-has-shadow fusion-flex-column-wrapper-legacy\"><div class=\"fusion-title title fusion-title-1 fusion-title-text fusion-title-size-four\"><h4 class=\"fusion-title-heading title-heading-left fusion-responsive-typography-calculated\" style=\"margin:0;--fontSize:20;--minFontSize:20;line-height:1.2;\">Prodotti consigliati<\/h4><span class=\"awb-title-spacer\"><\/span><div class=\"title-sep-container\"><div class=\"title-sep sep- sep-solid\" style=\"border-color:#e2e2e2;\"><\/div><\/div><\/div><div class=\"fusion-builder-row fusion-builder-row-inner fusion-row\"><div class=\"fusion-layout-column fusion_builder_column_inner fusion-builder-nested-column-0 fusion_builder_column_inner_1_3 1_3 fusion-one-third fusion-column-first\" style=\"--awb-bg-size:cover;width:33.333333333333%;width:calc(33.333333333333% - ( ( 4% ) * 0.33333333333333 ) );margin-right: 4%;\"><div class=\"fusion-column-wrapper fusion-column-has-shadow fusion-flex-column-wrapper-legacy\"><div class=\"fusion-image-element in-legacy-container\" style=\"--awb-caption-title-font-family:var(--h2_typography-font-family);--awb-caption-title-font-weight:var(--h2_typography-font-weight);--awb-caption-title-font-style:var(--h2_typography-font-style);--awb-caption-title-size:var(--h2_typography-font-size);--awb-caption-title-transform:var(--h2_typography-text-transform);--awb-caption-title-line-height:var(--h2_typography-line-height);--awb-caption-title-letter-spacing:var(--h2_typography-letter-spacing);\"><span class=\" fusion-imageframe imageframe-none imageframe-1 hover-type-none\"><a class=\"fusion-no-lightbox\" href=\"\/it\/glysofor-n\/\" target=\"_self\" aria-label=\"glysofor-n-small\"><img decoding=\"async\" width=\"300\" height=\"453\" alt=\"Glysofor N \u2013 Ethylenglykol Frostschutzmittel f\u00fcr Heizungsanlagen und K\u00fchlsysteme\" src=\"https:\/\/www.glysofor.de\/wp-content\/uploads\/images\/glysofor-n-small.jpg\" class=\"img-responsive wp-image-4919\" srcset=\"https:\/\/www.glysofor.de\/wp-content\/uploads\/images\/glysofor-n-small-200x302.jpg 200w, https:\/\/www.glysofor.de\/wp-content\/uploads\/images\/glysofor-n-small.jpg 300w\" sizes=\"(max-width: 800px) 100vw, 300px\" \/><\/a><\/span><\/div><div class=\"fusion-clearfix\"><\/div><\/div><\/div><div class=\"fusion-layout-column fusion_builder_column_inner fusion-builder-nested-column-1 fusion_builder_column_inner_2_3 2_3 fusion-two-third fusion-column-last\" style=\"--awb-bg-size:cover;width:66.666666666667%;width:calc(66.666666666667% - ( ( 4% ) * 0.66666666666667 ) );\"><div class=\"fusion-column-wrapper fusion-column-has-shadow fusion-flex-column-wrapper-legacy\"><div class=\"fusion-text fusion-text-1\"><p><a href=\"\/it\/glysofor-n\/\"><strong>Glysofor N<br \/>\n<\/strong><\/a><span class=\"small\">Concentrato antigelo a base di glicole monoetilenico<\/span><\/p>\n<\/div><div class=\"fusion-clearfix\"><\/div><\/div><\/div><\/div><div class=\"fusion-builder-row fusion-builder-row-inner fusion-row\"><div class=\"fusion-layout-column fusion_builder_column_inner fusion-builder-nested-column-2 fusion_builder_column_inner_1_3 1_3 fusion-one-third fusion-column-first\" style=\"--awb-bg-size:cover;width:33.333333333333%;width:calc(33.333333333333% - ( ( 4% ) * 0.33333333333333 ) );margin-right: 4%;\"><div class=\"fusion-column-wrapper fusion-column-has-shadow fusion-flex-column-wrapper-legacy\"><div class=\"fusion-image-element in-legacy-container\" style=\"--awb-caption-title-font-family:var(--h2_typography-font-family);--awb-caption-title-font-weight:var(--h2_typography-font-weight);--awb-caption-title-font-style:var(--h2_typography-font-style);--awb-caption-title-size:var(--h2_typography-font-size);--awb-caption-title-transform:var(--h2_typography-text-transform);--awb-caption-title-line-height:var(--h2_typography-line-height);--awb-caption-title-letter-spacing:var(--h2_typography-letter-spacing);\"><span class=\" fusion-imageframe imageframe-none imageframe-2 hover-type-none\"><a class=\"fusion-no-lightbox\" href=\"\/it\/glysofor-l\/\" target=\"_self\" aria-label=\"glysofor-l-small\"><img decoding=\"async\" width=\"300\" height=\"453\" alt=\"Lebensmittel Glykol Glysofor L \u2013 Propylenglykol f\u00fcr lebensmittelnahe Anwendungen\" src=\"https:\/\/www.glysofor.de\/wp-content\/uploads\/images\/glysofor-l-small.jpg\" class=\"img-responsive wp-image-4915\" srcset=\"https:\/\/www.glysofor.de\/wp-content\/uploads\/images\/glysofor-l-small-200x302.jpg 200w, https:\/\/www.glysofor.de\/wp-content\/uploads\/images\/glysofor-l-small.jpg 300w\" sizes=\"(max-width: 800px) 100vw, 300px\" \/><\/a><\/span><\/div><div class=\"fusion-clearfix\"><\/div><\/div><\/div><div class=\"fusion-layout-column fusion_builder_column_inner fusion-builder-nested-column-3 fusion_builder_column_inner_2_3 2_3 fusion-two-third fusion-column-last\" style=\"--awb-bg-size:cover;width:66.666666666667%;width:calc(66.666666666667% - ( ( 4% ) * 0.66666666666667 ) );\"><div class=\"fusion-column-wrapper fusion-column-has-shadow fusion-flex-column-wrapper-legacy\"><div class=\"fusion-text fusion-text-2\"><p><a href=\"\/it\/glysofor-l\/\"><strong>Glysofor L<br \/>\n<\/strong><\/a><span class=\"small\">Concentrato antigelo a base di glicole propilenico<\/span><\/p>\n<\/div><div class=\"fusion-clearfix\"><\/div><\/div><\/div><\/div><div class=\"fusion-clearfix\"><\/div><\/div><\/div><div class=\"fusion-layout-column fusion_builder_column fusion-builder-column-1 fusion_builder_column_3_4 3_4 fusion-three-fourth fusion-column-last\" style=\"--awb-bg-size:cover;width:75%;width:calc(75% - ( ( 4% ) * 0.75 ) );\"><div class=\"fusion-column-wrapper fusion-column-has-shadow fusion-flex-column-wrapper-legacy\"><div class=\"fusion-title title fusion-title-2 fusion-title-text fusion-title-size-two\"><h2 class=\"fusion-title-heading title-heading-left fusion-responsive-typography-calculated\" style=\"margin:0;--fontSize:40;line-height:1.3;\">I concentrati Glysofor offrono una serie di vantaggi, rispetto ad altre tecnologie, nei processi di raffreddamento.<\/h2><span class=\"awb-title-spacer\"><\/span><div class=\"title-sep-container\"><div class=\"title-sep sep- sep-solid\" style=\"border-color:#e2e2e2;\"><\/div><\/div><\/div><div class=\"fusion-title title fusion-title-3 fusion-title-text fusion-title-size-three\"><h3 class=\"fusion-title-heading title-heading-left fusion-responsive-typography-calculated\" style=\"margin:0;--fontSize:24;line-height:1.4;\">Nei processi di raffreddamento, congelamento e sbrinamento \u00e8 decisivo assicurare un funzionamento sempre affidabile dell&#8217;impianto perch\u00e9 i guasti potrebbero anche causare il deterioramento degli alimenti o addirittura il danneggiamento dello stesso impianto e delle macchine di produzione.<\/h3><span class=\"awb-title-spacer\"><\/span><div class=\"title-sep-container\"><div class=\"title-sep sep- sep-solid\" style=\"border-color:#e2e2e2;\"><\/div><\/div><\/div><div class=\"fusion-text fusion-text-3\"><p>L&#8217;utilizzo di Glysofor N o Glysofor L offre dei vantaggi decisivi nei processi di raffreddamento, rispetto ad altre tecnologie.<\/p>\n<\/div><div class=\"fusion-title title fusion-title-4 fusion-title-text fusion-title-size-four\" style=\"--awb-margin-top:40px;--awb-margin-bottom:20px;\"><h4 class=\"fusion-title-heading title-heading-left fusion-responsive-typography-calculated\" style=\"margin:0;--fontSize:20;--minFontSize:20;line-height:1.2;\">Acqua<\/h4><span class=\"awb-title-spacer\"><\/span><div class=\"title-sep-container\"><div class=\"title-sep sep- sep-solid\" style=\"border-color:#e2e2e2;\"><\/div><\/div><\/div><div class=\"fusion-text fusion-text-4\"><p>L&#8217;acqua \u00e8 utilizzabile a temperature &gt;1 \u00b0C ma non \u00e8 adatta per molti processi di raffreddamento e, in particolare, di congelamento. Rispetto all&#8217;acqua pura Glysofor ha il vantaggio di restare liquido ed efficiente fino a temperature di -50 \u00b0C. Perci\u00f2 Glysofor pu\u00f2 essere usato in un intervallo di temperature molto ampio. Ci\u00f2 migliora in modo decisivo la flessibilit\u00e0, specialmente in caso di variazioni temporanee della temperatura. Glysofor permette di abbreviare notevolmente i tempi di raffreddamento, cos che nei processi di produzione pu\u00f2 contribuire ad aumentare la produttivit\u00e0.<\/p>\n<\/div><div class=\"fusion-title title fusion-title-5 fusion-title-text fusion-title-size-four\" style=\"--awb-margin-top:40px;--awb-margin-bottom:20px;\"><h4 class=\"fusion-title-heading title-heading-left fusion-responsive-typography-calculated\" style=\"margin:0;--fontSize:20;--minFontSize:20;line-height:1.2;\">Sali<\/h4><span class=\"awb-title-spacer\"><\/span><div class=\"title-sep-container\"><div class=\"title-sep sep- sep-solid\" style=\"border-color:#e2e2e2;\"><\/div><\/div><\/div><div class=\"fusion-text fusion-text-5\"><p>I composti a base di sali presentano un punto di congelamento chiaramente inferiore, anche se le soluzioni saline sono corrosive per i metalli. Quasi tutti i metalli presenti negli impianti di raffreddamento e congelamento sono aggrediti dalle soluzioni saline. Per questo motivo le soluzioni saline non sono generalmente utilizzabili nella maggior parte degli impianti. I prodotti Glysofor, al contrario, sono dotati di un moderno complesso di inibitori che protegge in modo ottimale e duraturo tutti i metalli pi\u00f9 comuni contro la corrosione. Ci\u00f2 consente un funzionamento economico e con ridotta manutenzione degli impianti di raffreddamento.<\/p>\n<\/div><div class=\"fusion-title title fusion-title-6 fusion-title-text fusion-title-size-four\" style=\"--awb-margin-top:40px;--awb-margin-bottom:20px;\"><h4 class=\"fusion-title-heading title-heading-left fusion-responsive-typography-calculated\" style=\"margin:0;--fontSize:20;--minFontSize:20;line-height:1.2;\">Alcoli<\/h4><span class=\"awb-title-spacer\"><\/span><div class=\"title-sep-container\"><div class=\"title-sep sep- sep-solid\" style=\"border-color:#e2e2e2;\"><\/div><\/div><\/div><div class=\"fusion-text fusion-text-6\"><p>Un&#8217;ulteriore variante per garantire la protezione antigelo nei processi di raffreddamento e sbrinamento consiste nell&#8217;utilizzo degli alcoli. I prodotti a base di alcol contengono generalmente etanolo o isopropanolo. Gli svantaggi di queste varianti di prodotti sono ben visibili. Gli alcoli sono leggermente volatili e infiammabili, cosa che pu\u00f2 renderne problematica la manipolazione cos\u00ec come il funzionamento dell&#8217;impianto. Glysofor, invece, non \u00e8 n\u00e9 volatile n\u00e9 infiammabile durante l&#8217;uso. In particolare, Glysofor L non presenta alcuna delle attuali limitazioni di legge tipiche dei materiali pericolosi.<\/p>\n<\/div><div class=\"fusion-title title fusion-title-7 fusion-title-text fusion-title-size-four\" style=\"--awb-margin-top:40px;--awb-margin-bottom:20px;\"><h4 class=\"fusion-title-heading title-heading-left fusion-responsive-typography-calculated\" style=\"margin:0;--fontSize:20;--minFontSize:20;line-height:1.2;\">Altre tecnologie<\/h4><span class=\"awb-title-spacer\"><\/span><div class=\"title-sep-container\"><div class=\"title-sep sep- sep-solid\" style=\"border-color:#e2e2e2;\"><\/div><\/div><\/div><div class=\"fusion-text fusion-text-7\"><p>Esistono numerosi altri processi sbrinamento, per es. mediante l&#8217;uso di acqua o gas riscaldati o corrente elettrica a scopo di riscaldamento. Lo svantaggio di queste procedure \u00e8 l&#8217;elevato consumo di energia che le rende chiaramente antieconomiche rispetto a Glysofor.<br \/>\nIn fin dei conti i prodotti Glysofor N e Glysofor L offrono tutti i vantaggi rilevanti per un funzionamento affidabile del sistema e un servizio sempre economico dell&#8217;impianto.<\/p>\n<\/div><div class=\"fusion-clearfix\"><\/div><\/div><\/div><\/div><\/div><div class=\"fusion-fullwidth fullwidth-box fusion-builder-row-2 fusion-parallax-none nonhundred-percent-fullwidth non-hundred-percent-height-scrolling\" style=\"--awb-background-position:center top;--awb-border-sizes-top:0px;--awb-border-sizes-bottom:0px;--awb-border-sizes-left:0px;--awb-border-sizes-right:0px;--awb-border-radius-top-left:0px;--awb-border-radius-top-right:0px;--awb-border-radius-bottom-right:0px;--awb-border-radius-bottom-left:0px;--awb-padding-top:40px;--awb-padding-bottom:40px;--awb-background-color:#2a8fbd;--awb-background-image:url(&quot;https:\/\/www.glysofor.de\/wp-content\/uploads\/images\/bg-anfrage.jpg&quot;);--awb-background-size:cover;--awb-flex-wrap:wrap;\" ><div class=\"fusion-builder-row fusion-row\"><div class=\"fusion-layout-column fusion_builder_column fusion-builder-column-2 fusion_builder_column_1_1 1_1 fusion-one-full fusion-column-first fusion-column-last fusion-column-no-min-height\" style=\"--awb-bg-size:cover;--awb-margin-bottom:0px;\"><div class=\"fusion-column-wrapper fusion-column-has-shadow fusion-flex-column-wrapper-legacy\"><div class=\"fusion-title title fusion-title-8 fusion-title-center fusion-title-text fusion-title-size-two\" style=\"--awb-text-color:#ffffff;--awb-margin-bottom:40px;\"><div class=\"title-sep-container title-sep-container-left\"><div class=\"title-sep sep- sep-solid\" style=\"border-color:#e2e2e2;\"><\/div><\/div><span class=\"awb-title-spacer\"><\/span><h2 class=\"fusion-title-heading title-heading-center fusion-responsive-typography-calculated\" style=\"margin:0;--fontSize:40;line-height:1.3;\">Avete domande?<\/h2><span class=\"awb-title-spacer\"><\/span><div class=\"title-sep-container title-sep-container-right\"><div class=\"title-sep sep- sep-solid\" style=\"border-color:#e2e2e2;\"><\/div><\/div><\/div><div class=\"fusion-title title fusion-title-9 fusion-title-center fusion-title-text fusion-title-size-four\" style=\"--awb-text-color:#ffffff;--awb-margin-bottom:40px;\"><div class=\"title-sep-container title-sep-container-left\"><div class=\"title-sep sep- sep-solid\" style=\"border-color:#e2e2e2;\"><\/div><\/div><span class=\"awb-title-spacer\"><\/span><h4 class=\"fusion-title-heading title-heading-center fusion-responsive-typography-calculated\" style=\"margin:0;--fontSize:20;--minFontSize:20;line-height:1.2;\">Saremo lieti di offrirvi la nostra consulenza gratuitamente e senza alcun impegno per<br \/>\ntrovare il prodotto adatto per il vostro scopo applicativo.<\/h4><span class=\"awb-title-spacer\"><\/span><div class=\"title-sep-container title-sep-container-right\"><div class=\"title-sep sep- sep-solid\" style=\"border-color:#e2e2e2;\"><\/div><\/div><\/div><div class=\"fusion-aligncenter\"><a class=\"fusion-button button-flat button-xlarge button-custom fusion-button-default button-1 fusion-button-default-span fusion-animated\" style=\"--button_accent_color:rgba(255,255,255,.8);--button_border_color:rgba(255,255,255,.8);--button_accent_hover_color:#ffffff;--button_border_hover_color:#ffffff;--button_border_width-top:2px;--button_border_width-right:2px;--button_border_width-bottom:2px;--button_border_width-left:2px;--button_gradient_top_color:rgba(255,255,255,.1);--button_gradient_bottom_color:rgba(255,255,255,.1);--button_gradient_top_color_hover:rgba(255, 255, 255, 0.25);--button_gradient_bottom_color_hover:rgba(255, 255, 255, 0.25);\" data-animationType=\"fadeInUp\" data-animationDuration=\"1.0\" data-animationOffset=\"top-into-view\" target=\"_self\" href=\"\/it\/contatti\/\"><span class=\"fusion-button-text awb-button__text awb-button__text--default\">Domande<\/span><\/a><\/div><div class=\"fusion-clearfix\"><\/div><\/div><\/div><\/div><\/div><\/p>\n","protected":false},"excerpt":{"rendered":"","protected":false},"author":1,"featured_media":0,"parent":0,"menu_order":0,"comment_status":"closed","ping_status":"closed","template":"100-width.php","meta":{"footnotes":""},"class_list":["post-5427","page","type-page","status-publish","hentry"],"yoast_head":"<!-- This site is optimized with the Yoast SEO plugin v27.0 - https:\/\/yoast.com\/product\/yoast-seo-wordpress\/ -->\n<title>Vantaggi delle miscele acqua-glicole nella tecnologia della refrigerazione<\/title>\n<meta name=\"description\" content=\"I concentrati di Glysofor offrono una serie di vantaggi rispetto ad altre tecnologie nei processi di raffreddamento, congelamento e sbrinamento.\" \/>\n<meta name=\"robots\" content=\"index, follow, max-snippet:-1, max-image-preview:large, max-video-preview:-1\" \/>\n<link rel=\"canonical\" href=\"https:\/\/www.glysofor.de\/it\/panoramica-dei-vantaggi\/\" \/>\n<meta property=\"og:locale\" content=\"it_IT\" \/>\n<meta property=\"og:type\" content=\"article\" \/>\n<meta property=\"og:title\" content=\"Vantaggi delle miscele acqua-glicole nella tecnologia della refrigerazione\" \/>\n<meta property=\"og:description\" content=\"I concentrati di Glysofor offrono una serie di vantaggi rispetto ad altre tecnologie nei processi di raffreddamento, congelamento e sbrinamento.\" \/>\n<meta property=\"og:url\" content=\"https:\/\/www.glysofor.de\/it\/panoramica-dei-vantaggi\/\" \/>\n<meta property=\"og:site_name\" content=\"Glysofor\" \/>\n<meta property=\"article:publisher\" content=\"https:\/\/www.facebook.com\/Glysofor\/\" \/>\n<meta property=\"article:modified_time\" content=\"2022-02-25T09:52:45+00:00\" \/>\n<meta name=\"twitter:card\" content=\"summary_large_image\" \/>\n<meta name=\"twitter:label1\" content=\"Tempo di lettura stimato\" \/>\n\t<meta name=\"twitter:data1\" content=\"7 minuti\" \/>\n<script type=\"application\/ld+json\" class=\"yoast-schema-graph\">{\"@context\":\"https:\/\/schema.org\",\"@graph\":[{\"@type\":\"WebPage\",\"@id\":\"https:\/\/www.glysofor.de\/it\/panoramica-dei-vantaggi\/\",\"url\":\"https:\/\/www.glysofor.de\/it\/panoramica-dei-vantaggi\/\",\"name\":\"Vantaggi delle miscele acqua-glicole nella tecnologia della refrigerazione\",\"isPartOf\":{\"@id\":\"https:\/\/www.glysofor.de\/it\/#website\"},\"datePublished\":\"2019-09-23T14:16:17+00:00\",\"dateModified\":\"2022-02-25T09:52:45+00:00\",\"description\":\"I concentrati di Glysofor offrono una serie di vantaggi rispetto ad altre tecnologie nei processi di raffreddamento, congelamento e sbrinamento.\",\"breadcrumb\":{\"@id\":\"https:\/\/www.glysofor.de\/it\/panoramica-dei-vantaggi\/#breadcrumb\"},\"inLanguage\":\"it-IT\",\"potentialAction\":[{\"@type\":\"ReadAction\",\"target\":[\"https:\/\/www.glysofor.de\/it\/panoramica-dei-vantaggi\/\"]}]},{\"@type\":\"BreadcrumbList\",\"@id\":\"https:\/\/www.glysofor.de\/it\/panoramica-dei-vantaggi\/#breadcrumb\",\"itemListElement\":[{\"@type\":\"ListItem\",\"position\":1,\"name\":\"Startseite\",\"item\":\"https:\/\/www.glysofor.de\/it\/home\/\"},{\"@type\":\"ListItem\",\"position\":2,\"name\":\"Panoramica dei vantaggi\"}]},{\"@type\":\"WebSite\",\"@id\":\"https:\/\/www.glysofor.de\/it\/#website\",\"url\":\"https:\/\/www.glysofor.de\/it\/\",\"name\":\"Glysofor\",\"description\":\"Glykole f\u00fcr die K\u00e4lte-, Klima- und Heizungstechnik.\",\"publisher\":{\"@id\":\"https:\/\/www.glysofor.de\/it\/#organization\"},\"potentialAction\":[{\"@type\":\"SearchAction\",\"target\":{\"@type\":\"EntryPoint\",\"urlTemplate\":\"https:\/\/www.glysofor.de\/it\/?s={search_term_string}\"},\"query-input\":{\"@type\":\"PropertyValueSpecification\",\"valueRequired\":true,\"valueName\":\"search_term_string\"}}],\"inLanguage\":\"it-IT\"},{\"@type\":\"Organization\",\"@id\":\"https:\/\/www.glysofor.de\/it\/#organization\",\"name\":\"Glysofor - Glykole f\u00fcr die K\u00e4lte-, Klima- und Heizungstechnik\",\"url\":\"https:\/\/www.glysofor.de\/it\/\",\"logo\":{\"@type\":\"ImageObject\",\"inLanguage\":\"it-IT\",\"@id\":\"https:\/\/www.glysofor.de\/it\/#\/schema\/logo\/image\/\",\"url\":\"https:\/\/www.glysofor.de\/wp-content\/uploads\/logo-glysofor.png\",\"contentUrl\":\"https:\/\/www.glysofor.de\/wp-content\/uploads\/logo-glysofor.png\",\"width\":800,\"height\":199,\"caption\":\"Glysofor - Glykole f\u00fcr die K\u00e4lte-, Klima- und Heizungstechnik\"},\"image\":{\"@id\":\"https:\/\/www.glysofor.de\/it\/#\/schema\/logo\/image\/\"},\"sameAs\":[\"https:\/\/www.facebook.com\/Glysofor\/\",\"https:\/\/www.instagram.com\/glysofor\/\",\"https:\/\/www.youtube.com\/channel\/UCNeReuq7bqUGkWkm5vK63mQ\"]}]}<\/script>\n<!-- \/ Yoast SEO plugin. -->","yoast_head_json":{"title":"Vantaggi delle miscele acqua-glicole nella tecnologia della refrigerazione","description":"I concentrati di Glysofor offrono una serie di vantaggi rispetto ad altre tecnologie nei processi di raffreddamento, congelamento e sbrinamento.","robots":{"index":"index","follow":"follow","max-snippet":"max-snippet:-1","max-image-preview":"max-image-preview:large","max-video-preview":"max-video-preview:-1"},"canonical":"https:\/\/www.glysofor.de\/it\/panoramica-dei-vantaggi\/","og_locale":"it_IT","og_type":"article","og_title":"Vantaggi delle miscele acqua-glicole nella tecnologia della refrigerazione","og_description":"I concentrati di Glysofor offrono una serie di vantaggi rispetto ad altre tecnologie nei processi di raffreddamento, congelamento e sbrinamento.","og_url":"https:\/\/www.glysofor.de\/it\/panoramica-dei-vantaggi\/","og_site_name":"Glysofor","article_publisher":"https:\/\/www.facebook.com\/Glysofor\/","article_modified_time":"2022-02-25T09:52:45+00:00","twitter_card":"summary_large_image","twitter_misc":{"Tempo di lettura stimato":"7 minuti"},"schema":{"@context":"https:\/\/schema.org","@graph":[{"@type":"WebPage","@id":"https:\/\/www.glysofor.de\/it\/panoramica-dei-vantaggi\/","url":"https:\/\/www.glysofor.de\/it\/panoramica-dei-vantaggi\/","name":"Vantaggi delle miscele acqua-glicole nella tecnologia della refrigerazione","isPartOf":{"@id":"https:\/\/www.glysofor.de\/it\/#website"},"datePublished":"2019-09-23T14:16:17+00:00","dateModified":"2022-02-25T09:52:45+00:00","description":"I concentrati di Glysofor offrono una serie di vantaggi rispetto ad altre tecnologie nei processi di raffreddamento, congelamento e sbrinamento.","breadcrumb":{"@id":"https:\/\/www.glysofor.de\/it\/panoramica-dei-vantaggi\/#breadcrumb"},"inLanguage":"it-IT","potentialAction":[{"@type":"ReadAction","target":["https:\/\/www.glysofor.de\/it\/panoramica-dei-vantaggi\/"]}]},{"@type":"BreadcrumbList","@id":"https:\/\/www.glysofor.de\/it\/panoramica-dei-vantaggi\/#breadcrumb","itemListElement":[{"@type":"ListItem","position":1,"name":"Startseite","item":"https:\/\/www.glysofor.de\/it\/home\/"},{"@type":"ListItem","position":2,"name":"Panoramica dei vantaggi"}]},{"@type":"WebSite","@id":"https:\/\/www.glysofor.de\/it\/#website","url":"https:\/\/www.glysofor.de\/it\/","name":"Glysofor","description":"Glykole f\u00fcr die K\u00e4lte-, Klima- und Heizungstechnik.","publisher":{"@id":"https:\/\/www.glysofor.de\/it\/#organization"},"potentialAction":[{"@type":"SearchAction","target":{"@type":"EntryPoint","urlTemplate":"https:\/\/www.glysofor.de\/it\/?s={search_term_string}"},"query-input":{"@type":"PropertyValueSpecification","valueRequired":true,"valueName":"search_term_string"}}],"inLanguage":"it-IT"},{"@type":"Organization","@id":"https:\/\/www.glysofor.de\/it\/#organization","name":"Glysofor - Glykole f\u00fcr die K\u00e4lte-, Klima- und Heizungstechnik","url":"https:\/\/www.glysofor.de\/it\/","logo":{"@type":"ImageObject","inLanguage":"it-IT","@id":"https:\/\/www.glysofor.de\/it\/#\/schema\/logo\/image\/","url":"https:\/\/www.glysofor.de\/wp-content\/uploads\/logo-glysofor.png","contentUrl":"https:\/\/www.glysofor.de\/wp-content\/uploads\/logo-glysofor.png","width":800,"height":199,"caption":"Glysofor - Glykole f\u00fcr die K\u00e4lte-, Klima- und Heizungstechnik"},"image":{"@id":"https:\/\/www.glysofor.de\/it\/#\/schema\/logo\/image\/"},"sameAs":["https:\/\/www.facebook.com\/Glysofor\/","https:\/\/www.instagram.com\/glysofor\/","https:\/\/www.youtube.com\/channel\/UCNeReuq7bqUGkWkm5vK63mQ"]}]}},"_links":{"self":[{"href":"https:\/\/www.glysofor.de\/it\/wp-json\/wp\/v2\/pages\/5427","targetHints":{"allow":["GET"]}}],"collection":[{"href":"https:\/\/www.glysofor.de\/it\/wp-json\/wp\/v2\/pages"}],"about":[{"href":"https:\/\/www.glysofor.de\/it\/wp-json\/wp\/v2\/types\/page"}],"author":[{"embeddable":true,"href":"https:\/\/www.glysofor.de\/it\/wp-json\/wp\/v2\/users\/1"}],"replies":[{"embeddable":true,"href":"https:\/\/www.glysofor.de\/it\/wp-json\/wp\/v2\/comments?post=5427"}],"version-history":[{"count":4,"href":"https:\/\/www.glysofor.de\/it\/wp-json\/wp\/v2\/pages\/5427\/revisions"}],"predecessor-version":[{"id":9114,"href":"https:\/\/www.glysofor.de\/it\/wp-json\/wp\/v2\/pages\/5427\/revisions\/9114"}],"wp:attachment":[{"href":"https:\/\/www.glysofor.de\/it\/wp-json\/wp\/v2\/media?parent=5427"}],"curies":[{"name":"wp","href":"https:\/\/api.w.org\/{rel}","templated":true}]}}