{"id":5414,"date":"2019-09-23T13:42:58","date_gmt":"2019-09-23T13:42:58","guid":{"rendered":"http:\/\/glysofor.cool\/?page_id=5414"},"modified":"2022-02-24T15:37:47","modified_gmt":"2022-02-24T15:37:47","slug":"energie-rinnovabili","status":"publish","type":"page","link":"https:\/\/www.glysofor.de\/it\/energie-rinnovabili\/","title":{"rendered":"Energie rinnovabili"},"content":{"rendered":"<p><div class=\"fusion-fullwidth fullwidth-box fusion-builder-row-1 nonhundred-percent-fullwidth non-hundred-percent-height-scrolling\" style=\"--awb-border-radius-top-left:0px;--awb-border-radius-top-right:0px;--awb-border-radius-bottom-right:0px;--awb-border-radius-bottom-left:0px;--awb-padding-top:40px;--awb-padding-bottom:40px;--awb-flex-wrap:wrap;\" ><div class=\"fusion-builder-row fusion-row\"><div class=\"fusion-layout-column fusion_builder_column fusion-builder-column-0 fusion_builder_column_1_4 1_4 fusion-one-fourth fusion-column-first\" style=\"--awb-padding-right:10px;--awb-bg-size:cover;--awb-border-color:#ededed;--awb-border-right:1px;--awb-border-style:solid;--awb-margin-top:10px;width:25%;width:calc(25% - ( ( 4% ) * 0.25 ) );margin-right: 4%;\"><div class=\"fusion-column-wrapper fusion-column-has-shadow fusion-flex-column-wrapper-legacy\"><div class=\"fusion-title title fusion-title-1 fusion-title-text fusion-title-size-four\"><h4 class=\"fusion-title-heading title-heading-left fusion-responsive-typography-calculated\" style=\"margin:0;--fontSize:20;--minFontSize:20;line-height:1.2;\">Prodotti consigliati<\/h4><span class=\"awb-title-spacer\"><\/span><div class=\"title-sep-container\"><div class=\"title-sep sep- sep-solid\" style=\"border-color:#e2e2e2;\"><\/div><\/div><\/div><div class=\"fusion-builder-row fusion-builder-row-inner fusion-row\"><div class=\"fusion-layout-column fusion_builder_column_inner fusion-builder-nested-column-0 fusion_builder_column_inner_1_3 1_3 fusion-one-third fusion-column-first\" style=\"--awb-bg-size:cover;width:33.333333333333%;width:calc(33.333333333333% - ( ( 4% ) * 0.33333333333333 ) );margin-right: 4%;\"><div class=\"fusion-column-wrapper fusion-column-has-shadow fusion-flex-column-wrapper-legacy\"><div class=\"fusion-image-element in-legacy-container\" style=\"--awb-caption-title-font-family:var(--h2_typography-font-family);--awb-caption-title-font-weight:var(--h2_typography-font-weight);--awb-caption-title-font-style:var(--h2_typography-font-style);--awb-caption-title-size:var(--h2_typography-font-size);--awb-caption-title-transform:var(--h2_typography-text-transform);--awb-caption-title-line-height:var(--h2_typography-line-height);--awb-caption-title-letter-spacing:var(--h2_typography-letter-spacing);\"><span class=\" fusion-imageframe imageframe-none imageframe-1 hover-type-none\"><a class=\"fusion-no-lightbox\" href=\"\/it\/glysofor-solar\/\" target=\"_self\" aria-label=\"glysofor-solar-small\"><img decoding=\"async\" width=\"300\" height=\"453\" src=\"https:\/\/www.glysofor.de\/wp-content\/uploads\/images\/glysofor-solar-small.jpg\" alt class=\"img-responsive wp-image-4939\" srcset=\"https:\/\/www.glysofor.de\/wp-content\/uploads\/images\/glysofor-solar-small-200x302.jpg 200w, https:\/\/www.glysofor.de\/wp-content\/uploads\/images\/glysofor-solar-small.jpg 300w\" sizes=\"(max-width: 800px) 100vw, 300px\" \/><\/a><\/span><\/div><div class=\"fusion-clearfix\"><\/div><\/div><\/div><div class=\"fusion-layout-column fusion_builder_column_inner fusion-builder-nested-column-1 fusion_builder_column_inner_2_3 2_3 fusion-two-third fusion-column-last\" style=\"--awb-bg-size:cover;width:66.666666666667%;width:calc(66.666666666667% - ( ( 4% ) * 0.66666666666667 ) );\"><div class=\"fusion-column-wrapper fusion-column-has-shadow fusion-flex-column-wrapper-legacy\"><div class=\"fusion-text fusion-text-1\"><p><a href=\"\/it\/glysofor-solar\/\"><strong>Glysofor Solar<br \/>\n<\/strong><\/a><span class=\"small\">Fluido solare per collettore piatto e a tubi sotto vuoto<\/span><\/p>\n<\/div><div class=\"fusion-clearfix\"><\/div><\/div><\/div><\/div><div class=\"fusion-builder-row fusion-builder-row-inner fusion-row\"><div class=\"fusion-layout-column fusion_builder_column_inner fusion-builder-nested-column-2 fusion_builder_column_inner_1_3 1_3 fusion-one-third fusion-column-first\" style=\"--awb-bg-size:cover;width:33.333333333333%;width:calc(33.333333333333% - ( ( 4% ) * 0.33333333333333 ) );margin-right: 4%;\"><div class=\"fusion-column-wrapper fusion-column-has-shadow fusion-flex-column-wrapper-legacy\"><div class=\"fusion-image-element in-legacy-container\" style=\"--awb-caption-title-font-family:var(--h2_typography-font-family);--awb-caption-title-font-weight:var(--h2_typography-font-weight);--awb-caption-title-font-style:var(--h2_typography-font-style);--awb-caption-title-size:var(--h2_typography-font-size);--awb-caption-title-transform:var(--h2_typography-text-transform);--awb-caption-title-line-height:var(--h2_typography-line-height);--awb-caption-title-letter-spacing:var(--h2_typography-letter-spacing);\"><span class=\" fusion-imageframe imageframe-none imageframe-2 hover-type-none\"><a class=\"fusion-no-lightbox\" href=\"\/it\/glysofor-terra\/\" target=\"_self\" aria-label=\"glysofor-terra-small\"><img decoding=\"async\" width=\"300\" height=\"453\" src=\"https:\/\/www.glysofor.de\/wp-content\/uploads\/images\/glysofor-terra-small.jpg\" alt class=\"img-responsive wp-image-4943\" srcset=\"https:\/\/www.glysofor.de\/wp-content\/uploads\/images\/glysofor-terra-small-200x302.jpg 200w, https:\/\/www.glysofor.de\/wp-content\/uploads\/images\/glysofor-terra-small.jpg 300w\" sizes=\"(max-width: 800px) 100vw, 300px\" \/><\/a><\/span><\/div><div class=\"fusion-clearfix\"><\/div><\/div><\/div><div class=\"fusion-layout-column fusion_builder_column_inner fusion-builder-nested-column-3 fusion_builder_column_inner_2_3 2_3 fusion-two-third fusion-column-last\" style=\"--awb-bg-size:cover;width:66.666666666667%;width:calc(66.666666666667% - ( ( 4% ) * 0.66666666666667 ) );\"><div class=\"fusion-column-wrapper fusion-column-has-shadow fusion-flex-column-wrapper-legacy\"><div class=\"fusion-text fusion-text-2\"><p><a href=\"\/it\/glysofor-terra\/\"><strong>Glysofor TERRA<\/strong><br \/>\n<\/a><span class=\"small\">Prodotto speciale per l&#8217;impiego in sonde geotermiche<\/span><\/p>\n<\/div><div class=\"fusion-clearfix\"><\/div><\/div><\/div><\/div><div class=\"fusion-builder-row fusion-builder-row-inner fusion-row\"><div class=\"fusion-layout-column fusion_builder_column_inner fusion-builder-nested-column-4 fusion_builder_column_inner_1_3 1_3 fusion-one-third fusion-column-first\" style=\"--awb-bg-size:cover;width:33.333333333333%;width:calc(33.333333333333% - ( ( 4% ) * 0.33333333333333 ) );margin-right: 4%;\"><div class=\"fusion-column-wrapper fusion-column-has-shadow fusion-flex-column-wrapper-legacy\"><div class=\"fusion-image-element in-legacy-container\" style=\"--awb-caption-title-font-family:var(--h2_typography-font-family);--awb-caption-title-font-weight:var(--h2_typography-font-weight);--awb-caption-title-font-style:var(--h2_typography-font-style);--awb-caption-title-size:var(--h2_typography-font-size);--awb-caption-title-transform:var(--h2_typography-text-transform);--awb-caption-title-line-height:var(--h2_typography-line-height);--awb-caption-title-letter-spacing:var(--h2_typography-letter-spacing);\"><span class=\" fusion-imageframe imageframe-none imageframe-3 hover-type-none\"><a class=\"fusion-no-lightbox\" href=\"\/it\/glysofor-evo-n\/\" target=\"_self\" aria-label=\"glysofor-evo-n-small\"><img decoding=\"async\" width=\"300\" height=\"453\" src=\"https:\/\/www.glysofor.de\/wp-content\/uploads\/images\/glysofor-evo-n-small.jpg\" alt class=\"img-responsive wp-image-4891\" srcset=\"https:\/\/www.glysofor.de\/wp-content\/uploads\/images\/glysofor-evo-n-small-200x302.jpg 200w, https:\/\/www.glysofor.de\/wp-content\/uploads\/images\/glysofor-evo-n-small.jpg 300w\" sizes=\"(max-width: 800px) 100vw, 300px\" \/><\/a><\/span><\/div><div class=\"fusion-clearfix\"><\/div><\/div><\/div><div class=\"fusion-layout-column fusion_builder_column_inner fusion-builder-nested-column-5 fusion_builder_column_inner_2_3 2_3 fusion-two-third fusion-column-last\" style=\"--awb-bg-size:cover;width:66.666666666667%;width:calc(66.666666666667% - ( ( 4% ) * 0.66666666666667 ) );\"><div class=\"fusion-column-wrapper fusion-column-has-shadow fusion-flex-column-wrapper-legacy\"><div class=\"fusion-text fusion-text-3\"><p><a href=\"\/it\/glysofor-evo-n\/\"><strong>Glysofor EVO N<br \/>\n<\/strong><\/a><span class=\"small\">Concentrato antigelo a base di glicole monoetilenico con inibitori di corrosione ecologici<\/span><\/p>\n<\/div><div class=\"fusion-clearfix\"><\/div><\/div><\/div><\/div><div class=\"fusion-builder-row fusion-builder-row-inner fusion-row\"><div class=\"fusion-layout-column fusion_builder_column_inner fusion-builder-nested-column-6 fusion_builder_column_inner_1_3 1_3 fusion-one-third fusion-column-first\" style=\"--awb-bg-size:cover;width:33.333333333333%;width:calc(33.333333333333% - ( ( 4% ) * 0.33333333333333 ) );margin-right: 4%;\"><div class=\"fusion-column-wrapper fusion-column-has-shadow fusion-flex-column-wrapper-legacy\"><div class=\"fusion-image-element in-legacy-container\" style=\"--awb-caption-title-font-family:var(--h2_typography-font-family);--awb-caption-title-font-weight:var(--h2_typography-font-weight);--awb-caption-title-font-style:var(--h2_typography-font-style);--awb-caption-title-size:var(--h2_typography-font-size);--awb-caption-title-transform:var(--h2_typography-text-transform);--awb-caption-title-line-height:var(--h2_typography-line-height);--awb-caption-title-letter-spacing:var(--h2_typography-letter-spacing);\"><span class=\" fusion-imageframe imageframe-none imageframe-4 hover-type-none\"><a class=\"fusion-no-lightbox\" href=\"\/it\/glysofor-evo-l\/\" target=\"_self\" aria-label=\"glysofor-evo-l-small\"><img decoding=\"async\" width=\"300\" height=\"453\" src=\"https:\/\/www.glysofor.de\/wp-content\/uploads\/images\/glysofor-evo-l-small.jpg\" alt class=\"img-responsive wp-image-4883\" srcset=\"https:\/\/www.glysofor.de\/wp-content\/uploads\/images\/glysofor-evo-l-small-200x302.jpg 200w, https:\/\/www.glysofor.de\/wp-content\/uploads\/images\/glysofor-evo-l-small.jpg 300w\" sizes=\"(max-width: 800px) 100vw, 300px\" \/><\/a><\/span><\/div><div class=\"fusion-clearfix\"><\/div><\/div><\/div><div class=\"fusion-layout-column fusion_builder_column_inner fusion-builder-nested-column-7 fusion_builder_column_inner_2_3 2_3 fusion-two-third fusion-column-last\" style=\"--awb-bg-size:cover;width:66.666666666667%;width:calc(66.666666666667% - ( ( 4% ) * 0.66666666666667 ) );\"><div class=\"fusion-column-wrapper fusion-column-has-shadow fusion-flex-column-wrapper-legacy\"><div class=\"fusion-text fusion-text-4\"><p><a href=\"\/it\/glysofor-evo-l\/\"><strong>Glysofor EVO L<br \/>\n<\/strong><\/a><span class=\"small\">Concentrato antigelo a base di glicole propilenico con inibitori di corrosione ecologici<\/span><\/p>\n<\/div><div class=\"fusion-clearfix\"><\/div><\/div><\/div><\/div><div class=\"fusion-clearfix\"><\/div><\/div><\/div><div class=\"fusion-layout-column fusion_builder_column fusion-builder-column-1 fusion_builder_column_3_4 3_4 fusion-three-fourth fusion-column-last\" style=\"--awb-bg-size:cover;width:75%;width:calc(75% - ( ( 4% ) * 0.75 ) );\"><div class=\"fusion-column-wrapper fusion-column-has-shadow fusion-flex-column-wrapper-legacy\"><div class=\"fusion-title title fusion-title-2 fusion-title-text fusion-title-size-two\"><h2 class=\"fusion-title-heading title-heading-left fusion-responsive-typography-calculated\" style=\"margin:0;--fontSize:40;line-height:1.3;\">I concentrati di Glysofor sono aiutanti indispensabili nello sfruttamento delle energie rinnovabili.<\/h2><span class=\"awb-title-spacer\"><\/span><div class=\"title-sep-container\"><div class=\"title-sep sep- sep-solid\" style=\"border-color:#e2e2e2;\"><\/div><\/div><\/div><div class=\"fusion-title title fusion-title-3 fusion-title-text fusion-title-size-three\"><h3 class=\"fusion-title-heading title-heading-left fusion-responsive-typography-calculated\" style=\"margin:0;--fontSize:24;line-height:1.4;\">Le energie rinnovabili si trovano spesso in luoghi in cui non sono direttamente utilizzabili. Ad esempio nel solare termico o nella geotermia \u00e8 necessario un trasporto dell&#8217;energia, presente come calore. In questo senso Glysofor presta un servizio eccellente.<\/h3><span class=\"awb-title-spacer\"><\/span><div class=\"title-sep-container\"><div class=\"title-sep sep- sep-solid\" style=\"border-color:#e2e2e2;\"><\/div><\/div><\/div><div class=\"fusion-text fusion-text-5\"><p>Nel caso dell&#8217;impiego di liquidi solari, Glysofor Solar trasporta nell&#8217;impianto di riscaldamento il calore immagazzinato in un collettore solare. In tal modo \u00e8 possibile riscaldare in modo molto ecologico ed economico l&#8217;acqua calda potabile e sanitaria o gli impianti di riscaldamento. Questo genera un notevole risparmio sui combustibili. esistono numerose altre applicazioni per le quali Glysofor contribuisce allo sfruttamento di fonti energetiche ecologiche.<br \/>\nNello sfruttamento dell&#8217;energia geotermica Glysofor TERRA trasporta il calore assorbito dalla sonda geotermica fino alla superficie terrestre e lo rilascia in un impianto di riscaldamento tramite una pompa di calore.<br \/>\nI prodotti Glysofor EVO N e Glysofor EVO L sono sempre un passo avanti. Entrambi i prodotti sono stati specificamente sviluppati per settori applicativi che presentano speciali requisiti ecologici, specialmente per quanto riguarda la biodegradabilit\u00e0. Glysofor EVO \u00e8 formulato in modo tale che in caso di dispersione accidentale nell\u2019ambiente (per es. a causa di una perdita) la decomposizione microbiologica della sostanza attiva \u00e8 assicurata. Glysofor EVO \u00e8 completamente privo di nitriti, nitrati, fosfati, borati, silicati, benzotriazoli e tolitriazoli.<br \/>\nGlysofo \u00e8 utilizzato in impianti per biogas, centrali di cogenerazione e impianti di recupero del calore. Glysofor \u00e8 usato negli impianti a energia eolica per lo smorzamento delle vibrazioni, mentre le eccezionali propriet\u00e0 anticorrosive di Glysofor, specialmente negli impianti offshore consentono un funzionamento affidabile e con ridotta manutenzione.<br \/>\nGlysofor \u00e8 universalmente utilizzabile come antigelo, inibitore di corrosione e fluido termovettore. Glysofor previene in modo ottimale i danni da gelo, la corrosione, le incrostazioni, le mucillagini o il biofilm. Tutti i prodotti Glysofor sono biodegradabili ed ecologici.<\/p>\n<\/div><div class=\"fusion-clearfix\"><\/div><\/div><\/div><\/div><\/div><div class=\"fusion-fullwidth fullwidth-box fusion-builder-row-2 fusion-parallax-none nonhundred-percent-fullwidth non-hundred-percent-height-scrolling\" style=\"--awb-background-position:center top;--awb-border-sizes-top:0px;--awb-border-sizes-bottom:0px;--awb-border-sizes-left:0px;--awb-border-sizes-right:0px;--awb-border-radius-top-left:0px;--awb-border-radius-top-right:0px;--awb-border-radius-bottom-right:0px;--awb-border-radius-bottom-left:0px;--awb-padding-top:40px;--awb-padding-bottom:40px;--awb-background-color:#2a8fbd;--awb-background-image:url(&quot;https:\/\/www.glysofor.de\/wp-content\/uploads\/images\/bg-anfrage.jpg&quot;);--awb-background-size:cover;--awb-flex-wrap:wrap;\" ><div class=\"fusion-builder-row fusion-row\"><div class=\"fusion-layout-column fusion_builder_column fusion-builder-column-2 fusion_builder_column_1_1 1_1 fusion-one-full fusion-column-first fusion-column-last fusion-column-no-min-height\" style=\"--awb-bg-size:cover;--awb-margin-bottom:0px;\"><div class=\"fusion-column-wrapper fusion-column-has-shadow fusion-flex-column-wrapper-legacy\"><div class=\"fusion-title title fusion-title-4 fusion-title-center fusion-title-text fusion-title-size-two\" style=\"--awb-text-color:#ffffff;--awb-margin-bottom:40px;\"><div class=\"title-sep-container title-sep-container-left\"><div class=\"title-sep sep- sep-solid\" style=\"border-color:#e2e2e2;\"><\/div><\/div><span class=\"awb-title-spacer\"><\/span><h2 class=\"fusion-title-heading title-heading-center fusion-responsive-typography-calculated\" style=\"margin:0;--fontSize:40;line-height:1.3;\">Avete domande?<\/h2><span class=\"awb-title-spacer\"><\/span><div class=\"title-sep-container title-sep-container-right\"><div class=\"title-sep sep- sep-solid\" style=\"border-color:#e2e2e2;\"><\/div><\/div><\/div><div class=\"fusion-title title fusion-title-5 fusion-title-center fusion-title-text fusion-title-size-four\" style=\"--awb-text-color:#ffffff;--awb-margin-bottom:40px;\"><div class=\"title-sep-container title-sep-container-left\"><div class=\"title-sep sep- sep-solid\" style=\"border-color:#e2e2e2;\"><\/div><\/div><span class=\"awb-title-spacer\"><\/span><h4 class=\"fusion-title-heading title-heading-center fusion-responsive-typography-calculated\" style=\"margin:0;--fontSize:20;--minFontSize:20;line-height:1.2;\">Saremo lieti di offrirvi la nostra consulenza gratuitamente e senza alcun impegno per<br \/>\ntrovare il prodotto adatto per il vostro scopo applicativo.<\/h4><span class=\"awb-title-spacer\"><\/span><div class=\"title-sep-container title-sep-container-right\"><div class=\"title-sep sep- sep-solid\" style=\"border-color:#e2e2e2;\"><\/div><\/div><\/div><div class=\"fusion-aligncenter\"><a class=\"fusion-button button-flat button-xlarge button-custom fusion-button-default button-1 fusion-button-default-span fusion-animated\" style=\"--button_accent_color:rgba(255,255,255,.8);--button_border_color:rgba(255,255,255,.8);--button_accent_hover_color:#ffffff;--button_border_hover_color:#ffffff;--button_border_width-top:2px;--button_border_width-right:2px;--button_border_width-bottom:2px;--button_border_width-left:2px;--button_gradient_top_color:rgba(255,255,255,.1);--button_gradient_bottom_color:rgba(255,255,255,.1);--button_gradient_top_color_hover:rgba(255, 255, 255, 0.25);--button_gradient_bottom_color_hover:rgba(255, 255, 255, 0.25);\" data-animationType=\"fadeInUp\" data-animationDuration=\"1.0\" data-animationOffset=\"top-into-view\" target=\"_self\" href=\"\/it\/contatti\/\"><span class=\"fusion-button-text awb-button__text awb-button__text--default\">Domande<\/span><\/a><\/div><div class=\"fusion-clearfix\"><\/div><\/div><\/div><\/div><\/div><\/p>\n","protected":false},"excerpt":{"rendered":"","protected":false},"author":1,"featured_media":0,"parent":0,"menu_order":0,"comment_status":"closed","ping_status":"closed","template":"100-width.php","meta":{"footnotes":""},"class_list":["post-5414","page","type-page","status-publish","hentry"],"yoast_head":"<!-- This site is optimized with the Yoast SEO plugin v27.0 - https:\/\/yoast.com\/product\/yoast-seo-wordpress\/ -->\n<title>Prodotti Glysofor in uso per le energie rinnovabili<\/title>\n<meta name=\"description\" content=\"Fluidi di trasferimento del calore a base di glicole, antigelo, inibitori di corrosione e fluidi solari per applicazioni di energia rinnovabile.\" \/>\n<meta name=\"robots\" content=\"index, follow, max-snippet:-1, max-image-preview:large, max-video-preview:-1\" \/>\n<link rel=\"canonical\" href=\"https:\/\/www.glysofor.de\/it\/energie-rinnovabili\/\" \/>\n<meta property=\"og:locale\" content=\"it_IT\" \/>\n<meta property=\"og:type\" content=\"article\" \/>\n<meta property=\"og:title\" content=\"Prodotti Glysofor in uso per le energie rinnovabili\" \/>\n<meta property=\"og:description\" content=\"Fluidi di trasferimento del calore a base di glicole, antigelo, inibitori di corrosione e fluidi solari per applicazioni di energia rinnovabile.\" \/>\n<meta property=\"og:url\" content=\"https:\/\/www.glysofor.de\/it\/energie-rinnovabili\/\" \/>\n<meta property=\"og:site_name\" content=\"Glysofor\" \/>\n<meta property=\"article:publisher\" content=\"https:\/\/www.facebook.com\/Glysofor\/\" \/>\n<meta property=\"article:modified_time\" content=\"2022-02-24T15:37:47+00:00\" \/>\n<meta name=\"twitter:card\" content=\"summary_large_image\" \/>\n<meta name=\"twitter:label1\" content=\"Tempo di lettura stimato\" \/>\n\t<meta name=\"twitter:data1\" content=\"7 minuti\" \/>\n<script type=\"application\/ld+json\" class=\"yoast-schema-graph\">{\"@context\":\"https:\/\/schema.org\",\"@graph\":[{\"@type\":\"WebPage\",\"@id\":\"https:\/\/www.glysofor.de\/it\/energie-rinnovabili\/\",\"url\":\"https:\/\/www.glysofor.de\/it\/energie-rinnovabili\/\",\"name\":\"Prodotti Glysofor in uso per le energie rinnovabili\",\"isPartOf\":{\"@id\":\"https:\/\/www.glysofor.de\/it\/#website\"},\"datePublished\":\"2019-09-23T13:42:58+00:00\",\"dateModified\":\"2022-02-24T15:37:47+00:00\",\"description\":\"Fluidi di trasferimento del calore a base di glicole, antigelo, inibitori di corrosione e fluidi solari per applicazioni di energia rinnovabile.\",\"breadcrumb\":{\"@id\":\"https:\/\/www.glysofor.de\/it\/energie-rinnovabili\/#breadcrumb\"},\"inLanguage\":\"it-IT\",\"potentialAction\":[{\"@type\":\"ReadAction\",\"target\":[\"https:\/\/www.glysofor.de\/it\/energie-rinnovabili\/\"]}]},{\"@type\":\"BreadcrumbList\",\"@id\":\"https:\/\/www.glysofor.de\/it\/energie-rinnovabili\/#breadcrumb\",\"itemListElement\":[{\"@type\":\"ListItem\",\"position\":1,\"name\":\"Startseite\",\"item\":\"https:\/\/www.glysofor.de\/it\/home\/\"},{\"@type\":\"ListItem\",\"position\":2,\"name\":\"Energie rinnovabili\"}]},{\"@type\":\"WebSite\",\"@id\":\"https:\/\/www.glysofor.de\/it\/#website\",\"url\":\"https:\/\/www.glysofor.de\/it\/\",\"name\":\"Glysofor\",\"description\":\"Glykole f\u00fcr die K\u00e4lte-, Klima- und Heizungstechnik.\",\"publisher\":{\"@id\":\"https:\/\/www.glysofor.de\/it\/#organization\"},\"potentialAction\":[{\"@type\":\"SearchAction\",\"target\":{\"@type\":\"EntryPoint\",\"urlTemplate\":\"https:\/\/www.glysofor.de\/it\/?s={search_term_string}\"},\"query-input\":{\"@type\":\"PropertyValueSpecification\",\"valueRequired\":true,\"valueName\":\"search_term_string\"}}],\"inLanguage\":\"it-IT\"},{\"@type\":\"Organization\",\"@id\":\"https:\/\/www.glysofor.de\/it\/#organization\",\"name\":\"Glysofor - Glykole f\u00fcr die K\u00e4lte-, Klima- und Heizungstechnik\",\"url\":\"https:\/\/www.glysofor.de\/it\/\",\"logo\":{\"@type\":\"ImageObject\",\"inLanguage\":\"it-IT\",\"@id\":\"https:\/\/www.glysofor.de\/it\/#\/schema\/logo\/image\/\",\"url\":\"https:\/\/www.glysofor.de\/wp-content\/uploads\/logo-glysofor.png\",\"contentUrl\":\"https:\/\/www.glysofor.de\/wp-content\/uploads\/logo-glysofor.png\",\"width\":800,\"height\":199,\"caption\":\"Glysofor - Glykole f\u00fcr die K\u00e4lte-, Klima- und Heizungstechnik\"},\"image\":{\"@id\":\"https:\/\/www.glysofor.de\/it\/#\/schema\/logo\/image\/\"},\"sameAs\":[\"https:\/\/www.facebook.com\/Glysofor\/\",\"https:\/\/www.instagram.com\/glysofor\/\",\"https:\/\/www.youtube.com\/channel\/UCNeReuq7bqUGkWkm5vK63mQ\"]}]}<\/script>\n<!-- \/ Yoast SEO plugin. -->","yoast_head_json":{"title":"Prodotti Glysofor in uso per le energie rinnovabili","description":"Fluidi di trasferimento del calore a base di glicole, antigelo, inibitori di corrosione e fluidi solari per applicazioni di energia rinnovabile.","robots":{"index":"index","follow":"follow","max-snippet":"max-snippet:-1","max-image-preview":"max-image-preview:large","max-video-preview":"max-video-preview:-1"},"canonical":"https:\/\/www.glysofor.de\/it\/energie-rinnovabili\/","og_locale":"it_IT","og_type":"article","og_title":"Prodotti Glysofor in uso per le energie rinnovabili","og_description":"Fluidi di trasferimento del calore a base di glicole, antigelo, inibitori di corrosione e fluidi solari per applicazioni di energia rinnovabile.","og_url":"https:\/\/www.glysofor.de\/it\/energie-rinnovabili\/","og_site_name":"Glysofor","article_publisher":"https:\/\/www.facebook.com\/Glysofor\/","article_modified_time":"2022-02-24T15:37:47+00:00","twitter_card":"summary_large_image","twitter_misc":{"Tempo di lettura stimato":"7 minuti"},"schema":{"@context":"https:\/\/schema.org","@graph":[{"@type":"WebPage","@id":"https:\/\/www.glysofor.de\/it\/energie-rinnovabili\/","url":"https:\/\/www.glysofor.de\/it\/energie-rinnovabili\/","name":"Prodotti Glysofor in uso per le energie rinnovabili","isPartOf":{"@id":"https:\/\/www.glysofor.de\/it\/#website"},"datePublished":"2019-09-23T13:42:58+00:00","dateModified":"2022-02-24T15:37:47+00:00","description":"Fluidi di trasferimento del calore a base di glicole, antigelo, inibitori di corrosione e fluidi solari per applicazioni di energia rinnovabile.","breadcrumb":{"@id":"https:\/\/www.glysofor.de\/it\/energie-rinnovabili\/#breadcrumb"},"inLanguage":"it-IT","potentialAction":[{"@type":"ReadAction","target":["https:\/\/www.glysofor.de\/it\/energie-rinnovabili\/"]}]},{"@type":"BreadcrumbList","@id":"https:\/\/www.glysofor.de\/it\/energie-rinnovabili\/#breadcrumb","itemListElement":[{"@type":"ListItem","position":1,"name":"Startseite","item":"https:\/\/www.glysofor.de\/it\/home\/"},{"@type":"ListItem","position":2,"name":"Energie rinnovabili"}]},{"@type":"WebSite","@id":"https:\/\/www.glysofor.de\/it\/#website","url":"https:\/\/www.glysofor.de\/it\/","name":"Glysofor","description":"Glykole f\u00fcr die K\u00e4lte-, Klima- und Heizungstechnik.","publisher":{"@id":"https:\/\/www.glysofor.de\/it\/#organization"},"potentialAction":[{"@type":"SearchAction","target":{"@type":"EntryPoint","urlTemplate":"https:\/\/www.glysofor.de\/it\/?s={search_term_string}"},"query-input":{"@type":"PropertyValueSpecification","valueRequired":true,"valueName":"search_term_string"}}],"inLanguage":"it-IT"},{"@type":"Organization","@id":"https:\/\/www.glysofor.de\/it\/#organization","name":"Glysofor - Glykole f\u00fcr die K\u00e4lte-, Klima- und Heizungstechnik","url":"https:\/\/www.glysofor.de\/it\/","logo":{"@type":"ImageObject","inLanguage":"it-IT","@id":"https:\/\/www.glysofor.de\/it\/#\/schema\/logo\/image\/","url":"https:\/\/www.glysofor.de\/wp-content\/uploads\/logo-glysofor.png","contentUrl":"https:\/\/www.glysofor.de\/wp-content\/uploads\/logo-glysofor.png","width":800,"height":199,"caption":"Glysofor - Glykole f\u00fcr die K\u00e4lte-, Klima- und Heizungstechnik"},"image":{"@id":"https:\/\/www.glysofor.de\/it\/#\/schema\/logo\/image\/"},"sameAs":["https:\/\/www.facebook.com\/Glysofor\/","https:\/\/www.instagram.com\/glysofor\/","https:\/\/www.youtube.com\/channel\/UCNeReuq7bqUGkWkm5vK63mQ"]}]}},"_links":{"self":[{"href":"https:\/\/www.glysofor.de\/it\/wp-json\/wp\/v2\/pages\/5414","targetHints":{"allow":["GET"]}}],"collection":[{"href":"https:\/\/www.glysofor.de\/it\/wp-json\/wp\/v2\/pages"}],"about":[{"href":"https:\/\/www.glysofor.de\/it\/wp-json\/wp\/v2\/types\/page"}],"author":[{"embeddable":true,"href":"https:\/\/www.glysofor.de\/it\/wp-json\/wp\/v2\/users\/1"}],"replies":[{"embeddable":true,"href":"https:\/\/www.glysofor.de\/it\/wp-json\/wp\/v2\/comments?post=5414"}],"version-history":[{"count":4,"href":"https:\/\/www.glysofor.de\/it\/wp-json\/wp\/v2\/pages\/5414\/revisions"}],"predecessor-version":[{"id":9070,"href":"https:\/\/www.glysofor.de\/it\/wp-json\/wp\/v2\/pages\/5414\/revisions\/9070"}],"wp:attachment":[{"href":"https:\/\/www.glysofor.de\/it\/wp-json\/wp\/v2\/media?parent=5414"}],"curies":[{"name":"wp","href":"https:\/\/api.w.org\/{rel}","templated":true}]}}