{"id":5502,"date":"2019-09-25T10:02:07","date_gmt":"2019-09-25T10:02:07","guid":{"rendered":"http:\/\/glysofor.cool\/?page_id=5502"},"modified":"2022-02-21T14:57:29","modified_gmt":"2022-02-21T14:57:29","slug":"etiquette-privee","status":"publish","type":"page","link":"https:\/\/www.glysofor.de\/fr\/etiquette-privee\/","title":{"rendered":"\u00c9tiquette priv\u00e9e"},"content":{"rendered":"<p><div class=\"fusion-fullwidth fullwidth-box fusion-builder-row-1 nonhundred-percent-fullwidth non-hundred-percent-height-scrolling\" style=\"--awb-border-radius-top-left:0px;--awb-border-radius-top-right:0px;--awb-border-radius-bottom-right:0px;--awb-border-radius-bottom-left:0px;--awb-padding-top:40px;--awb-padding-bottom:40px;--awb-flex-wrap:wrap;\" ><div class=\"fusion-builder-row fusion-row\"><div class=\"fusion-layout-column fusion_builder_column fusion-builder-column-0 fusion_builder_column_1_1 1_1 fusion-one-full fusion-column-first fusion-column-last\" style=\"--awb-bg-size:cover;\"><div class=\"fusion-column-wrapper fusion-column-has-shadow fusion-flex-column-wrapper-legacy\"><div class=\"fusion-builder-row fusion-builder-row-inner fusion-row\"><div class=\"fusion-layout-column fusion_builder_column_inner fusion-builder-nested-column-0 fusion_builder_column_inner_1_2 1_2 fusion-one-half fusion-column-first\" style=\"--awb-bg-size:cover;width:50%;width:calc(50% - ( ( 4% ) * 0.5 ) );margin-right: 4%;\"><div class=\"fusion-column-wrapper fusion-column-has-shadow fusion-flex-column-wrapper-legacy\"><div class=\"fusion-title title fusion-title-1 fusion-title-text fusion-title-size-three\"><h3 class=\"fusion-title-heading title-heading-left fusion-responsive-typography-calculated\" style=\"margin:0;--fontSize:24;line-height:1.4;\">Vous pouvez commercialiser nos produits sous votre propre marque.<\/h3><span class=\"awb-title-spacer\"><\/span><div class=\"title-sep-container\"><div class=\"title-sep sep- sep-solid\" style=\"border-color:#e2e2e2;\"><\/div><\/div><\/div><div class=\"fusion-text fusion-text-1\"><p>Nous sommes en mesure de traiter tous les formats d\u2019\u00e9tiquettes courants.<\/p>\n<\/div><div class=\"fusion-reading-box-container reading-box-container-1\" style=\"--awb-title-color:#333333;--awb-margin-top:30px;--awb-margin-bottom:30px;\"><div class=\"reading-box\" style=\"background-color:rgba(255,255,255,0);border-width:1px;border-color:#e2e2e2;border-left-width:3px;border-left-color:var(--primary_color);border-style:solid;\"><div class=\"reading-box-description\">Pour des tailles de lot plus petites, nous produisons et imprimons pour vous des \u00e9tiquettes personnelles dot\u00e9es de votre logo, nom d\u2019entreprise et de produit.<\/div><div class=\"fusion-clearfix\"><\/div><\/div><\/div><div class=\"fusion-text fusion-text-2\"><p>Si vous disposez de vos propres recettes, nous sommes en mesure\u00a0 de fabriqu\u00e9s des produits issus de m\u00e9langes ou de d\u00e9velopper des produits alternatifs au moyen d\u2019\u00e9chantillons de produits.<\/p>\n<p>Nous r\u00e9alisons des r\u00e9cipients sp\u00e9ciaux de n\u2019importe quelle taille et forme selon les sp\u00e9cifications.<\/p>\n<\/div><div class=\"fusion-clearfix\"><\/div><\/div><\/div><div class=\"fusion-layout-column fusion_builder_column_inner fusion-builder-nested-column-1 fusion_builder_column_inner_1_2 1_2 fusion-one-half fusion-column-last\" style=\"--awb-bg-size:cover;width:50%;width:calc(50% - ( ( 4% ) * 0.5 ) );\"><div class=\"fusion-column-wrapper fusion-column-has-shadow fusion-flex-column-wrapper-legacy\"><div class=\"fusion-image-element in-legacy-container\" style=\"--awb-caption-title-font-family:var(--h2_typography-font-family);--awb-caption-title-font-weight:var(--h2_typography-font-weight);--awb-caption-title-font-style:var(--h2_typography-font-style);--awb-caption-title-size:var(--h2_typography-font-size);--awb-caption-title-transform:var(--h2_typography-text-transform);--awb-caption-title-line-height:var(--h2_typography-line-height);--awb-caption-title-letter-spacing:var(--h2_typography-letter-spacing);\"><span class=\" fusion-imageframe imageframe-none imageframe-1 hover-type-none\"><img decoding=\"async\" width=\"800\" height=\"550\" alt=\"Private Label f\u00fcr Glykole \" title=\"Private Label\" src=\"https:\/\/www.glysofor.de\/wp-content\/uploads\/images\/private-label.jpg\" class=\"img-responsive wp-image-5026\" srcset=\"https:\/\/www.glysofor.de\/wp-content\/uploads\/images\/private-label-200x138.jpg 200w, https:\/\/www.glysofor.de\/wp-content\/uploads\/images\/private-label-400x275.jpg 400w, https:\/\/www.glysofor.de\/wp-content\/uploads\/images\/private-label-600x413.jpg 600w, https:\/\/www.glysofor.de\/wp-content\/uploads\/images\/private-label.jpg 800w\" sizes=\"(max-width: 800px) 100vw, 600px\" \/><\/span><\/div><div class=\"fusion-clearfix\"><\/div><\/div><\/div><\/div><div class=\"fusion-clearfix\"><\/div><\/div><\/div><\/div><\/div><div class=\"fusion-fullwidth fullwidth-box fusion-builder-row-2 fusion-parallax-none nonhundred-percent-fullwidth non-hundred-percent-height-scrolling\" style=\"--awb-background-position:center top;--awb-border-sizes-top:0px;--awb-border-sizes-bottom:0px;--awb-border-sizes-left:0px;--awb-border-sizes-right:0px;--awb-border-radius-top-left:0px;--awb-border-radius-top-right:0px;--awb-border-radius-bottom-right:0px;--awb-border-radius-bottom-left:0px;--awb-padding-top:40px;--awb-padding-bottom:40px;--awb-background-color:#2a8fbd;--awb-background-image:url(&quot;https:\/\/www.glysofor.de\/wp-content\/uploads\/images\/bg-anfrage.jpg&quot;);--awb-background-size:cover;--awb-flex-wrap:wrap;\" ><div class=\"fusion-builder-row fusion-row\"><div class=\"fusion-layout-column fusion_builder_column fusion-builder-column-1 fusion_builder_column_1_1 1_1 fusion-one-full fusion-column-first fusion-column-last fusion-column-no-min-height\" style=\"--awb-bg-size:cover;--awb-margin-bottom:0px;\"><div class=\"fusion-column-wrapper fusion-column-has-shadow fusion-flex-column-wrapper-legacy\"><div class=\"fusion-title title fusion-title-2 fusion-title-center fusion-title-text fusion-title-size-two\" style=\"--awb-text-color:#ffffff;--awb-margin-bottom:40px;\"><div class=\"title-sep-container title-sep-container-left\"><div class=\"title-sep sep- sep-solid\" style=\"border-color:#e2e2e2;\"><\/div><\/div><span class=\"awb-title-spacer\"><\/span><h2 class=\"fusion-title-heading title-heading-center fusion-responsive-typography-calculated\" style=\"margin:0;--fontSize:40;line-height:1.3;\">Vous avez des questions ?<\/h2><span class=\"awb-title-spacer\"><\/span><div class=\"title-sep-container title-sep-container-right\"><div class=\"title-sep sep- sep-solid\" style=\"border-color:#e2e2e2;\"><\/div><\/div><\/div><div class=\"fusion-title title fusion-title-3 fusion-title-center fusion-title-text fusion-title-size-four\" style=\"--awb-text-color:#ffffff;--awb-margin-bottom:40px;\"><div class=\"title-sep-container title-sep-container-left\"><div class=\"title-sep sep- sep-solid\" style=\"border-color:#e2e2e2;\"><\/div><\/div><span class=\"awb-title-spacer\"><\/span><h4 class=\"fusion-title-heading title-heading-center fusion-responsive-typography-calculated\" style=\"margin:0;--fontSize:20;--minFontSize:20;line-height:1.2;\">Nous vous conseillons volontiers et sans engagement pour que vous puissiez trouver<br \/>\nle produit adapt\u00e9 \u00e0 votre utilisation pr\u00e9vue.<\/h4><span class=\"awb-title-spacer\"><\/span><div class=\"title-sep-container title-sep-container-right\"><div class=\"title-sep sep- sep-solid\" style=\"border-color:#e2e2e2;\"><\/div><\/div><\/div><div class=\"fusion-aligncenter\"><a class=\"fusion-button button-flat button-xlarge button-custom fusion-button-default button-1 fusion-button-default-span fusion-animated\" style=\"--button_accent_color:rgba(255,255,255,.8);--button_border_color:rgba(255,255,255,.8);--button_accent_hover_color:#ffffff;--button_border_hover_color:#ffffff;--button_border_width-top:2px;--button_border_width-right:2px;--button_border_width-bottom:2px;--button_border_width-left:2px;--button_gradient_top_color:rgba(255,255,255,.1);--button_gradient_bottom_color:rgba(255,255,255,.1);--button_gradient_top_color_hover:rgba(255, 255, 255, 0.25);--button_gradient_bottom_color_hover:rgba(255, 255, 255, 0.25);\" data-animationType=\"fadeInUp\" data-animationDuration=\"1.0\" data-animationOffset=\"top-into-view\" target=\"_self\" href=\"\/fr\/contact\/\"><span class=\"fusion-button-text awb-button__text awb-button__text--default\">Faire une demande<\/span><\/a><\/div><div class=\"fusion-clearfix\"><\/div><\/div><\/div><\/div><\/div><\/p>\n","protected":false},"excerpt":{"rendered":"","protected":false},"author":1,"featured_media":0,"parent":0,"menu_order":0,"comment_status":"closed","ping_status":"closed","template":"100-width.php","meta":{"footnotes":""},"class_list":["post-5502","page","type-page","status-publish","hentry"],"yoast_head":"<!-- This site is optimized with the Yoast SEO plugin v27.0 - https:\/\/yoast.com\/product\/yoast-seo-wordpress\/ -->\n<title>\u00c9tiquette priv\u00e9e - Distribuer des produits sous sa propre marque<\/title>\n<meta name=\"description\" content=\"Pour les lots plus petits, nous cr\u00e9ons et imprimons pour vous votre \u00e9tiquette personnelle avec votre logo, le nom de votre entreprise et de votre produit.\" \/>\n<meta name=\"robots\" content=\"index, follow, max-snippet:-1, max-image-preview:large, max-video-preview:-1\" \/>\n<link rel=\"canonical\" href=\"https:\/\/www.glysofor.de\/fr\/etiquette-privee\/\" \/>\n<meta property=\"og:locale\" content=\"fr_FR\" \/>\n<meta property=\"og:type\" content=\"article\" \/>\n<meta property=\"og:title\" content=\"\u00c9tiquette priv\u00e9e - Distribuer des produits sous sa propre marque\" \/>\n<meta property=\"og:description\" content=\"Pour les lots plus petits, nous cr\u00e9ons et imprimons pour vous votre \u00e9tiquette personnelle avec votre logo, le nom de votre entreprise et de votre produit.\" \/>\n<meta property=\"og:url\" content=\"https:\/\/www.glysofor.de\/fr\/etiquette-privee\/\" \/>\n<meta property=\"og:site_name\" content=\"Glysofor\" \/>\n<meta property=\"article:publisher\" content=\"https:\/\/www.facebook.com\/Glysofor\/\" \/>\n<meta property=\"article:modified_time\" content=\"2022-02-21T14:57:29+00:00\" \/>\n<meta name=\"twitter:card\" content=\"summary_large_image\" \/>\n<meta name=\"twitter:label1\" content=\"Dur\u00e9e de lecture estim\u00e9e\" \/>\n\t<meta name=\"twitter:data1\" content=\"3 minutes\" \/>\n<script type=\"application\/ld+json\" class=\"yoast-schema-graph\">{\"@context\":\"https:\/\/schema.org\",\"@graph\":[{\"@type\":\"WebPage\",\"@id\":\"https:\/\/www.glysofor.de\/fr\/etiquette-privee\/\",\"url\":\"https:\/\/www.glysofor.de\/fr\/etiquette-privee\/\",\"name\":\"\u00c9tiquette priv\u00e9e - Distribuer des produits sous sa propre marque\",\"isPartOf\":{\"@id\":\"https:\/\/www.glysofor.de\/fr\/#website\"},\"datePublished\":\"2019-09-25T10:02:07+00:00\",\"dateModified\":\"2022-02-21T14:57:29+00:00\",\"description\":\"Pour les lots plus petits, nous cr\u00e9ons et imprimons pour vous votre \u00e9tiquette personnelle avec votre logo, le nom de votre entreprise et de votre produit.\",\"breadcrumb\":{\"@id\":\"https:\/\/www.glysofor.de\/fr\/etiquette-privee\/#breadcrumb\"},\"inLanguage\":\"fr-FR\",\"potentialAction\":[{\"@type\":\"ReadAction\",\"target\":[\"https:\/\/www.glysofor.de\/fr\/etiquette-privee\/\"]}]},{\"@type\":\"BreadcrumbList\",\"@id\":\"https:\/\/www.glysofor.de\/fr\/etiquette-privee\/#breadcrumb\",\"itemListElement\":[{\"@type\":\"ListItem\",\"position\":1,\"name\":\"Startseite\",\"item\":\"https:\/\/www.glysofor.de\/fr\/\"},{\"@type\":\"ListItem\",\"position\":2,\"name\":\"\u00c9tiquette priv\u00e9e\"}]},{\"@type\":\"WebSite\",\"@id\":\"https:\/\/www.glysofor.de\/fr\/#website\",\"url\":\"https:\/\/www.glysofor.de\/fr\/\",\"name\":\"Glysofor\",\"description\":\"Glykole f\u00fcr die K\u00e4lte-, Klima- und Heizungstechnik.\",\"publisher\":{\"@id\":\"https:\/\/www.glysofor.de\/fr\/#organization\"},\"potentialAction\":[{\"@type\":\"SearchAction\",\"target\":{\"@type\":\"EntryPoint\",\"urlTemplate\":\"https:\/\/www.glysofor.de\/fr\/?s={search_term_string}\"},\"query-input\":{\"@type\":\"PropertyValueSpecification\",\"valueRequired\":true,\"valueName\":\"search_term_string\"}}],\"inLanguage\":\"fr-FR\"},{\"@type\":\"Organization\",\"@id\":\"https:\/\/www.glysofor.de\/fr\/#organization\",\"name\":\"Glysofor - Glykole f\u00fcr die K\u00e4lte-, Klima- und Heizungstechnik\",\"url\":\"https:\/\/www.glysofor.de\/fr\/\",\"logo\":{\"@type\":\"ImageObject\",\"inLanguage\":\"fr-FR\",\"@id\":\"https:\/\/www.glysofor.de\/fr\/#\/schema\/logo\/image\/\",\"url\":\"https:\/\/www.glysofor.de\/wp-content\/uploads\/logo-glysofor.png\",\"contentUrl\":\"https:\/\/www.glysofor.de\/wp-content\/uploads\/logo-glysofor.png\",\"width\":800,\"height\":199,\"caption\":\"Glysofor - Glykole f\u00fcr die K\u00e4lte-, Klima- und Heizungstechnik\"},\"image\":{\"@id\":\"https:\/\/www.glysofor.de\/fr\/#\/schema\/logo\/image\/\"},\"sameAs\":[\"https:\/\/www.facebook.com\/Glysofor\/\",\"https:\/\/www.instagram.com\/glysofor\/\",\"https:\/\/www.youtube.com\/channel\/UCNeReuq7bqUGkWkm5vK63mQ\"]}]}<\/script>\n<!-- \/ Yoast SEO plugin. -->","yoast_head_json":{"title":"\u00c9tiquette priv\u00e9e - Distribuer des produits sous sa propre marque","description":"Pour les lots plus petits, nous cr\u00e9ons et imprimons pour vous votre \u00e9tiquette personnelle avec votre logo, le nom de votre entreprise et de votre produit.","robots":{"index":"index","follow":"follow","max-snippet":"max-snippet:-1","max-image-preview":"max-image-preview:large","max-video-preview":"max-video-preview:-1"},"canonical":"https:\/\/www.glysofor.de\/fr\/etiquette-privee\/","og_locale":"fr_FR","og_type":"article","og_title":"\u00c9tiquette priv\u00e9e - Distribuer des produits sous sa propre marque","og_description":"Pour les lots plus petits, nous cr\u00e9ons et imprimons pour vous votre \u00e9tiquette personnelle avec votre logo, le nom de votre entreprise et de votre produit.","og_url":"https:\/\/www.glysofor.de\/fr\/etiquette-privee\/","og_site_name":"Glysofor","article_publisher":"https:\/\/www.facebook.com\/Glysofor\/","article_modified_time":"2022-02-21T14:57:29+00:00","twitter_card":"summary_large_image","twitter_misc":{"Dur\u00e9e de lecture estim\u00e9e":"3 minutes"},"schema":{"@context":"https:\/\/schema.org","@graph":[{"@type":"WebPage","@id":"https:\/\/www.glysofor.de\/fr\/etiquette-privee\/","url":"https:\/\/www.glysofor.de\/fr\/etiquette-privee\/","name":"\u00c9tiquette priv\u00e9e - Distribuer des produits sous sa propre marque","isPartOf":{"@id":"https:\/\/www.glysofor.de\/fr\/#website"},"datePublished":"2019-09-25T10:02:07+00:00","dateModified":"2022-02-21T14:57:29+00:00","description":"Pour les lots plus petits, nous cr\u00e9ons et imprimons pour vous votre \u00e9tiquette personnelle avec votre logo, le nom de votre entreprise et de votre produit.","breadcrumb":{"@id":"https:\/\/www.glysofor.de\/fr\/etiquette-privee\/#breadcrumb"},"inLanguage":"fr-FR","potentialAction":[{"@type":"ReadAction","target":["https:\/\/www.glysofor.de\/fr\/etiquette-privee\/"]}]},{"@type":"BreadcrumbList","@id":"https:\/\/www.glysofor.de\/fr\/etiquette-privee\/#breadcrumb","itemListElement":[{"@type":"ListItem","position":1,"name":"Startseite","item":"https:\/\/www.glysofor.de\/fr\/"},{"@type":"ListItem","position":2,"name":"\u00c9tiquette priv\u00e9e"}]},{"@type":"WebSite","@id":"https:\/\/www.glysofor.de\/fr\/#website","url":"https:\/\/www.glysofor.de\/fr\/","name":"Glysofor","description":"Glykole f\u00fcr die K\u00e4lte-, Klima- und Heizungstechnik.","publisher":{"@id":"https:\/\/www.glysofor.de\/fr\/#organization"},"potentialAction":[{"@type":"SearchAction","target":{"@type":"EntryPoint","urlTemplate":"https:\/\/www.glysofor.de\/fr\/?s={search_term_string}"},"query-input":{"@type":"PropertyValueSpecification","valueRequired":true,"valueName":"search_term_string"}}],"inLanguage":"fr-FR"},{"@type":"Organization","@id":"https:\/\/www.glysofor.de\/fr\/#organization","name":"Glysofor - Glykole f\u00fcr die K\u00e4lte-, Klima- und Heizungstechnik","url":"https:\/\/www.glysofor.de\/fr\/","logo":{"@type":"ImageObject","inLanguage":"fr-FR","@id":"https:\/\/www.glysofor.de\/fr\/#\/schema\/logo\/image\/","url":"https:\/\/www.glysofor.de\/wp-content\/uploads\/logo-glysofor.png","contentUrl":"https:\/\/www.glysofor.de\/wp-content\/uploads\/logo-glysofor.png","width":800,"height":199,"caption":"Glysofor - Glykole f\u00fcr die K\u00e4lte-, Klima- und Heizungstechnik"},"image":{"@id":"https:\/\/www.glysofor.de\/fr\/#\/schema\/logo\/image\/"},"sameAs":["https:\/\/www.facebook.com\/Glysofor\/","https:\/\/www.instagram.com\/glysofor\/","https:\/\/www.youtube.com\/channel\/UCNeReuq7bqUGkWkm5vK63mQ"]}]}},"_links":{"self":[{"href":"https:\/\/www.glysofor.de\/fr\/wp-json\/wp\/v2\/pages\/5502","targetHints":{"allow":["GET"]}}],"collection":[{"href":"https:\/\/www.glysofor.de\/fr\/wp-json\/wp\/v2\/pages"}],"about":[{"href":"https:\/\/www.glysofor.de\/fr\/wp-json\/wp\/v2\/types\/page"}],"author":[{"embeddable":true,"href":"https:\/\/www.glysofor.de\/fr\/wp-json\/wp\/v2\/users\/1"}],"replies":[{"embeddable":true,"href":"https:\/\/www.glysofor.de\/fr\/wp-json\/wp\/v2\/comments?post=5502"}],"version-history":[{"count":4,"href":"https:\/\/www.glysofor.de\/fr\/wp-json\/wp\/v2\/pages\/5502\/revisions"}],"predecessor-version":[{"id":9035,"href":"https:\/\/www.glysofor.de\/fr\/wp-json\/wp\/v2\/pages\/5502\/revisions\/9035"}],"wp:attachment":[{"href":"https:\/\/www.glysofor.de\/fr\/wp-json\/wp\/v2\/media?parent=5502"}],"curies":[{"name":"wp","href":"https:\/\/api.w.org\/{rel}","templated":true}]}}