{"id":5399,"date":"2019-09-23T10:26:43","date_gmt":"2019-09-23T10:26:43","guid":{"rendered":"http:\/\/glysofor.cool\/?page_id=5399"},"modified":"2022-02-21T15:07:30","modified_gmt":"2022-02-21T15:07:30","slug":"refroidissement-de-transformateurs","status":"publish","type":"page","link":"https:\/\/www.glysofor.de\/fr\/refroidissement-de-transformateurs\/","title":{"rendered":"Refroidissement de transformateurs"},"content":{"rendered":"<p><div class=\"fusion-fullwidth fullwidth-box fusion-builder-row-1 nonhundred-percent-fullwidth non-hundred-percent-height-scrolling\" style=\"--awb-border-radius-top-left:0px;--awb-border-radius-top-right:0px;--awb-border-radius-bottom-right:0px;--awb-border-radius-bottom-left:0px;--awb-padding-top:40px;--awb-padding-bottom:40px;--awb-flex-wrap:wrap;\" ><div class=\"fusion-builder-row fusion-row\"><div class=\"fusion-layout-column fusion_builder_column fusion-builder-column-0 fusion_builder_column_1_4 1_4 fusion-one-fourth fusion-column-first\" style=\"--awb-padding-right:10px;--awb-bg-size:cover;--awb-border-color:#ededed;--awb-border-right:1px;--awb-border-style:solid;--awb-margin-top:10px;width:25%;width:calc(25% - ( ( 4% ) * 0.25 ) );margin-right: 4%;\"><div class=\"fusion-column-wrapper fusion-column-has-shadow fusion-flex-column-wrapper-legacy\"><div class=\"fusion-title title fusion-title-1 fusion-title-text fusion-title-size-four\"><h4 class=\"fusion-title-heading title-heading-left fusion-responsive-typography-calculated\" style=\"margin:0;--fontSize:20;--minFontSize:20;line-height:1.2;\">Produits recommand\u00e9s<\/h4><span class=\"awb-title-spacer\"><\/span><div class=\"title-sep-container\"><div class=\"title-sep sep- sep-solid\" style=\"border-color:#e2e2e2;\"><\/div><\/div><\/div><div class=\"fusion-builder-row fusion-builder-row-inner fusion-row\"><div class=\"fusion-layout-column fusion_builder_column_inner fusion-builder-nested-column-0 fusion_builder_column_inner_1_3 1_3 fusion-one-third fusion-column-first\" style=\"--awb-bg-size:cover;width:33.333333333333%;width:calc(33.333333333333% - ( ( 4% ) * 0.33333333333333 ) );margin-right: 4%;\"><div class=\"fusion-column-wrapper fusion-column-has-shadow fusion-flex-column-wrapper-legacy\"><div class=\"fusion-image-element in-legacy-container\" style=\"--awb-caption-title-font-family:var(--h2_typography-font-family);--awb-caption-title-font-weight:var(--h2_typography-font-weight);--awb-caption-title-font-style:var(--h2_typography-font-style);--awb-caption-title-size:var(--h2_typography-font-size);--awb-caption-title-transform:var(--h2_typography-text-transform);--awb-caption-title-line-height:var(--h2_typography-line-height);--awb-caption-title-letter-spacing:var(--h2_typography-letter-spacing);\"><span class=\" fusion-imageframe imageframe-none imageframe-1 hover-type-none\"><a class=\"fusion-no-lightbox\" href=\"\/fr\/glysofor-elm\/\" target=\"_self\" aria-label=\"glysofor-elm-small\"><img decoding=\"async\" width=\"300\" height=\"453\" src=\"https:\/\/www.glysofor.de\/wp-content\/uploads\/images\/glysofor-elm-small.jpg\" alt class=\"img-responsive wp-image-4862\" srcset=\"https:\/\/www.glysofor.de\/wp-content\/uploads\/images\/glysofor-elm-small-200x302.jpg 200w, https:\/\/www.glysofor.de\/wp-content\/uploads\/images\/glysofor-elm-small.jpg 300w\" sizes=\"(max-width: 800px) 100vw, 300px\" \/><\/a><\/span><\/div><div class=\"fusion-clearfix\"><\/div><\/div><\/div><div class=\"fusion-layout-column fusion_builder_column_inner fusion-builder-nested-column-1 fusion_builder_column_inner_2_3 2_3 fusion-two-third fusion-column-last\" style=\"--awb-bg-size:cover;width:66.666666666667%;width:calc(66.666666666667% - ( ( 4% ) * 0.66666666666667 ) );\"><div class=\"fusion-column-wrapper fusion-column-has-shadow fusion-flex-column-wrapper-legacy\"><div class=\"fusion-text fusion-text-1\"><p><a href=\"\/fr\/glysofor-elm\/\"><strong>Glysofor ELM<br \/>\n<\/strong><\/a><span class=\"small\">Mono\u00e9thyl\u00e8ne glycol de haute puret\u00e9 comme produit pur concentr\u00e9 ou comme solution aqueuse<\/span><\/p>\n<\/div><div class=\"fusion-clearfix\"><\/div><\/div><\/div><\/div><div class=\"fusion-builder-row fusion-builder-row-inner fusion-row\"><div class=\"fusion-layout-column fusion_builder_column_inner fusion-builder-nested-column-2 fusion_builder_column_inner_1_3 1_3 fusion-one-third fusion-column-first\" style=\"--awb-bg-size:cover;width:33.333333333333%;width:calc(33.333333333333% - ( ( 4% ) * 0.33333333333333 ) );margin-right: 4%;\"><div class=\"fusion-column-wrapper fusion-column-has-shadow fusion-flex-column-wrapper-legacy\"><div class=\"fusion-image-element in-legacy-container\" style=\"--awb-caption-title-font-family:var(--h2_typography-font-family);--awb-caption-title-font-weight:var(--h2_typography-font-weight);--awb-caption-title-font-style:var(--h2_typography-font-style);--awb-caption-title-size:var(--h2_typography-font-size);--awb-caption-title-transform:var(--h2_typography-text-transform);--awb-caption-title-line-height:var(--h2_typography-line-height);--awb-caption-title-letter-spacing:var(--h2_typography-letter-spacing);\"><span class=\" fusion-imageframe imageframe-none imageframe-2 hover-type-none\"><a class=\"fusion-no-lightbox\" href=\"\/fr\/glysofor-elp\/\" target=\"_self\" aria-label=\"glysofor-elp-small\"><img decoding=\"async\" width=\"300\" height=\"453\" src=\"https:\/\/www.glysofor.de\/wp-content\/uploads\/images\/glysofor-elp-small.jpg\" alt class=\"img-responsive wp-image-4870\" srcset=\"https:\/\/www.glysofor.de\/wp-content\/uploads\/images\/glysofor-elp-small-200x302.jpg 200w, https:\/\/www.glysofor.de\/wp-content\/uploads\/images\/glysofor-elp-small.jpg 300w\" sizes=\"(max-width: 800px) 100vw, 300px\" \/><\/a><\/span><\/div><div class=\"fusion-clearfix\"><\/div><\/div><\/div><div class=\"fusion-layout-column fusion_builder_column_inner fusion-builder-nested-column-3 fusion_builder_column_inner_2_3 2_3 fusion-two-third fusion-column-last\" style=\"--awb-bg-size:cover;width:66.666666666667%;width:calc(66.666666666667% - ( ( 4% ) * 0.66666666666667 ) );\"><div class=\"fusion-column-wrapper fusion-column-has-shadow fusion-flex-column-wrapper-legacy\"><div class=\"fusion-text fusion-text-2\"><p><a href=\"\/fr\/glysofor-elp\/\"><strong>Glysofor ELP<br \/>\n<\/strong><\/a><span class=\"small\">Propyl\u00e8ne glycol tr\u00e8s pur comme produit concentr\u00e9 pur ou comme solution aqueuse<\/span><\/p>\n<\/div><div class=\"fusion-clearfix\"><\/div><\/div><\/div><\/div><div class=\"fusion-clearfix\"><\/div><\/div><\/div><div class=\"fusion-layout-column fusion_builder_column fusion-builder-column-1 fusion_builder_column_3_4 3_4 fusion-three-fourth fusion-column-last\" style=\"--awb-bg-size:cover;width:75%;width:calc(75% - ( ( 4% ) * 0.75 ) );\"><div class=\"fusion-column-wrapper fusion-column-has-shadow fusion-flex-column-wrapper-legacy\"><div class=\"fusion-title title fusion-title-2 fusion-title-text fusion-title-size-two\"><h2 class=\"fusion-title-heading title-heading-left fusion-responsive-typography-calculated\" style=\"margin:0;--fontSize:40;line-height:1.3;\">Les transformateurs sont des \u00e9l\u00e9ments cl\u00e9 des r\u00e9seaux d\u2019alimentation \u00e9lectrique.<\/h2><span class=\"awb-title-spacer\"><\/span><div class=\"title-sep-container\"><div class=\"title-sep sep- sep-solid\" style=\"border-color:#e2e2e2;\"><\/div><\/div><\/div><div class=\"fusion-title title fusion-title-3 fusion-title-text fusion-title-size-three\"><h3 class=\"fusion-title-heading title-heading-left fusion-responsive-typography-calculated\" style=\"margin:0;--fontSize:24;line-height:1.4;\">Par cons\u00e9quent, les pannes entra\u00eenent des co\u00fbts importants. Un crit\u00e8re important pour la dur\u00e9e de vie d\u2019un transformateur est la temp\u00e9rature qui augmente avec la contrainte.<\/h3><span class=\"awb-title-spacer\"><\/span><div class=\"title-sep-container\"><div class=\"title-sep sep- sep-solid\" style=\"border-color:#e2e2e2;\"><\/div><\/div><\/div><div class=\"fusion-text fusion-text-3\"><p>La n\u00e9cessit\u00e9 de ne pas d\u00e9passer la temp\u00e9rature maximale demande un dimensionnement correspondant de l\u2019installation de refroidissement. Selon les conditions de fonctionnement, de diff\u00e9rentes m\u00e9thodes de refroidissement peuvent \u00eatre utilis\u00e9es afin de garantir un fonctionnement s\u00fbr, de longue dur\u00e9e et pauvre en travaux de maintenance.<br \/>\nEn plus des dispositifs de refroidissement huile-eau, les dispositifs de refroidissement huile-eau OFWF (Oil Forced Water Forced) et ODWF (Oil Directed Water Forced) sont \u00e0 nommer. Des installations de refroidissement d\u2019eau sont utilis\u00e9es dans le cas d\u2019\u00e9vacuation de pertes en puissance plus \u00e9lev\u00e9es, en particulier dans le cas de conditions d\u2019installation et ambiantes difficiles. Il s\u2019agit avant tout d\u2019emplacements de montage dans lesquels la r\u00e9alisation d\u2019une \u00e9vacuation de la chaleur au moyen d\u2019air de refroidissement est difficile, comme, par exemple, dans une atmosph\u00e8re chimique agressive, dans des salles de transformateurs d\u00e9favorables en ce qui concerne le refroidissement ainsi que dans le cas d\u2019exigences concernant une classe de protection plus \u00e9lev\u00e9e en raison de la s\u00e9curit\u00e9 des personnes.<br \/>\nLes produits Glysofor ELM et Glysofor ELP r\u00e9alise ici un excellent travail en ce qui concerne l\u2019\u00e9vacuation de la chaleur, en particulier dans le cas d\u2019applications qui requi\u00e8rent une conductivit\u00e9 \u00e9lectrique extr\u00eamement basse.<br \/>\nLa production des solutions est effectu\u00e9e avec de l\u2019eau ultra-pure ayant une conductivit\u00e9 \u00e9lectrique inf\u00e9rieure \u00e0 0,1\u03bcs\/cm.<br \/>\nEn plus de leur excellente propri\u00e9t\u00e9 relative au transfert de chaleur, les produits Glysofor ELM et Glysofor ELP offrent \u00e9galement des propri\u00e9t\u00e9s antigel et anticorrosion optimales.<\/p>\n<\/div><div class=\"fusion-clearfix\"><\/div><\/div><\/div><\/div><\/div><div class=\"fusion-fullwidth fullwidth-box fusion-builder-row-2 fusion-parallax-none nonhundred-percent-fullwidth non-hundred-percent-height-scrolling\" style=\"--awb-background-position:center top;--awb-border-sizes-top:0px;--awb-border-sizes-bottom:0px;--awb-border-sizes-left:0px;--awb-border-sizes-right:0px;--awb-border-radius-top-left:0px;--awb-border-radius-top-right:0px;--awb-border-radius-bottom-right:0px;--awb-border-radius-bottom-left:0px;--awb-padding-top:40px;--awb-padding-bottom:40px;--awb-background-color:#2a8fbd;--awb-background-image:url(&quot;https:\/\/www.glysofor.de\/wp-content\/uploads\/images\/bg-anfrage.jpg&quot;);--awb-background-size:cover;--awb-flex-wrap:wrap;\" ><div class=\"fusion-builder-row fusion-row\"><div class=\"fusion-layout-column fusion_builder_column fusion-builder-column-2 fusion_builder_column_1_1 1_1 fusion-one-full fusion-column-first fusion-column-last fusion-column-no-min-height\" style=\"--awb-bg-size:cover;--awb-margin-bottom:0px;\"><div class=\"fusion-column-wrapper fusion-column-has-shadow fusion-flex-column-wrapper-legacy\"><div class=\"fusion-title title fusion-title-4 fusion-title-center fusion-title-text fusion-title-size-two\" style=\"--awb-text-color:#ffffff;--awb-margin-bottom:40px;\"><div class=\"title-sep-container title-sep-container-left\"><div class=\"title-sep sep- sep-solid\" style=\"border-color:#e2e2e2;\"><\/div><\/div><span class=\"awb-title-spacer\"><\/span><h2 class=\"fusion-title-heading title-heading-center fusion-responsive-typography-calculated\" style=\"margin:0;--fontSize:40;line-height:1.3;\">Vous avez des questions ?<\/h2><span class=\"awb-title-spacer\"><\/span><div class=\"title-sep-container title-sep-container-right\"><div class=\"title-sep sep- sep-solid\" style=\"border-color:#e2e2e2;\"><\/div><\/div><\/div><div class=\"fusion-title title fusion-title-5 fusion-title-center fusion-title-text fusion-title-size-four\" style=\"--awb-text-color:#ffffff;--awb-margin-bottom:40px;\"><div class=\"title-sep-container title-sep-container-left\"><div class=\"title-sep sep- sep-solid\" style=\"border-color:#e2e2e2;\"><\/div><\/div><span class=\"awb-title-spacer\"><\/span><h4 class=\"fusion-title-heading title-heading-center fusion-responsive-typography-calculated\" style=\"margin:0;--fontSize:20;--minFontSize:20;line-height:1.2;\">Nous vous conseillons volontiers et sans engagement pour que vous puissiez trouver<br \/>\nle produit adapt\u00e9 \u00e0 votre utilisation pr\u00e9vue.<\/h4><span class=\"awb-title-spacer\"><\/span><div class=\"title-sep-container title-sep-container-right\"><div class=\"title-sep sep- sep-solid\" style=\"border-color:#e2e2e2;\"><\/div><\/div><\/div><div class=\"fusion-aligncenter\"><a class=\"fusion-button button-flat button-xlarge button-custom fusion-button-default button-1 fusion-button-default-span fusion-animated\" style=\"--button_accent_color:rgba(255,255,255,.8);--button_border_color:rgba(255,255,255,.8);--button_accent_hover_color:#ffffff;--button_border_hover_color:#ffffff;--button_border_width-top:2px;--button_border_width-right:2px;--button_border_width-bottom:2px;--button_border_width-left:2px;--button_gradient_top_color:rgba(255,255,255,.1);--button_gradient_bottom_color:rgba(255,255,255,.1);--button_gradient_top_color_hover:rgba(255, 255, 255, 0.25);--button_gradient_bottom_color_hover:rgba(255, 255, 255, 0.25);\" data-animationType=\"fadeInUp\" data-animationDuration=\"1.0\" data-animationOffset=\"top-into-view\" target=\"_self\" href=\"\/fr\/contact\/\"><span class=\"fusion-button-text awb-button__text awb-button__text--default\">Faire une demande<\/span><\/a><\/div><div class=\"fusion-clearfix\"><\/div><\/div><\/div><\/div><\/div><\/p>\n","protected":false},"excerpt":{"rendered":"","protected":false},"author":1,"featured_media":0,"parent":0,"menu_order":0,"comment_status":"closed","ping_status":"closed","template":"100-width.php","meta":{"footnotes":""},"class_list":["post-5399","page","type-page","status-publish","hentry"],"yoast_head":"<!-- This site is optimized with the Yoast SEO plugin v27.0 - https:\/\/yoast.com\/product\/yoast-seo-wordpress\/ -->\n<title>R\u00e9frig\u00e9rants pour le refroidissement des transformateurs - Glysofor ELM et ELP<\/title>\n<meta name=\"description\" content=\"Les produits Glysofor rendent d&#039;excellents services dans les applications o\u00f9 des conductivit\u00e9s \u00e9lectriques extr\u00eamement faibles sont requises.\" \/>\n<meta name=\"robots\" content=\"index, follow, max-snippet:-1, max-image-preview:large, max-video-preview:-1\" \/>\n<link rel=\"canonical\" href=\"https:\/\/www.glysofor.de\/fr\/refroidissement-de-transformateurs\/\" \/>\n<meta property=\"og:locale\" content=\"fr_FR\" \/>\n<meta property=\"og:type\" content=\"article\" \/>\n<meta property=\"og:title\" content=\"R\u00e9frig\u00e9rants pour le refroidissement des transformateurs - Glysofor ELM et ELP\" \/>\n<meta property=\"og:description\" content=\"Les produits Glysofor rendent d&#039;excellents services dans les applications o\u00f9 des conductivit\u00e9s \u00e9lectriques extr\u00eamement faibles sont requises.\" \/>\n<meta property=\"og:url\" content=\"https:\/\/www.glysofor.de\/fr\/refroidissement-de-transformateurs\/\" \/>\n<meta property=\"og:site_name\" content=\"Glysofor\" \/>\n<meta property=\"article:publisher\" content=\"https:\/\/www.facebook.com\/Glysofor\/\" \/>\n<meta property=\"article:modified_time\" content=\"2022-02-21T15:07:30+00:00\" \/>\n<meta name=\"twitter:card\" content=\"summary_large_image\" \/>\n<meta name=\"twitter:label1\" content=\"Dur\u00e9e de lecture estim\u00e9e\" \/>\n\t<meta name=\"twitter:data1\" content=\"6 minutes\" \/>\n<script type=\"application\/ld+json\" class=\"yoast-schema-graph\">{\"@context\":\"https:\/\/schema.org\",\"@graph\":[{\"@type\":\"WebPage\",\"@id\":\"https:\/\/www.glysofor.de\/fr\/refroidissement-de-transformateurs\/\",\"url\":\"https:\/\/www.glysofor.de\/fr\/refroidissement-de-transformateurs\/\",\"name\":\"R\u00e9frig\u00e9rants pour le refroidissement des transformateurs - Glysofor ELM et ELP\",\"isPartOf\":{\"@id\":\"https:\/\/www.glysofor.de\/fr\/#website\"},\"datePublished\":\"2019-09-23T10:26:43+00:00\",\"dateModified\":\"2022-02-21T15:07:30+00:00\",\"description\":\"Les produits Glysofor rendent d'excellents services dans les applications o\u00f9 des conductivit\u00e9s \u00e9lectriques extr\u00eamement faibles sont requises.\",\"breadcrumb\":{\"@id\":\"https:\/\/www.glysofor.de\/fr\/refroidissement-de-transformateurs\/#breadcrumb\"},\"inLanguage\":\"fr-FR\",\"potentialAction\":[{\"@type\":\"ReadAction\",\"target\":[\"https:\/\/www.glysofor.de\/fr\/refroidissement-de-transformateurs\/\"]}]},{\"@type\":\"BreadcrumbList\",\"@id\":\"https:\/\/www.glysofor.de\/fr\/refroidissement-de-transformateurs\/#breadcrumb\",\"itemListElement\":[{\"@type\":\"ListItem\",\"position\":1,\"name\":\"Startseite\",\"item\":\"https:\/\/www.glysofor.de\/fr\/\"},{\"@type\":\"ListItem\",\"position\":2,\"name\":\"Refroidissement de transformateurs\"}]},{\"@type\":\"WebSite\",\"@id\":\"https:\/\/www.glysofor.de\/fr\/#website\",\"url\":\"https:\/\/www.glysofor.de\/fr\/\",\"name\":\"Glysofor\",\"description\":\"Glykole f\u00fcr die K\u00e4lte-, Klima- und Heizungstechnik.\",\"publisher\":{\"@id\":\"https:\/\/www.glysofor.de\/fr\/#organization\"},\"potentialAction\":[{\"@type\":\"SearchAction\",\"target\":{\"@type\":\"EntryPoint\",\"urlTemplate\":\"https:\/\/www.glysofor.de\/fr\/?s={search_term_string}\"},\"query-input\":{\"@type\":\"PropertyValueSpecification\",\"valueRequired\":true,\"valueName\":\"search_term_string\"}}],\"inLanguage\":\"fr-FR\"},{\"@type\":\"Organization\",\"@id\":\"https:\/\/www.glysofor.de\/fr\/#organization\",\"name\":\"Glysofor - Glykole f\u00fcr die K\u00e4lte-, Klima- und Heizungstechnik\",\"url\":\"https:\/\/www.glysofor.de\/fr\/\",\"logo\":{\"@type\":\"ImageObject\",\"inLanguage\":\"fr-FR\",\"@id\":\"https:\/\/www.glysofor.de\/fr\/#\/schema\/logo\/image\/\",\"url\":\"https:\/\/www.glysofor.de\/wp-content\/uploads\/logo-glysofor.png\",\"contentUrl\":\"https:\/\/www.glysofor.de\/wp-content\/uploads\/logo-glysofor.png\",\"width\":800,\"height\":199,\"caption\":\"Glysofor - Glykole f\u00fcr die K\u00e4lte-, Klima- und Heizungstechnik\"},\"image\":{\"@id\":\"https:\/\/www.glysofor.de\/fr\/#\/schema\/logo\/image\/\"},\"sameAs\":[\"https:\/\/www.facebook.com\/Glysofor\/\",\"https:\/\/www.instagram.com\/glysofor\/\",\"https:\/\/www.youtube.com\/channel\/UCNeReuq7bqUGkWkm5vK63mQ\"]}]}<\/script>\n<!-- \/ Yoast SEO plugin. -->","yoast_head_json":{"title":"R\u00e9frig\u00e9rants pour le refroidissement des transformateurs - Glysofor ELM et ELP","description":"Les produits Glysofor rendent d'excellents services dans les applications o\u00f9 des conductivit\u00e9s \u00e9lectriques extr\u00eamement faibles sont requises.","robots":{"index":"index","follow":"follow","max-snippet":"max-snippet:-1","max-image-preview":"max-image-preview:large","max-video-preview":"max-video-preview:-1"},"canonical":"https:\/\/www.glysofor.de\/fr\/refroidissement-de-transformateurs\/","og_locale":"fr_FR","og_type":"article","og_title":"R\u00e9frig\u00e9rants pour le refroidissement des transformateurs - Glysofor ELM et ELP","og_description":"Les produits Glysofor rendent d'excellents services dans les applications o\u00f9 des conductivit\u00e9s \u00e9lectriques extr\u00eamement faibles sont requises.","og_url":"https:\/\/www.glysofor.de\/fr\/refroidissement-de-transformateurs\/","og_site_name":"Glysofor","article_publisher":"https:\/\/www.facebook.com\/Glysofor\/","article_modified_time":"2022-02-21T15:07:30+00:00","twitter_card":"summary_large_image","twitter_misc":{"Dur\u00e9e de lecture estim\u00e9e":"6 minutes"},"schema":{"@context":"https:\/\/schema.org","@graph":[{"@type":"WebPage","@id":"https:\/\/www.glysofor.de\/fr\/refroidissement-de-transformateurs\/","url":"https:\/\/www.glysofor.de\/fr\/refroidissement-de-transformateurs\/","name":"R\u00e9frig\u00e9rants pour le refroidissement des transformateurs - Glysofor ELM et ELP","isPartOf":{"@id":"https:\/\/www.glysofor.de\/fr\/#website"},"datePublished":"2019-09-23T10:26:43+00:00","dateModified":"2022-02-21T15:07:30+00:00","description":"Les produits Glysofor rendent d'excellents services dans les applications o\u00f9 des conductivit\u00e9s \u00e9lectriques extr\u00eamement faibles sont requises.","breadcrumb":{"@id":"https:\/\/www.glysofor.de\/fr\/refroidissement-de-transformateurs\/#breadcrumb"},"inLanguage":"fr-FR","potentialAction":[{"@type":"ReadAction","target":["https:\/\/www.glysofor.de\/fr\/refroidissement-de-transformateurs\/"]}]},{"@type":"BreadcrumbList","@id":"https:\/\/www.glysofor.de\/fr\/refroidissement-de-transformateurs\/#breadcrumb","itemListElement":[{"@type":"ListItem","position":1,"name":"Startseite","item":"https:\/\/www.glysofor.de\/fr\/"},{"@type":"ListItem","position":2,"name":"Refroidissement de transformateurs"}]},{"@type":"WebSite","@id":"https:\/\/www.glysofor.de\/fr\/#website","url":"https:\/\/www.glysofor.de\/fr\/","name":"Glysofor","description":"Glykole f\u00fcr die K\u00e4lte-, Klima- und Heizungstechnik.","publisher":{"@id":"https:\/\/www.glysofor.de\/fr\/#organization"},"potentialAction":[{"@type":"SearchAction","target":{"@type":"EntryPoint","urlTemplate":"https:\/\/www.glysofor.de\/fr\/?s={search_term_string}"},"query-input":{"@type":"PropertyValueSpecification","valueRequired":true,"valueName":"search_term_string"}}],"inLanguage":"fr-FR"},{"@type":"Organization","@id":"https:\/\/www.glysofor.de\/fr\/#organization","name":"Glysofor - Glykole f\u00fcr die K\u00e4lte-, Klima- und Heizungstechnik","url":"https:\/\/www.glysofor.de\/fr\/","logo":{"@type":"ImageObject","inLanguage":"fr-FR","@id":"https:\/\/www.glysofor.de\/fr\/#\/schema\/logo\/image\/","url":"https:\/\/www.glysofor.de\/wp-content\/uploads\/logo-glysofor.png","contentUrl":"https:\/\/www.glysofor.de\/wp-content\/uploads\/logo-glysofor.png","width":800,"height":199,"caption":"Glysofor - Glykole f\u00fcr die K\u00e4lte-, Klima- und Heizungstechnik"},"image":{"@id":"https:\/\/www.glysofor.de\/fr\/#\/schema\/logo\/image\/"},"sameAs":["https:\/\/www.facebook.com\/Glysofor\/","https:\/\/www.instagram.com\/glysofor\/","https:\/\/www.youtube.com\/channel\/UCNeReuq7bqUGkWkm5vK63mQ"]}]}},"_links":{"self":[{"href":"https:\/\/www.glysofor.de\/fr\/wp-json\/wp\/v2\/pages\/5399","targetHints":{"allow":["GET"]}}],"collection":[{"href":"https:\/\/www.glysofor.de\/fr\/wp-json\/wp\/v2\/pages"}],"about":[{"href":"https:\/\/www.glysofor.de\/fr\/wp-json\/wp\/v2\/types\/page"}],"author":[{"embeddable":true,"href":"https:\/\/www.glysofor.de\/fr\/wp-json\/wp\/v2\/users\/1"}],"replies":[{"embeddable":true,"href":"https:\/\/www.glysofor.de\/fr\/wp-json\/wp\/v2\/comments?post=5399"}],"version-history":[{"count":4,"href":"https:\/\/www.glysofor.de\/fr\/wp-json\/wp\/v2\/pages\/5399\/revisions"}],"predecessor-version":[{"id":9042,"href":"https:\/\/www.glysofor.de\/fr\/wp-json\/wp\/v2\/pages\/5399\/revisions\/9042"}],"wp:attachment":[{"href":"https:\/\/www.glysofor.de\/fr\/wp-json\/wp\/v2\/media?parent=5399"}],"curies":[{"name":"wp","href":"https:\/\/api.w.org\/{rel}","templated":true}]}}