{"id":5378,"date":"2019-09-23T08:01:38","date_gmt":"2019-09-23T08:01:38","guid":{"rendered":"http:\/\/glysofor.cool\/?page_id=5378"},"modified":"2022-02-21T14:55:39","modified_gmt":"2022-02-21T14:55:39","slug":"industrie-alimentaire","status":"publish","type":"page","link":"https:\/\/www.glysofor.de\/fr\/industrie-alimentaire\/","title":{"rendered":"Industrie alimentaire"},"content":{"rendered":"<p><div class=\"fusion-fullwidth fullwidth-box fusion-builder-row-1 nonhundred-percent-fullwidth non-hundred-percent-height-scrolling\" style=\"--awb-border-radius-top-left:0px;--awb-border-radius-top-right:0px;--awb-border-radius-bottom-right:0px;--awb-border-radius-bottom-left:0px;--awb-padding-top:40px;--awb-padding-bottom:40px;--awb-flex-wrap:wrap;\" ><div class=\"fusion-builder-row fusion-row\"><div class=\"fusion-layout-column fusion_builder_column fusion-builder-column-0 fusion_builder_column_1_4 1_4 fusion-one-fourth fusion-column-first\" style=\"--awb-padding-right:10px;--awb-bg-size:cover;--awb-border-color:#ededed;--awb-border-right:1px;--awb-border-style:solid;--awb-margin-top:10px;width:25%;width:calc(25% - ( ( 4% ) * 0.25 ) );margin-right: 4%;\"><div class=\"fusion-column-wrapper fusion-column-has-shadow fusion-flex-column-wrapper-legacy\"><div class=\"fusion-title title fusion-title-1 fusion-title-text fusion-title-size-four\"><h4 class=\"fusion-title-heading title-heading-left fusion-responsive-typography-calculated\" style=\"margin:0;--fontSize:20;--minFontSize:20;line-height:1.2;\">Produits recommand\u00e9s<\/h4><span class=\"awb-title-spacer\"><\/span><div class=\"title-sep-container\"><div class=\"title-sep sep- sep-solid\" style=\"border-color:#e2e2e2;\"><\/div><\/div><\/div><div class=\"fusion-builder-row fusion-builder-row-inner fusion-row\"><div class=\"fusion-layout-column fusion_builder_column_inner fusion-builder-nested-column-0 fusion_builder_column_inner_1_3 1_3 fusion-one-third fusion-column-first\" style=\"--awb-bg-size:cover;width:33.333333333333%;width:calc(33.333333333333% - ( ( 4% ) * 0.33333333333333 ) );margin-right: 4%;\"><div class=\"fusion-column-wrapper fusion-column-has-shadow fusion-flex-column-wrapper-legacy\"><div class=\"fusion-image-element in-legacy-container\" style=\"--awb-caption-title-font-family:var(--h2_typography-font-family);--awb-caption-title-font-weight:var(--h2_typography-font-weight);--awb-caption-title-font-style:var(--h2_typography-font-style);--awb-caption-title-size:var(--h2_typography-font-size);--awb-caption-title-transform:var(--h2_typography-text-transform);--awb-caption-title-line-height:var(--h2_typography-line-height);--awb-caption-title-letter-spacing:var(--h2_typography-letter-spacing);\"><span class=\" fusion-imageframe imageframe-none imageframe-1 hover-type-none\"><a class=\"fusion-no-lightbox\" href=\"\/fr\/glysofor-l\/\" target=\"_self\" aria-label=\"glysofor-l-small\"><img decoding=\"async\" width=\"300\" height=\"453\" alt=\"Lebensmittel Glykol Glysofor L \u2013 Propylenglykol f\u00fcr lebensmittelnahe Anwendungen\" src=\"https:\/\/www.glysofor.de\/wp-content\/uploads\/images\/glysofor-l-small.jpg\" class=\"img-responsive wp-image-4914\" srcset=\"https:\/\/www.glysofor.de\/wp-content\/uploads\/images\/glysofor-l-small-200x302.jpg 200w, https:\/\/www.glysofor.de\/wp-content\/uploads\/images\/glysofor-l-small.jpg 300w\" sizes=\"(max-width: 800px) 100vw, 300px\" \/><\/a><\/span><\/div><div class=\"fusion-clearfix\"><\/div><\/div><\/div><div class=\"fusion-layout-column fusion_builder_column_inner fusion-builder-nested-column-1 fusion_builder_column_inner_2_3 2_3 fusion-two-third fusion-column-last\" style=\"--awb-bg-size:cover;width:66.666666666667%;width:calc(66.666666666667% - ( ( 4% ) * 0.66666666666667 ) );\"><div class=\"fusion-column-wrapper fusion-column-has-shadow fusion-flex-column-wrapper-legacy\"><div class=\"fusion-text fusion-text-1\"><p><a href=\"\/fr\/glysofor-l\/\"><strong>Glysofor L<br \/>\n<\/strong><\/a><span class=\"small\">Concentr\u00e9 d&rsquo;antigel \u00e0 base de propyl\u00e8ne glycol<\/span><\/p>\n<\/div><div class=\"fusion-clearfix\"><\/div><\/div><\/div><\/div><div class=\"fusion-builder-row fusion-builder-row-inner fusion-row\"><div class=\"fusion-layout-column fusion_builder_column_inner fusion-builder-nested-column-2 fusion_builder_column_inner_1_3 1_3 fusion-one-third fusion-column-first\" style=\"--awb-bg-size:cover;width:33.333333333333%;width:calc(33.333333333333% - ( ( 4% ) * 0.33333333333333 ) );margin-right: 4%;\"><div class=\"fusion-column-wrapper fusion-column-has-shadow fusion-flex-column-wrapper-legacy\"><div class=\"fusion-image-element in-legacy-container\" style=\"--awb-caption-title-font-family:var(--h2_typography-font-family);--awb-caption-title-font-weight:var(--h2_typography-font-weight);--awb-caption-title-font-style:var(--h2_typography-font-style);--awb-caption-title-size:var(--h2_typography-font-size);--awb-caption-title-transform:var(--h2_typography-text-transform);--awb-caption-title-line-height:var(--h2_typography-line-height);--awb-caption-title-letter-spacing:var(--h2_typography-letter-spacing);\"><span class=\" fusion-imageframe imageframe-none imageframe-2 hover-type-none\"><a class=\"fusion-no-lightbox\" href=\"\/fr\/glysofor-f\/\" target=\"_self\" aria-label=\"glysofor-f-small\"><img decoding=\"async\" width=\"300\" height=\"453\" src=\"https:\/\/www.glysofor.de\/wp-content\/uploads\/images\/glysofor-f-small.jpg\" alt class=\"img-responsive wp-image-4902\" srcset=\"https:\/\/www.glysofor.de\/wp-content\/uploads\/images\/glysofor-f-small-200x302.jpg 200w, https:\/\/www.glysofor.de\/wp-content\/uploads\/images\/glysofor-f-small.jpg 300w\" sizes=\"(max-width: 800px) 100vw, 300px\" \/><\/a><\/span><\/div><div class=\"fusion-clearfix\"><\/div><\/div><\/div><div class=\"fusion-layout-column fusion_builder_column_inner fusion-builder-nested-column-3 fusion_builder_column_inner_2_3 2_3 fusion-two-third fusion-column-last\" style=\"--awb-bg-size:cover;width:66.666666666667%;width:calc(66.666666666667% - ( ( 4% ) * 0.66666666666667 ) );\"><div class=\"fusion-column-wrapper fusion-column-has-shadow fusion-flex-column-wrapper-legacy\"><div class=\"fusion-text fusion-text-2\"><p><a href=\"\/fr\/glysofor-f\/\"><strong>Glysofor F<br \/>\n<\/strong><\/a><span class=\"small\">Toutes les substances contenues sont des additifs alimentaires.<\/span><\/p>\n<\/div><div class=\"fusion-clearfix\"><\/div><\/div><\/div><\/div><div class=\"fusion-clearfix\"><\/div><\/div><\/div><div class=\"fusion-layout-column fusion_builder_column fusion-builder-column-1 fusion_builder_column_3_4 3_4 fusion-three-fourth fusion-column-last\" style=\"--awb-bg-size:cover;width:75%;width:calc(75% - ( ( 4% ) * 0.75 ) );\"><div class=\"fusion-column-wrapper fusion-column-has-shadow fusion-flex-column-wrapper-legacy\"><div class=\"fusion-title title fusion-title-2 fusion-title-text fusion-title-size-two\"><h2 class=\"fusion-title-heading title-heading-left fusion-responsive-typography-calculated\" style=\"margin:0;--fontSize:40;line-height:1.3;\">Concentr\u00e9s Glysofor &#8211; fiables pour le transfert de chaleur ou du froid dans l\u2019industrie alimentaire.<\/h2><span class=\"awb-title-spacer\"><\/span><div class=\"title-sep-container\"><div class=\"title-sep sep- sep-solid\" style=\"border-color:#e2e2e2;\"><\/div><\/div><\/div><div class=\"fusion-title title fusion-title-3 fusion-title-text fusion-title-size-three\"><h3 class=\"fusion-title-heading title-heading-left fusion-responsive-typography-calculated\" style=\"margin:0;--fontSize:24;line-height:1.4;\">Ils sont utilis\u00e9s aussi bien pour le transport frigorifique et le refroidissement d\u2019installations de production et de remplissage que pour le refroidissement ou la cong\u00e9lation des aliments pr\u00e9par\u00e9s.<\/h3><span class=\"awb-title-spacer\"><\/span><div class=\"title-sep-container\"><div class=\"title-sep sep- sep-solid\" style=\"border-color:#e2e2e2;\"><\/div><\/div><\/div><div class=\"fusion-text fusion-text-3\"><p>Glysofor r\u00e9alise un excellent travail dans les syst\u00e8mes de refroidissement et les entrep\u00f4ts frigorifiques pour le stockage d\u2019aliments ainsi que le commerce, le transport et la gastronomie. Glysofor est \u00e9conomique et efficace pour la d\u00e9cong\u00e9lation d\u2019installations et d\u2019appareils.<br \/>\nLes produits Glysofor L, Glysofor F et Glysofor N sont bas\u00e9s sur de diff\u00e9rents glycols et offrent non seulement d\u2019excellentes propri\u00e9t\u00e9s de protection contre le gel mais \u00e9galement une protection optimale contre la corrosion.<\/p>\n<\/div><div class=\"fusion-title title fusion-title-4 fusion-title-text fusion-title-size-three\"><h3 class=\"fusion-title-heading title-heading-left fusion-responsive-typography-calculated\" style=\"margin:0;--fontSize:24;line-height:1.4;\">Les avantages de Glysofor sont \u00e9vidents.<\/h3><span class=\"awb-title-spacer\"><\/span><div class=\"title-sep-container\"><div class=\"title-sep sep- sep-solid\" style=\"border-color:#e2e2e2;\"><\/div><\/div><\/div><div class=\"fusion-text fusion-text-4\"><p>Glysofor L et Glysofor F en particulier pr\u00e9sentent une toxicit\u00e9 extr\u00eamement faible. fabriqu\u00e9s \u00e0 base de polypropyl\u00e8ne glycol, les deux produits sont inoffensifs en mati\u00e8re d\u2019hygi\u00e8ne alimentaire. Selon les directive de classification actuelles en vigueur, les deux produits ne pr\u00e9sentent aucune caract\u00e9ristique de danger. Cela est d\u00fb notamment aux ingr\u00e9dients modernes qui sont \u00e9galement utilis\u00e9s de pr\u00e9f\u00e9rence pour la fabrication de denr\u00e9es alimentaires et d\u2019aliments pour animaux ainsi que de produits cosm\u00e9tiques et pharmaceutiques. Le produit Glysofor F se compose m\u00eame d\u2019additifs alimentaires qui ne poss\u00e8dent aucune caract\u00e9ristique de danger, ni en tant que substances pures, ni dans la formulation finale. Les concentr\u00e9s Glysofor poss\u00e8dent d\u2019excellentes propri\u00e9t\u00e9s de transmission de chaleur et de froid. Ils abaissent le point de cong\u00e9lation de l\u2019eau tout en \u00e9levant son point d\u2019\u00e9bullition. Les solutions \u00e0 base de Glysofor restent ainsi fluides et fonctionnelles dans une tr\u00e8s vaste plage de temp\u00e9ratures. En raison des caract\u00e9ristiques chimiques de Glysofor, une \u00e9vaporation autonome pratiquement exclue. Ceci offre l\u2019avantage d\u00e9cisif par rapport aux produits \u00e0 base d\u2019alcool qui, de surcro\u00eet, peuvent d\u00e9gager une forte odeur alors que Glysofor est pratiquement inodore. En outre, l\u2019inflammabilit\u00e9 bien connue des produits \u00e0 base d\u2019alcool n\u2019existe pas dans le cas des solutions \u00e0 base de Glysofor.<\/p>\n<\/div><div class=\"fusion-clearfix\"><\/div><\/div><\/div><\/div><\/div><div class=\"fusion-fullwidth fullwidth-box fusion-builder-row-2 fusion-parallax-none nonhundred-percent-fullwidth non-hundred-percent-height-scrolling\" style=\"--awb-background-position:center top;--awb-border-sizes-top:0px;--awb-border-sizes-bottom:0px;--awb-border-sizes-left:0px;--awb-border-sizes-right:0px;--awb-border-radius-top-left:0px;--awb-border-radius-top-right:0px;--awb-border-radius-bottom-right:0px;--awb-border-radius-bottom-left:0px;--awb-padding-top:40px;--awb-padding-bottom:40px;--awb-background-color:#2a8fbd;--awb-background-image:url(&quot;https:\/\/www.glysofor.de\/wp-content\/uploads\/images\/bg-anfrage.jpg&quot;);--awb-background-size:cover;--awb-flex-wrap:wrap;\" ><div class=\"fusion-builder-row fusion-row\"><div class=\"fusion-layout-column fusion_builder_column fusion-builder-column-2 fusion_builder_column_1_1 1_1 fusion-one-full fusion-column-first fusion-column-last fusion-column-no-min-height\" style=\"--awb-bg-size:cover;--awb-margin-bottom:0px;\"><div class=\"fusion-column-wrapper fusion-column-has-shadow fusion-flex-column-wrapper-legacy\"><div class=\"fusion-title title fusion-title-5 fusion-title-center fusion-title-text fusion-title-size-two\" style=\"--awb-text-color:#ffffff;--awb-margin-bottom:40px;\"><div class=\"title-sep-container title-sep-container-left\"><div class=\"title-sep sep- sep-solid\" style=\"border-color:#e2e2e2;\"><\/div><\/div><span class=\"awb-title-spacer\"><\/span><h2 class=\"fusion-title-heading title-heading-center fusion-responsive-typography-calculated\" style=\"margin:0;--fontSize:40;line-height:1.3;\">Vous avez des questions ?<\/h2><span class=\"awb-title-spacer\"><\/span><div class=\"title-sep-container title-sep-container-right\"><div class=\"title-sep sep- sep-solid\" style=\"border-color:#e2e2e2;\"><\/div><\/div><\/div><div class=\"fusion-title title fusion-title-6 fusion-title-center fusion-title-text fusion-title-size-four\" style=\"--awb-text-color:#ffffff;--awb-margin-bottom:40px;\"><div class=\"title-sep-container title-sep-container-left\"><div class=\"title-sep sep- sep-solid\" style=\"border-color:#e2e2e2;\"><\/div><\/div><span class=\"awb-title-spacer\"><\/span><h4 class=\"fusion-title-heading title-heading-center fusion-responsive-typography-calculated\" style=\"margin:0;--fontSize:20;--minFontSize:20;line-height:1.2;\">Nous vous conseillons volontiers et sans engagement pour que vous puissiez trouver<br \/>\nle produit adapt\u00e9 \u00e0 votre utilisation pr\u00e9vue.<\/h4><span class=\"awb-title-spacer\"><\/span><div class=\"title-sep-container title-sep-container-right\"><div class=\"title-sep sep- sep-solid\" style=\"border-color:#e2e2e2;\"><\/div><\/div><\/div><div class=\"fusion-aligncenter\"><a class=\"fusion-button button-flat button-xlarge button-custom fusion-button-default button-1 fusion-button-default-span fusion-animated\" style=\"--button_accent_color:rgba(255,255,255,.8);--button_border_color:rgba(255,255,255,.8);--button_accent_hover_color:#ffffff;--button_border_hover_color:#ffffff;--button_border_width-top:2px;--button_border_width-right:2px;--button_border_width-bottom:2px;--button_border_width-left:2px;--button_gradient_top_color:rgba(255,255,255,.1);--button_gradient_bottom_color:rgba(255,255,255,.1);--button_gradient_top_color_hover:rgba(255, 255, 255, 0.25);--button_gradient_bottom_color_hover:rgba(255, 255, 255, 0.25);\" data-animationType=\"fadeInUp\" data-animationDuration=\"1.0\" data-animationOffset=\"top-into-view\" target=\"_self\" href=\"\/fr\/contact\/\"><span class=\"fusion-button-text awb-button__text awb-button__text--default\">Faire une demande<\/span><\/a><\/div><div class=\"fusion-clearfix\"><\/div><\/div><\/div><\/div><\/div><\/p>\n","protected":false},"excerpt":{"rendered":"","protected":false},"author":1,"featured_media":0,"parent":0,"menu_order":0,"comment_status":"closed","ping_status":"closed","template":"100-width.php","meta":{"footnotes":""},"class_list":["post-5378","page","type-page","status-publish","hentry"],"yoast_head":"<!-- This site is optimized with the Yoast SEO plugin v27.0 - https:\/\/yoast.com\/product\/yoast-seo-wordpress\/ -->\n<title>Produits Glysofor pour l&#039;industrie alimentaire - R\u00e9frig\u00e9rants, fluides frigorig\u00e8nes<\/title>\n<meta name=\"description\" content=\"Utilisation pour le transport frigorifique et le refroidissement des installations de production et de remplissage, ainsi que pour la r\u00e9frig\u00e9ration ou la cong\u00e9lation des aliments finis.\" \/>\n<meta name=\"robots\" content=\"index, follow, max-snippet:-1, max-image-preview:large, max-video-preview:-1\" \/>\n<link rel=\"canonical\" href=\"https:\/\/www.glysofor.de\/fr\/industrie-alimentaire\/\" \/>\n<meta property=\"og:locale\" content=\"fr_FR\" \/>\n<meta property=\"og:type\" content=\"article\" \/>\n<meta property=\"og:title\" content=\"Produits Glysofor pour l&#039;industrie alimentaire - R\u00e9frig\u00e9rants, fluides frigorig\u00e8nes\" \/>\n<meta property=\"og:description\" content=\"Utilisation pour le transport frigorifique et le refroidissement des installations de production et de remplissage, ainsi que pour la r\u00e9frig\u00e9ration ou la cong\u00e9lation des aliments finis.\" \/>\n<meta property=\"og:url\" content=\"https:\/\/www.glysofor.de\/fr\/industrie-alimentaire\/\" \/>\n<meta property=\"og:site_name\" content=\"Glysofor\" \/>\n<meta property=\"article:publisher\" content=\"https:\/\/www.facebook.com\/Glysofor\/\" \/>\n<meta property=\"article:modified_time\" content=\"2022-02-21T14:55:39+00:00\" \/>\n<meta name=\"twitter:card\" content=\"summary_large_image\" \/>\n<meta name=\"twitter:label1\" content=\"Dur\u00e9e de lecture estim\u00e9e\" \/>\n\t<meta name=\"twitter:data1\" content=\"6 minutes\" \/>\n<script type=\"application\/ld+json\" class=\"yoast-schema-graph\">{\"@context\":\"https:\/\/schema.org\",\"@graph\":[{\"@type\":\"WebPage\",\"@id\":\"https:\/\/www.glysofor.de\/fr\/industrie-alimentaire\/\",\"url\":\"https:\/\/www.glysofor.de\/fr\/industrie-alimentaire\/\",\"name\":\"Produits Glysofor pour l'industrie alimentaire - R\u00e9frig\u00e9rants, fluides frigorig\u00e8nes\",\"isPartOf\":{\"@id\":\"https:\/\/www.glysofor.de\/fr\/#website\"},\"datePublished\":\"2019-09-23T08:01:38+00:00\",\"dateModified\":\"2022-02-21T14:55:39+00:00\",\"description\":\"Utilisation pour le transport frigorifique et le refroidissement des installations de production et de remplissage, ainsi que pour la r\u00e9frig\u00e9ration ou la cong\u00e9lation des aliments finis.\",\"breadcrumb\":{\"@id\":\"https:\/\/www.glysofor.de\/fr\/industrie-alimentaire\/#breadcrumb\"},\"inLanguage\":\"fr-FR\",\"potentialAction\":[{\"@type\":\"ReadAction\",\"target\":[\"https:\/\/www.glysofor.de\/fr\/industrie-alimentaire\/\"]}]},{\"@type\":\"BreadcrumbList\",\"@id\":\"https:\/\/www.glysofor.de\/fr\/industrie-alimentaire\/#breadcrumb\",\"itemListElement\":[{\"@type\":\"ListItem\",\"position\":1,\"name\":\"Startseite\",\"item\":\"https:\/\/www.glysofor.de\/fr\/\"},{\"@type\":\"ListItem\",\"position\":2,\"name\":\"Industrie alimentaire\"}]},{\"@type\":\"WebSite\",\"@id\":\"https:\/\/www.glysofor.de\/fr\/#website\",\"url\":\"https:\/\/www.glysofor.de\/fr\/\",\"name\":\"Glysofor\",\"description\":\"Glykole f\u00fcr die K\u00e4lte-, Klima- und Heizungstechnik.\",\"publisher\":{\"@id\":\"https:\/\/www.glysofor.de\/fr\/#organization\"},\"potentialAction\":[{\"@type\":\"SearchAction\",\"target\":{\"@type\":\"EntryPoint\",\"urlTemplate\":\"https:\/\/www.glysofor.de\/fr\/?s={search_term_string}\"},\"query-input\":{\"@type\":\"PropertyValueSpecification\",\"valueRequired\":true,\"valueName\":\"search_term_string\"}}],\"inLanguage\":\"fr-FR\"},{\"@type\":\"Organization\",\"@id\":\"https:\/\/www.glysofor.de\/fr\/#organization\",\"name\":\"Glysofor - Glykole f\u00fcr die K\u00e4lte-, Klima- und Heizungstechnik\",\"url\":\"https:\/\/www.glysofor.de\/fr\/\",\"logo\":{\"@type\":\"ImageObject\",\"inLanguage\":\"fr-FR\",\"@id\":\"https:\/\/www.glysofor.de\/fr\/#\/schema\/logo\/image\/\",\"url\":\"https:\/\/www.glysofor.de\/wp-content\/uploads\/logo-glysofor.png\",\"contentUrl\":\"https:\/\/www.glysofor.de\/wp-content\/uploads\/logo-glysofor.png\",\"width\":800,\"height\":199,\"caption\":\"Glysofor - Glykole f\u00fcr die K\u00e4lte-, Klima- und Heizungstechnik\"},\"image\":{\"@id\":\"https:\/\/www.glysofor.de\/fr\/#\/schema\/logo\/image\/\"},\"sameAs\":[\"https:\/\/www.facebook.com\/Glysofor\/\",\"https:\/\/www.instagram.com\/glysofor\/\",\"https:\/\/www.youtube.com\/channel\/UCNeReuq7bqUGkWkm5vK63mQ\"]}]}<\/script>\n<!-- \/ Yoast SEO plugin. -->","yoast_head_json":{"title":"Produits Glysofor pour l'industrie alimentaire - R\u00e9frig\u00e9rants, fluides frigorig\u00e8nes","description":"Utilisation pour le transport frigorifique et le refroidissement des installations de production et de remplissage, ainsi que pour la r\u00e9frig\u00e9ration ou la cong\u00e9lation des aliments finis.","robots":{"index":"index","follow":"follow","max-snippet":"max-snippet:-1","max-image-preview":"max-image-preview:large","max-video-preview":"max-video-preview:-1"},"canonical":"https:\/\/www.glysofor.de\/fr\/industrie-alimentaire\/","og_locale":"fr_FR","og_type":"article","og_title":"Produits Glysofor pour l'industrie alimentaire - R\u00e9frig\u00e9rants, fluides frigorig\u00e8nes","og_description":"Utilisation pour le transport frigorifique et le refroidissement des installations de production et de remplissage, ainsi que pour la r\u00e9frig\u00e9ration ou la cong\u00e9lation des aliments finis.","og_url":"https:\/\/www.glysofor.de\/fr\/industrie-alimentaire\/","og_site_name":"Glysofor","article_publisher":"https:\/\/www.facebook.com\/Glysofor\/","article_modified_time":"2022-02-21T14:55:39+00:00","twitter_card":"summary_large_image","twitter_misc":{"Dur\u00e9e de lecture estim\u00e9e":"6 minutes"},"schema":{"@context":"https:\/\/schema.org","@graph":[{"@type":"WebPage","@id":"https:\/\/www.glysofor.de\/fr\/industrie-alimentaire\/","url":"https:\/\/www.glysofor.de\/fr\/industrie-alimentaire\/","name":"Produits Glysofor pour l'industrie alimentaire - R\u00e9frig\u00e9rants, fluides frigorig\u00e8nes","isPartOf":{"@id":"https:\/\/www.glysofor.de\/fr\/#website"},"datePublished":"2019-09-23T08:01:38+00:00","dateModified":"2022-02-21T14:55:39+00:00","description":"Utilisation pour le transport frigorifique et le refroidissement des installations de production et de remplissage, ainsi que pour la r\u00e9frig\u00e9ration ou la cong\u00e9lation des aliments finis.","breadcrumb":{"@id":"https:\/\/www.glysofor.de\/fr\/industrie-alimentaire\/#breadcrumb"},"inLanguage":"fr-FR","potentialAction":[{"@type":"ReadAction","target":["https:\/\/www.glysofor.de\/fr\/industrie-alimentaire\/"]}]},{"@type":"BreadcrumbList","@id":"https:\/\/www.glysofor.de\/fr\/industrie-alimentaire\/#breadcrumb","itemListElement":[{"@type":"ListItem","position":1,"name":"Startseite","item":"https:\/\/www.glysofor.de\/fr\/"},{"@type":"ListItem","position":2,"name":"Industrie alimentaire"}]},{"@type":"WebSite","@id":"https:\/\/www.glysofor.de\/fr\/#website","url":"https:\/\/www.glysofor.de\/fr\/","name":"Glysofor","description":"Glykole f\u00fcr die K\u00e4lte-, Klima- und Heizungstechnik.","publisher":{"@id":"https:\/\/www.glysofor.de\/fr\/#organization"},"potentialAction":[{"@type":"SearchAction","target":{"@type":"EntryPoint","urlTemplate":"https:\/\/www.glysofor.de\/fr\/?s={search_term_string}"},"query-input":{"@type":"PropertyValueSpecification","valueRequired":true,"valueName":"search_term_string"}}],"inLanguage":"fr-FR"},{"@type":"Organization","@id":"https:\/\/www.glysofor.de\/fr\/#organization","name":"Glysofor - Glykole f\u00fcr die K\u00e4lte-, Klima- und Heizungstechnik","url":"https:\/\/www.glysofor.de\/fr\/","logo":{"@type":"ImageObject","inLanguage":"fr-FR","@id":"https:\/\/www.glysofor.de\/fr\/#\/schema\/logo\/image\/","url":"https:\/\/www.glysofor.de\/wp-content\/uploads\/logo-glysofor.png","contentUrl":"https:\/\/www.glysofor.de\/wp-content\/uploads\/logo-glysofor.png","width":800,"height":199,"caption":"Glysofor - Glykole f\u00fcr die K\u00e4lte-, Klima- und Heizungstechnik"},"image":{"@id":"https:\/\/www.glysofor.de\/fr\/#\/schema\/logo\/image\/"},"sameAs":["https:\/\/www.facebook.com\/Glysofor\/","https:\/\/www.instagram.com\/glysofor\/","https:\/\/www.youtube.com\/channel\/UCNeReuq7bqUGkWkm5vK63mQ"]}]}},"_links":{"self":[{"href":"https:\/\/www.glysofor.de\/fr\/wp-json\/wp\/v2\/pages\/5378","targetHints":{"allow":["GET"]}}],"collection":[{"href":"https:\/\/www.glysofor.de\/fr\/wp-json\/wp\/v2\/pages"}],"about":[{"href":"https:\/\/www.glysofor.de\/fr\/wp-json\/wp\/v2\/types\/page"}],"author":[{"embeddable":true,"href":"https:\/\/www.glysofor.de\/fr\/wp-json\/wp\/v2\/users\/1"}],"replies":[{"embeddable":true,"href":"https:\/\/www.glysofor.de\/fr\/wp-json\/wp\/v2\/comments?post=5378"}],"version-history":[{"count":4,"href":"https:\/\/www.glysofor.de\/fr\/wp-json\/wp\/v2\/pages\/5378\/revisions"}],"predecessor-version":[{"id":9033,"href":"https:\/\/www.glysofor.de\/fr\/wp-json\/wp\/v2\/pages\/5378\/revisions\/9033"}],"wp:attachment":[{"href":"https:\/\/www.glysofor.de\/fr\/wp-json\/wp\/v2\/media?parent=5378"}],"curies":[{"name":"wp","href":"https:\/\/api.w.org\/{rel}","templated":true}]}}