{"id":5454,"date":"2019-09-24T11:01:19","date_gmt":"2019-09-24T11:01:19","guid":{"rendered":"http:\/\/glysofor.cool\/?page_id=5454"},"modified":"2022-02-28T07:28:39","modified_gmt":"2022-02-28T07:28:39","slug":"resumen-de-las-ventajas","status":"publish","type":"page","link":"https:\/\/www.glysofor.de\/es\/resumen-de-las-ventajas\/","title":{"rendered":"Resumen de las ventajas"},"content":{"rendered":"<p><div class=\"fusion-fullwidth fullwidth-box fusion-builder-row-1 nonhundred-percent-fullwidth non-hundred-percent-height-scrolling\" style=\"--awb-border-radius-top-left:0px;--awb-border-radius-top-right:0px;--awb-border-radius-bottom-right:0px;--awb-border-radius-bottom-left:0px;--awb-padding-top:40px;--awb-padding-bottom:40px;--awb-flex-wrap:wrap;\" ><div class=\"fusion-builder-row fusion-row\"><div class=\"fusion-layout-column fusion_builder_column fusion-builder-column-0 fusion_builder_column_1_4 1_4 fusion-one-fourth fusion-column-first\" style=\"--awb-padding-right:10px;--awb-bg-size:cover;--awb-border-color:#ededed;--awb-border-right:1px;--awb-border-style:solid;--awb-margin-top:10px;width:25%;width:calc(25% - ( ( 4% ) * 0.25 ) );margin-right: 4%;\"><div class=\"fusion-column-wrapper fusion-column-has-shadow fusion-flex-column-wrapper-legacy\"><div class=\"fusion-title title fusion-title-1 fusion-title-text fusion-title-size-four\"><h4 class=\"fusion-title-heading title-heading-left fusion-responsive-typography-calculated\" style=\"margin:0;--fontSize:20;--minFontSize:20;line-height:1.2;\">Productos recomendados<\/h4><span class=\"awb-title-spacer\"><\/span><div class=\"title-sep-container\"><div class=\"title-sep sep- sep-solid\" style=\"border-color:#e2e2e2;\"><\/div><\/div><\/div><div class=\"fusion-builder-row fusion-builder-row-inner fusion-row\"><div class=\"fusion-layout-column fusion_builder_column_inner fusion-builder-nested-column-0 fusion_builder_column_inner_1_3 1_3 fusion-one-third fusion-column-first\" style=\"--awb-bg-size:cover;width:33.333333333333%;width:calc(33.333333333333% - ( ( 4% ) * 0.33333333333333 ) );margin-right: 4%;\"><div class=\"fusion-column-wrapper fusion-column-has-shadow fusion-flex-column-wrapper-legacy\"><div class=\"fusion-image-element in-legacy-container\" style=\"--awb-caption-title-font-family:var(--h2_typography-font-family);--awb-caption-title-font-weight:var(--h2_typography-font-weight);--awb-caption-title-font-style:var(--h2_typography-font-style);--awb-caption-title-size:var(--h2_typography-font-size);--awb-caption-title-transform:var(--h2_typography-text-transform);--awb-caption-title-line-height:var(--h2_typography-line-height);--awb-caption-title-letter-spacing:var(--h2_typography-letter-spacing);\"><span class=\" fusion-imageframe imageframe-none imageframe-1 hover-type-none\"><a class=\"fusion-no-lightbox\" href=\"\/es\/glysofor-n\/\" target=\"_self\" aria-label=\"glysofor-n-small\"><img decoding=\"async\" width=\"300\" height=\"453\" alt=\"Glysofor N \u2013 Ethylenglykol Frostschutzmittel f\u00fcr Heizungsanlagen und K\u00fchlsysteme\" src=\"https:\/\/www.glysofor.de\/wp-content\/uploads\/images\/glysofor-n-small.jpg\" data-orig-src=\"https:\/\/www.glysofor.de\/wp-content\/uploads\/images\/glysofor-n-small.jpg\" class=\"lazyload img-responsive wp-image-4920\" srcset=\"data:image\/svg+xml,%3Csvg%20xmlns%3D%27http%3A%2F%2Fwww.w3.org%2F2000%2Fsvg%27%20width%3D%27300%27%20height%3D%27453%27%20viewBox%3D%270%200%20300%20453%27%3E%3Crect%20width%3D%27300%27%20height%3D%27453%27%20fill-opacity%3D%220%22%2F%3E%3C%2Fsvg%3E\" data-srcset=\"https:\/\/www.glysofor.de\/wp-content\/uploads\/images\/glysofor-n-small-200x302.jpg 200w, https:\/\/www.glysofor.de\/wp-content\/uploads\/images\/glysofor-n-small.jpg 300w\" data-sizes=\"auto\" data-orig-sizes=\"(max-width: 800px) 100vw, 300px\" \/><\/a><\/span><\/div><div class=\"fusion-clearfix\"><\/div><\/div><\/div><div class=\"fusion-layout-column fusion_builder_column_inner fusion-builder-nested-column-1 fusion_builder_column_inner_2_3 2_3 fusion-two-third fusion-column-last\" style=\"--awb-bg-size:cover;width:66.666666666667%;width:calc(66.666666666667% - ( ( 4% ) * 0.66666666666667 ) );\"><div class=\"fusion-column-wrapper fusion-column-has-shadow fusion-flex-column-wrapper-legacy\"><div class=\"fusion-text fusion-text-1\"><p><a href=\"\/es\/glysofor-n\/\"><strong>Glysofor N<br \/>\n<\/strong><\/a><span class=\"small\">Concentrado anticongelante a base de monoetilenglicol<\/span><\/p>\n<\/div><div class=\"fusion-clearfix\"><\/div><\/div><\/div><\/div><div class=\"fusion-builder-row fusion-builder-row-inner fusion-row\"><div class=\"fusion-layout-column fusion_builder_column_inner fusion-builder-nested-column-2 fusion_builder_column_inner_1_3 1_3 fusion-one-third fusion-column-first\" style=\"--awb-bg-size:cover;width:33.333333333333%;width:calc(33.333333333333% - ( ( 4% ) * 0.33333333333333 ) );margin-right: 4%;\"><div class=\"fusion-column-wrapper fusion-column-has-shadow fusion-flex-column-wrapper-legacy\"><div class=\"fusion-image-element in-legacy-container\" style=\"--awb-caption-title-font-family:var(--h2_typography-font-family);--awb-caption-title-font-weight:var(--h2_typography-font-weight);--awb-caption-title-font-style:var(--h2_typography-font-style);--awb-caption-title-size:var(--h2_typography-font-size);--awb-caption-title-transform:var(--h2_typography-text-transform);--awb-caption-title-line-height:var(--h2_typography-line-height);--awb-caption-title-letter-spacing:var(--h2_typography-letter-spacing);\"><span class=\" fusion-imageframe imageframe-none imageframe-2 hover-type-none\"><a class=\"fusion-no-lightbox\" href=\"\/es\/glysofor-l\/\" target=\"_self\" aria-label=\"glysofor-l-small\"><img decoding=\"async\" width=\"300\" height=\"453\" alt=\"Lebensmittel Glykol Glysofor L \u2013 Propylenglykol f\u00fcr lebensmittelnahe Anwendungen\" src=\"https:\/\/www.glysofor.de\/wp-content\/uploads\/images\/glysofor-l-small.jpg\" data-orig-src=\"https:\/\/www.glysofor.de\/wp-content\/uploads\/images\/glysofor-l-small.jpg\" class=\"lazyload img-responsive wp-image-4916\" srcset=\"data:image\/svg+xml,%3Csvg%20xmlns%3D%27http%3A%2F%2Fwww.w3.org%2F2000%2Fsvg%27%20width%3D%27300%27%20height%3D%27453%27%20viewBox%3D%270%200%20300%20453%27%3E%3Crect%20width%3D%27300%27%20height%3D%27453%27%20fill-opacity%3D%220%22%2F%3E%3C%2Fsvg%3E\" data-srcset=\"https:\/\/www.glysofor.de\/wp-content\/uploads\/images\/glysofor-l-small-200x302.jpg 200w, https:\/\/www.glysofor.de\/wp-content\/uploads\/images\/glysofor-l-small.jpg 300w\" data-sizes=\"auto\" data-orig-sizes=\"(max-width: 800px) 100vw, 300px\" \/><\/a><\/span><\/div><div class=\"fusion-clearfix\"><\/div><\/div><\/div><div class=\"fusion-layout-column fusion_builder_column_inner fusion-builder-nested-column-3 fusion_builder_column_inner_2_3 2_3 fusion-two-third fusion-column-last\" style=\"--awb-bg-size:cover;width:66.666666666667%;width:calc(66.666666666667% - ( ( 4% ) * 0.66666666666667 ) );\"><div class=\"fusion-column-wrapper fusion-column-has-shadow fusion-flex-column-wrapper-legacy\"><div class=\"fusion-text fusion-text-2\"><p><a href=\"\/es\/glysofor-l\/\"><strong>Glysofor L<br \/>\n<\/strong><\/a><span class=\"small\">Anticongelante concentrado a base de propilenglicol<\/span><\/p>\n<\/div><div class=\"fusion-clearfix\"><\/div><\/div><\/div><\/div><div class=\"fusion-clearfix\"><\/div><\/div><\/div><div class=\"fusion-layout-column fusion_builder_column fusion-builder-column-1 fusion_builder_column_3_4 3_4 fusion-three-fourth fusion-column-last\" style=\"--awb-bg-size:cover;width:75%;width:calc(75% - ( ( 4% ) * 0.75 ) );\"><div class=\"fusion-column-wrapper fusion-column-has-shadow fusion-flex-column-wrapper-legacy\"><div class=\"fusion-title title fusion-title-2 fusion-title-text fusion-title-size-two\"><h2 class=\"fusion-title-heading title-heading-left fusion-responsive-typography-calculated\" style=\"margin:0;--fontSize:40;line-height:1.3;\">Los concentrados de Glysofor en los procesos de refrigeraci\u00f3n ofrecen varias ventajas con respecto a otras tecnolog\u00edas.<\/h2><span class=\"awb-title-spacer\"><\/span><div class=\"title-sep-container\"><div class=\"title-sep sep- sep-solid\" style=\"border-color:#e2e2e2;\"><\/div><\/div><\/div><div class=\"fusion-title title fusion-title-3 fusion-title-text fusion-title-size-three\"><h3 class=\"fusion-title-heading title-heading-left fusion-responsive-typography-calculated\" style=\"margin:0;--fontSize:24;line-height:1.4;\">En procesos de refrigeraci\u00f3n, congelaci\u00f3n y descongelaci\u00f3n, es decisivo que se garantice en todo momento un funcionamiento fiable del sistema, ya que en casos de fallo del sistema puede producirse la p\u00e9rdida de alimentos o da\u00f1os en las instalaciones y en las m\u00e1quinas de producci\u00f3n.<\/h3><span class=\"awb-title-spacer\"><\/span><div class=\"title-sep-container\"><div class=\"title-sep sep- sep-solid\" style=\"border-color:#e2e2e2;\"><\/div><\/div><\/div><div class=\"fusion-text fusion-text-3\"><p>En los procesos de refrigeraci\u00f3n, la utilizaci\u00f3n de Glysofor N o Glysofor L ofrece ventajas decisivas con respecto a otras tecnolog\u00edas.<\/p>\n<\/div><div class=\"fusion-title title fusion-title-4 fusion-title-text fusion-title-size-four\" style=\"--awb-margin-top:40px;--awb-margin-bottom:20px;\"><h4 class=\"fusion-title-heading title-heading-left fusion-responsive-typography-calculated\" style=\"margin:0;--fontSize:20;--minFontSize:20;line-height:1.2;\">Agua<\/h4><span class=\"awb-title-spacer\"><\/span><div class=\"title-sep-container\"><div class=\"title-sep sep- sep-solid\" style=\"border-color:#e2e2e2;\"><\/div><\/div><\/div><div class=\"fusion-text fusion-text-4\"><p>El agua solo puede utilizarse a temperaturas de &gt;1 \u00b0C, con lo cual no puede utilizarse en muchos procesos de refrigeraci\u00f3n, en concreto de congelaci\u00f3n. Glysofor tiene la ventaja con respecto al agua pura de que contin\u00faa siendo fluido y operativo hasta una temperatura de -50 \u00b0C. Con ello, Glysofor podr\u00e1 aplicarse en un rango de temperatura mucho m\u00e1s amplio, lo que mejora de forma decisiva la flexibilidad, en especial en cambios de temperatura a corto plazo. Los tiempos de enfriamiento pueden acortarse considerablemente con Glysofor, lo cual puede contribuir al aumento de la producci\u00f3n en los procesos de producci\u00f3n.<\/p>\n<\/div><div class=\"fusion-title title fusion-title-5 fusion-title-text fusion-title-size-four\" style=\"--awb-margin-top:40px;--awb-margin-bottom:20px;\"><h4 class=\"fusion-title-heading title-heading-left fusion-responsive-typography-calculated\" style=\"margin:0;--fontSize:20;--minFontSize:20;line-height:1.2;\">Sales<\/h4><span class=\"awb-title-spacer\"><\/span><div class=\"title-sep-container\"><div class=\"title-sep sep- sep-solid\" style=\"border-color:#e2e2e2;\"><\/div><\/div><\/div><div class=\"fusion-text fusion-text-5\"><p>Los compuestos con base en sales consiguen un punto de congelaci\u00f3n claramente m\u00e1s bajo, pero las soluciones salinas son muy corrosivas con los metales. Pr\u00e1cticamente todos los metals utilizados en sistemas de refrigeraci\u00f3n y congelaci\u00f3n resultan corroidos por soluciones salinas. Por este motivo, las soluciones salinas no pueden aplicacarse en la mayor\u00eda de las instalaciones. Por el contrario, los productos de Glysofor est\u00e1n equipados con un moderno complejo inhibidor que protege todos los metales que se utilizan habitualmente de forma \u00f3ptima y duradera frente a la corrosi\u00f3n. Esto permite un funcionamiento econ\u00f3mico y sin necesidad de mantenimiento de las instalaciones de refrigeraci\u00f3n.<\/p>\n<\/div><div class=\"fusion-title title fusion-title-6 fusion-title-text fusion-title-size-four\" style=\"--awb-margin-top:40px;--awb-margin-bottom:20px;\"><h4 class=\"fusion-title-heading title-heading-left fusion-responsive-typography-calculated\" style=\"margin:0;--fontSize:20;--minFontSize:20;line-height:1.2;\">Alcoholes<\/h4><span class=\"awb-title-spacer\"><\/span><div class=\"title-sep-container\"><div class=\"title-sep sep- sep-solid\" style=\"border-color:#e2e2e2;\"><\/div><\/div><\/div><div class=\"fusion-text fusion-text-6\"><p>Otra opci\u00f3n para garantizar la protecci\u00f3n frente a la congelaci\u00f3n en procesos de refrigeraci\u00f3n y de descongelaci\u00f3n es el uso de alcoholes. Los productos que tienen como base el alcohol contienen normalmente etanol o isopropanol. Las desventajas de estos productos son de sobra conocidas. Los alcoholes son ligeramente vol\u00e1tiles e inflamables, lo cual puede resultar problem\u00e1tico tanto en la manipulaci\u00f3n como en el funcionamiento de la instalaci\u00f3n. Glysofor, por el contrario, no es ni vol\u00e1til ni inflamable . En especial, Glysofor L no posee ning\u00fan atributo peligroso seg\u00fan la legislaci\u00f3n actual acerca de sustancias peligrosas.<\/p>\n<\/div><div class=\"fusion-title title fusion-title-7 fusion-title-text fusion-title-size-four\" style=\"--awb-margin-top:40px;--awb-margin-bottom:20px;\"><h4 class=\"fusion-title-heading title-heading-left fusion-responsive-typography-calculated\" style=\"margin:0;--fontSize:20;--minFontSize:20;line-height:1.2;\">Otras tecnolog\u00edas<\/h4><span class=\"awb-title-spacer\"><\/span><div class=\"title-sep-container\"><div class=\"title-sep sep- sep-solid\" style=\"border-color:#e2e2e2;\"><\/div><\/div><\/div><div class=\"fusion-text fusion-text-7\"><p>Existe una mayor variedad de procesos de descongelaci\u00f3n como, por ejemplo, por medio del uso de agua caliente, gas o electricidad en equipos de calefacci\u00f3n. La desventaja de este procedimiento es su gran consumo de energ\u00eda, lo cual resulta mucho menos econ\u00f3mico en comparaci\u00f3n con Glysofor.<\/p>\n<p>Por \u00faltimo, los productos Glysofor N y Glysofor L ofrecen todas las ventajas importantes que resultan relevantes para un funcionamiento fiable del sistema y un funcionamiento duradero y econ\u00f3mico de la instalaci\u00f3n.<\/p>\n<\/div><div class=\"fusion-clearfix\"><\/div><\/div><\/div><\/div><\/div><div class=\"fusion-fullwidth fullwidth-box fusion-builder-row-2 fusion-parallax-none nonhundred-percent-fullwidth non-hundred-percent-height-scrolling lazyload\" style=\"--awb-background-position:center top;--awb-border-sizes-top:0px;--awb-border-sizes-bottom:0px;--awb-border-sizes-left:0px;--awb-border-sizes-right:0px;--awb-border-radius-top-left:0px;--awb-border-radius-top-right:0px;--awb-border-radius-bottom-right:0px;--awb-border-radius-bottom-left:0px;--awb-padding-top:40px;--awb-padding-bottom:40px;--awb-background-color:#2a8fbd;--awb-background-size:cover;--awb-flex-wrap:wrap;\" data-bg=\"https:\/\/www.glysofor.de\/wp-content\/uploads\/images\/bg-anfrage.jpg\" ><div class=\"fusion-builder-row fusion-row\"><div class=\"fusion-layout-column fusion_builder_column fusion-builder-column-2 fusion_builder_column_1_1 1_1 fusion-one-full fusion-column-first fusion-column-last fusion-column-no-min-height\" style=\"--awb-bg-size:cover;--awb-margin-bottom:0px;\"><div class=\"fusion-column-wrapper fusion-column-has-shadow fusion-flex-column-wrapper-legacy\"><div class=\"fusion-title title fusion-title-8 fusion-title-center fusion-title-text fusion-title-size-two\" style=\"--awb-text-color:#ffffff;--awb-margin-bottom:40px;\"><div class=\"title-sep-container title-sep-container-left\"><div class=\"title-sep sep- sep-solid\" style=\"border-color:#e2e2e2;\"><\/div><\/div><span class=\"awb-title-spacer\"><\/span><h2 class=\"fusion-title-heading title-heading-center fusion-responsive-typography-calculated\" style=\"margin:0;--fontSize:40;line-height:1.3;\">\u00bfTiene dudas?<\/h2><span class=\"awb-title-spacer\"><\/span><div class=\"title-sep-container title-sep-container-right\"><div class=\"title-sep sep- sep-solid\" style=\"border-color:#e2e2e2;\"><\/div><\/div><\/div><div class=\"fusion-title title fusion-title-9 fusion-title-center fusion-title-text fusion-title-size-four\" style=\"--awb-text-color:#ffffff;--awb-margin-bottom:40px;\"><div class=\"title-sep-container title-sep-container-left\"><div class=\"title-sep sep- sep-solid\" style=\"border-color:#e2e2e2;\"><\/div><\/div><span class=\"awb-title-spacer\"><\/span><h4 class=\"fusion-title-heading title-heading-center fusion-responsive-typography-calculated\" style=\"margin:0;--fontSize:20;--minFontSize:20;line-height:1.2;\">Estaremos encantados de asesorarle de forma gratuita y sin compromiso para<br \/>\nque obtenga el producto apropiado para el fin necesario.<\/h4><span class=\"awb-title-spacer\"><\/span><div class=\"title-sep-container title-sep-container-right\"><div class=\"title-sep sep- sep-solid\" style=\"border-color:#e2e2e2;\"><\/div><\/div><\/div><div class=\"fusion-aligncenter\"><a class=\"fusion-button button-flat button-xlarge button-custom fusion-button-default button-1 fusion-button-default-span fusion-animated\" style=\"--button_accent_color:rgba(255,255,255,.8);--button_border_color:rgba(255,255,255,.8);--button_accent_hover_color:#ffffff;--button_border_hover_color:#ffffff;--button_border_width-top:2px;--button_border_width-right:2px;--button_border_width-bottom:2px;--button_border_width-left:2px;--button_gradient_top_color:rgba(255,255,255,.1);--button_gradient_bottom_color:rgba(255,255,255,.1);--button_gradient_top_color_hover:rgba(255, 255, 255, 0.25);--button_gradient_bottom_color_hover:rgba(255, 255, 255, 0.25);\" data-animationType=\"fadeInUp\" data-animationDuration=\"1.0\" data-animationOffset=\"top-into-view\" target=\"_self\" href=\"\/es\/contacto\/\"><span class=\"fusion-button-text awb-button__text awb-button__text--default\">Hacer una consulta<\/span><\/a><\/div><div class=\"fusion-clearfix\"><\/div><\/div><\/div><\/div><\/div><\/p>\n","protected":false},"excerpt":{"rendered":"","protected":false},"author":1,"featured_media":0,"parent":0,"menu_order":0,"comment_status":"closed","ping_status":"closed","template":"100-width.php","meta":{"footnotes":""},"class_list":["post-5454","page","type-page","status-publish","hentry"],"yoast_head":"<!-- This site is optimized with the Yoast SEO plugin v27.0 - https:\/\/yoast.com\/product\/yoast-seo-wordpress\/ -->\n<title>Ventajas de las mezclas de glicol y agua en la tecnolog\u00eda de la refrigeraci\u00f3n<\/title>\n<meta name=\"description\" content=\"Los concentrados Glysofor ofrecen una serie de ventajas sobre otras tecnolog\u00edas en los procesos de refrigeraci\u00f3n, congelaci\u00f3n y descongelaci\u00f3n.\" \/>\n<meta name=\"robots\" content=\"index, follow, max-snippet:-1, max-image-preview:large, max-video-preview:-1\" \/>\n<link rel=\"canonical\" href=\"https:\/\/www.glysofor.de\/es\/resumen-de-las-ventajas\/\" \/>\n<meta property=\"og:locale\" content=\"es_ES\" \/>\n<meta property=\"og:type\" content=\"article\" \/>\n<meta property=\"og:title\" content=\"Ventajas de las mezclas de glicol y agua en la tecnolog\u00eda de la refrigeraci\u00f3n\" \/>\n<meta property=\"og:description\" content=\"Los concentrados Glysofor ofrecen una serie de ventajas sobre otras tecnolog\u00edas en los procesos de refrigeraci\u00f3n, congelaci\u00f3n y descongelaci\u00f3n.\" \/>\n<meta property=\"og:url\" content=\"https:\/\/www.glysofor.de\/es\/resumen-de-las-ventajas\/\" \/>\n<meta property=\"og:site_name\" content=\"Glysofor\" \/>\n<meta property=\"article:publisher\" content=\"https:\/\/www.facebook.com\/Glysofor\/\" \/>\n<meta property=\"article:modified_time\" content=\"2022-02-28T07:28:39+00:00\" \/>\n<meta name=\"twitter:card\" content=\"summary_large_image\" \/>\n<meta name=\"twitter:label1\" content=\"Tiempo de lectura\" \/>\n\t<meta name=\"twitter:data1\" content=\"12 minutos\" \/>\n<script type=\"application\/ld+json\" class=\"yoast-schema-graph\">{\"@context\":\"https:\/\/schema.org\",\"@graph\":[{\"@type\":\"WebPage\",\"@id\":\"https:\/\/www.glysofor.de\/es\/resumen-de-las-ventajas\/\",\"url\":\"https:\/\/www.glysofor.de\/es\/resumen-de-las-ventajas\/\",\"name\":\"Ventajas de las mezclas de glicol y agua en la tecnolog\u00eda de la refrigeraci\u00f3n\",\"isPartOf\":{\"@id\":\"https:\/\/www.glysofor.de\/es\/#website\"},\"datePublished\":\"2019-09-24T11:01:19+00:00\",\"dateModified\":\"2022-02-28T07:28:39+00:00\",\"description\":\"Los concentrados Glysofor ofrecen una serie de ventajas sobre otras tecnolog\u00edas en los procesos de refrigeraci\u00f3n, congelaci\u00f3n y descongelaci\u00f3n.\",\"breadcrumb\":{\"@id\":\"https:\/\/www.glysofor.de\/es\/resumen-de-las-ventajas\/#breadcrumb\"},\"inLanguage\":\"es\",\"potentialAction\":[{\"@type\":\"ReadAction\",\"target\":[\"https:\/\/www.glysofor.de\/es\/resumen-de-las-ventajas\/\"]}]},{\"@type\":\"BreadcrumbList\",\"@id\":\"https:\/\/www.glysofor.de\/es\/resumen-de-las-ventajas\/#breadcrumb\",\"itemListElement\":[{\"@type\":\"ListItem\",\"position\":1,\"name\":\"Startseite\",\"item\":\"https:\/\/www.glysofor.de\/es\/\"},{\"@type\":\"ListItem\",\"position\":2,\"name\":\"Resumen de las ventajas\"}]},{\"@type\":\"WebSite\",\"@id\":\"https:\/\/www.glysofor.de\/es\/#website\",\"url\":\"https:\/\/www.glysofor.de\/es\/\",\"name\":\"Glysofor\",\"description\":\"Glykole f\u00fcr die K\u00e4lte-, Klima- und Heizungstechnik.\",\"publisher\":{\"@id\":\"https:\/\/www.glysofor.de\/es\/#organization\"},\"potentialAction\":[{\"@type\":\"SearchAction\",\"target\":{\"@type\":\"EntryPoint\",\"urlTemplate\":\"https:\/\/www.glysofor.de\/es\/?s={search_term_string}\"},\"query-input\":{\"@type\":\"PropertyValueSpecification\",\"valueRequired\":true,\"valueName\":\"search_term_string\"}}],\"inLanguage\":\"es\"},{\"@type\":\"Organization\",\"@id\":\"https:\/\/www.glysofor.de\/es\/#organization\",\"name\":\"Glysofor - Glykole f\u00fcr die K\u00e4lte-, Klima- und Heizungstechnik\",\"url\":\"https:\/\/www.glysofor.de\/es\/\",\"logo\":{\"@type\":\"ImageObject\",\"inLanguage\":\"es\",\"@id\":\"https:\/\/www.glysofor.de\/es\/#\/schema\/logo\/image\/\",\"url\":\"https:\/\/www.glysofor.de\/wp-content\/uploads\/logo-glysofor.png\",\"contentUrl\":\"https:\/\/www.glysofor.de\/wp-content\/uploads\/logo-glysofor.png\",\"width\":800,\"height\":199,\"caption\":\"Glysofor - Glykole f\u00fcr die K\u00e4lte-, Klima- und Heizungstechnik\"},\"image\":{\"@id\":\"https:\/\/www.glysofor.de\/es\/#\/schema\/logo\/image\/\"},\"sameAs\":[\"https:\/\/www.facebook.com\/Glysofor\/\",\"https:\/\/www.instagram.com\/glysofor\/\",\"https:\/\/www.youtube.com\/channel\/UCNeReuq7bqUGkWkm5vK63mQ\"]}]}<\/script>\n<!-- \/ Yoast SEO plugin. -->","yoast_head_json":{"title":"Ventajas de las mezclas de glicol y agua en la tecnolog\u00eda de la refrigeraci\u00f3n","description":"Los concentrados Glysofor ofrecen una serie de ventajas sobre otras tecnolog\u00edas en los procesos de refrigeraci\u00f3n, congelaci\u00f3n y descongelaci\u00f3n.","robots":{"index":"index","follow":"follow","max-snippet":"max-snippet:-1","max-image-preview":"max-image-preview:large","max-video-preview":"max-video-preview:-1"},"canonical":"https:\/\/www.glysofor.de\/es\/resumen-de-las-ventajas\/","og_locale":"es_ES","og_type":"article","og_title":"Ventajas de las mezclas de glicol y agua en la tecnolog\u00eda de la refrigeraci\u00f3n","og_description":"Los concentrados Glysofor ofrecen una serie de ventajas sobre otras tecnolog\u00edas en los procesos de refrigeraci\u00f3n, congelaci\u00f3n y descongelaci\u00f3n.","og_url":"https:\/\/www.glysofor.de\/es\/resumen-de-las-ventajas\/","og_site_name":"Glysofor","article_publisher":"https:\/\/www.facebook.com\/Glysofor\/","article_modified_time":"2022-02-28T07:28:39+00:00","twitter_card":"summary_large_image","twitter_misc":{"Tiempo de lectura":"12 minutos"},"schema":{"@context":"https:\/\/schema.org","@graph":[{"@type":"WebPage","@id":"https:\/\/www.glysofor.de\/es\/resumen-de-las-ventajas\/","url":"https:\/\/www.glysofor.de\/es\/resumen-de-las-ventajas\/","name":"Ventajas de las mezclas de glicol y agua en la tecnolog\u00eda de la refrigeraci\u00f3n","isPartOf":{"@id":"https:\/\/www.glysofor.de\/es\/#website"},"datePublished":"2019-09-24T11:01:19+00:00","dateModified":"2022-02-28T07:28:39+00:00","description":"Los concentrados Glysofor ofrecen una serie de ventajas sobre otras tecnolog\u00edas en los procesos de refrigeraci\u00f3n, congelaci\u00f3n y descongelaci\u00f3n.","breadcrumb":{"@id":"https:\/\/www.glysofor.de\/es\/resumen-de-las-ventajas\/#breadcrumb"},"inLanguage":"es","potentialAction":[{"@type":"ReadAction","target":["https:\/\/www.glysofor.de\/es\/resumen-de-las-ventajas\/"]}]},{"@type":"BreadcrumbList","@id":"https:\/\/www.glysofor.de\/es\/resumen-de-las-ventajas\/#breadcrumb","itemListElement":[{"@type":"ListItem","position":1,"name":"Startseite","item":"https:\/\/www.glysofor.de\/es\/"},{"@type":"ListItem","position":2,"name":"Resumen de las ventajas"}]},{"@type":"WebSite","@id":"https:\/\/www.glysofor.de\/es\/#website","url":"https:\/\/www.glysofor.de\/es\/","name":"Glysofor","description":"Glykole f\u00fcr die K\u00e4lte-, Klima- und Heizungstechnik.","publisher":{"@id":"https:\/\/www.glysofor.de\/es\/#organization"},"potentialAction":[{"@type":"SearchAction","target":{"@type":"EntryPoint","urlTemplate":"https:\/\/www.glysofor.de\/es\/?s={search_term_string}"},"query-input":{"@type":"PropertyValueSpecification","valueRequired":true,"valueName":"search_term_string"}}],"inLanguage":"es"},{"@type":"Organization","@id":"https:\/\/www.glysofor.de\/es\/#organization","name":"Glysofor - Glykole f\u00fcr die K\u00e4lte-, Klima- und Heizungstechnik","url":"https:\/\/www.glysofor.de\/es\/","logo":{"@type":"ImageObject","inLanguage":"es","@id":"https:\/\/www.glysofor.de\/es\/#\/schema\/logo\/image\/","url":"https:\/\/www.glysofor.de\/wp-content\/uploads\/logo-glysofor.png","contentUrl":"https:\/\/www.glysofor.de\/wp-content\/uploads\/logo-glysofor.png","width":800,"height":199,"caption":"Glysofor - Glykole f\u00fcr die K\u00e4lte-, Klima- und Heizungstechnik"},"image":{"@id":"https:\/\/www.glysofor.de\/es\/#\/schema\/logo\/image\/"},"sameAs":["https:\/\/www.facebook.com\/Glysofor\/","https:\/\/www.instagram.com\/glysofor\/","https:\/\/www.youtube.com\/channel\/UCNeReuq7bqUGkWkm5vK63mQ"]}]}},"_links":{"self":[{"href":"https:\/\/www.glysofor.de\/es\/wp-json\/wp\/v2\/pages\/5454","targetHints":{"allow":["GET"]}}],"collection":[{"href":"https:\/\/www.glysofor.de\/es\/wp-json\/wp\/v2\/pages"}],"about":[{"href":"https:\/\/www.glysofor.de\/es\/wp-json\/wp\/v2\/types\/page"}],"author":[{"embeddable":true,"href":"https:\/\/www.glysofor.de\/es\/wp-json\/wp\/v2\/users\/1"}],"replies":[{"embeddable":true,"href":"https:\/\/www.glysofor.de\/es\/wp-json\/wp\/v2\/comments?post=5454"}],"version-history":[{"count":4,"href":"https:\/\/www.glysofor.de\/es\/wp-json\/wp\/v2\/pages\/5454\/revisions"}],"predecessor-version":[{"id":9168,"href":"https:\/\/www.glysofor.de\/es\/wp-json\/wp\/v2\/pages\/5454\/revisions\/9168"}],"wp:attachment":[{"href":"https:\/\/www.glysofor.de\/es\/wp-json\/wp\/v2\/media?parent=5454"}],"curies":[{"name":"wp","href":"https:\/\/api.w.org\/{rel}","templated":true}]}}