{"id":5450,"date":"2019-09-24T10:52:04","date_gmt":"2019-09-24T10:52:04","guid":{"rendered":"http:\/\/glysofor.cool\/?page_id=5450"},"modified":"2022-02-25T13:53:10","modified_gmt":"2022-02-25T13:53:10","slug":"enfriamiento-de-transformadores","status":"publish","type":"page","link":"https:\/\/www.glysofor.de\/es\/enfriamiento-de-transformadores\/","title":{"rendered":"Enfriamiento de transformadores"},"content":{"rendered":"<p><div class=\"fusion-fullwidth fullwidth-box fusion-builder-row-1 nonhundred-percent-fullwidth non-hundred-percent-height-scrolling\" style=\"--awb-border-radius-top-left:0px;--awb-border-radius-top-right:0px;--awb-border-radius-bottom-right:0px;--awb-border-radius-bottom-left:0px;--awb-padding-top:40px;--awb-padding-bottom:40px;--awb-flex-wrap:wrap;\" ><div class=\"fusion-builder-row fusion-row\"><div class=\"fusion-layout-column fusion_builder_column fusion-builder-column-0 fusion_builder_column_1_4 1_4 fusion-one-fourth fusion-column-first\" style=\"--awb-padding-right:10px;--awb-bg-size:cover;--awb-border-color:#ededed;--awb-border-right:1px;--awb-border-style:solid;--awb-margin-top:10px;width:25%;width:calc(25% - ( ( 4% ) * 0.25 ) );margin-right: 4%;\"><div class=\"fusion-column-wrapper fusion-column-has-shadow fusion-flex-column-wrapper-legacy\"><div class=\"fusion-title title fusion-title-1 fusion-title-text fusion-title-size-four\"><h4 class=\"fusion-title-heading title-heading-left fusion-responsive-typography-calculated\" style=\"margin:0;--fontSize:20;--minFontSize:20;line-height:1.2;\">Productos recomendados<\/h4><span class=\"awb-title-spacer\"><\/span><div class=\"title-sep-container\"><div class=\"title-sep sep- sep-solid\" style=\"border-color:#e2e2e2;\"><\/div><\/div><\/div><div class=\"fusion-builder-row fusion-builder-row-inner fusion-row\"><div class=\"fusion-layout-column fusion_builder_column_inner fusion-builder-nested-column-0 fusion_builder_column_inner_1_3 1_3 fusion-one-third fusion-column-first\" style=\"--awb-bg-size:cover;width:33.333333333333%;width:calc(33.333333333333% - ( ( 4% ) * 0.33333333333333 ) );margin-right: 4%;\"><div class=\"fusion-column-wrapper fusion-column-has-shadow fusion-flex-column-wrapper-legacy\"><div class=\"fusion-image-element in-legacy-container\" style=\"--awb-caption-title-font-family:var(--h2_typography-font-family);--awb-caption-title-font-weight:var(--h2_typography-font-weight);--awb-caption-title-font-style:var(--h2_typography-font-style);--awb-caption-title-size:var(--h2_typography-font-size);--awb-caption-title-transform:var(--h2_typography-text-transform);--awb-caption-title-line-height:var(--h2_typography-line-height);--awb-caption-title-letter-spacing:var(--h2_typography-letter-spacing);\"><span class=\" fusion-imageframe imageframe-none imageframe-1 hover-type-none\"><a class=\"fusion-no-lightbox\" href=\"\/es\/glysofor-elm\/\" target=\"_self\" aria-label=\"glysofor-elm-small\"><img decoding=\"async\" width=\"300\" height=\"453\" src=\"https:\/\/www.glysofor.de\/wp-content\/uploads\/images\/glysofor-elm-small.jpg\" data-orig-src=\"https:\/\/www.glysofor.de\/wp-content\/uploads\/images\/glysofor-elm-small.jpg\" alt class=\"lazyload img-responsive wp-image-4864\" srcset=\"data:image\/svg+xml,%3Csvg%20xmlns%3D%27http%3A%2F%2Fwww.w3.org%2F2000%2Fsvg%27%20width%3D%27300%27%20height%3D%27453%27%20viewBox%3D%270%200%20300%20453%27%3E%3Crect%20width%3D%27300%27%20height%3D%27453%27%20fill-opacity%3D%220%22%2F%3E%3C%2Fsvg%3E\" data-srcset=\"https:\/\/www.glysofor.de\/wp-content\/uploads\/images\/glysofor-elm-small-200x302.jpg 200w, https:\/\/www.glysofor.de\/wp-content\/uploads\/images\/glysofor-elm-small.jpg 300w\" data-sizes=\"auto\" data-orig-sizes=\"(max-width: 800px) 100vw, 300px\" \/><\/a><\/span><\/div><div class=\"fusion-clearfix\"><\/div><\/div><\/div><div class=\"fusion-layout-column fusion_builder_column_inner fusion-builder-nested-column-1 fusion_builder_column_inner_2_3 2_3 fusion-two-third fusion-column-last\" style=\"--awb-bg-size:cover;width:66.666666666667%;width:calc(66.666666666667% - ( ( 4% ) * 0.66666666666667 ) );\"><div class=\"fusion-column-wrapper fusion-column-has-shadow fusion-flex-column-wrapper-legacy\"><div class=\"fusion-text fusion-text-1\"><p><a href=\"\/es\/glysofor-elm\/\"><strong>Glysofor ELM<br \/>\n<\/strong><\/a><span class=\"small\">Monoetilenglicol de alta pureza como producto puro concentrado o como soluci\u00f3n acuosa<\/span><\/p>\n<\/div><div class=\"fusion-clearfix\"><\/div><\/div><\/div><\/div><div class=\"fusion-builder-row fusion-builder-row-inner fusion-row\"><div class=\"fusion-layout-column fusion_builder_column_inner fusion-builder-nested-column-2 fusion_builder_column_inner_1_3 1_3 fusion-one-third fusion-column-first\" style=\"--awb-bg-size:cover;width:33.333333333333%;width:calc(33.333333333333% - ( ( 4% ) * 0.33333333333333 ) );margin-right: 4%;\"><div class=\"fusion-column-wrapper fusion-column-has-shadow fusion-flex-column-wrapper-legacy\"><div class=\"fusion-image-element in-legacy-container\" style=\"--awb-caption-title-font-family:var(--h2_typography-font-family);--awb-caption-title-font-weight:var(--h2_typography-font-weight);--awb-caption-title-font-style:var(--h2_typography-font-style);--awb-caption-title-size:var(--h2_typography-font-size);--awb-caption-title-transform:var(--h2_typography-text-transform);--awb-caption-title-line-height:var(--h2_typography-line-height);--awb-caption-title-letter-spacing:var(--h2_typography-letter-spacing);\"><span class=\" fusion-imageframe imageframe-none imageframe-2 hover-type-none\"><a class=\"fusion-no-lightbox\" href=\"\/es\/glysofor-elp\/\" target=\"_self\" aria-label=\"glysofor-elp-small\"><img decoding=\"async\" width=\"300\" height=\"453\" src=\"https:\/\/www.glysofor.de\/wp-content\/uploads\/images\/glysofor-elp-small.jpg\" data-orig-src=\"https:\/\/www.glysofor.de\/wp-content\/uploads\/images\/glysofor-elp-small.jpg\" alt class=\"lazyload img-responsive wp-image-4872\" srcset=\"data:image\/svg+xml,%3Csvg%20xmlns%3D%27http%3A%2F%2Fwww.w3.org%2F2000%2Fsvg%27%20width%3D%27300%27%20height%3D%27453%27%20viewBox%3D%270%200%20300%20453%27%3E%3Crect%20width%3D%27300%27%20height%3D%27453%27%20fill-opacity%3D%220%22%2F%3E%3C%2Fsvg%3E\" data-srcset=\"https:\/\/www.glysofor.de\/wp-content\/uploads\/images\/glysofor-elp-small-200x302.jpg 200w, https:\/\/www.glysofor.de\/wp-content\/uploads\/images\/glysofor-elp-small.jpg 300w\" data-sizes=\"auto\" data-orig-sizes=\"(max-width: 800px) 100vw, 300px\" \/><\/a><\/span><\/div><div class=\"fusion-clearfix\"><\/div><\/div><\/div><div class=\"fusion-layout-column fusion_builder_column_inner fusion-builder-nested-column-3 fusion_builder_column_inner_2_3 2_3 fusion-two-third fusion-column-last\" style=\"--awb-bg-size:cover;width:66.666666666667%;width:calc(66.666666666667% - ( ( 4% ) * 0.66666666666667 ) );\"><div class=\"fusion-column-wrapper fusion-column-has-shadow fusion-flex-column-wrapper-legacy\"><div class=\"fusion-text fusion-text-2\"><p><a href=\"\/es\/glysofor-elp\/\"><strong>Glysofor ELP<br \/>\n<\/strong><\/a><span class=\"small\">Propilenglicol de alta pureza como producto puro concentrado o como soluci\u00f3n acuosa<\/span><\/p>\n<\/div><div class=\"fusion-clearfix\"><\/div><\/div><\/div><\/div><div class=\"fusion-clearfix\"><\/div><\/div><\/div><div class=\"fusion-layout-column fusion_builder_column fusion-builder-column-1 fusion_builder_column_3_4 3_4 fusion-three-fourth fusion-column-last\" style=\"--awb-bg-size:cover;width:75%;width:calc(75% - ( ( 4% ) * 0.75 ) );\"><div class=\"fusion-column-wrapper fusion-column-has-shadow fusion-flex-column-wrapper-legacy\"><div class=\"fusion-title title fusion-title-2 fusion-title-text fusion-title-size-two\"><h2 class=\"fusion-title-heading title-heading-left fusion-responsive-typography-calculated\" style=\"margin:0;--fontSize:40;line-height:1.3;\">Los transformadores son componentes clave de la red de suministro el\u00e9ctrica.<\/h2><span class=\"awb-title-spacer\"><\/span><div class=\"title-sep-container\"><div class=\"title-sep sep- sep-solid\" style=\"border-color:#e2e2e2;\"><\/div><\/div><\/div><div class=\"fusion-title title fusion-title-3 fusion-title-text fusion-title-size-three\"><h3 class=\"fusion-title-heading title-heading-left fusion-responsive-typography-calculated\" style=\"margin:0;--fontSize:24;line-height:1.4;\">Los fallos conducen a gastos elevados. Un criterio importante para la vida \u00fatil de un transformador es la temperatura, que aumenta cuando se a\u00f1ade m\u00e1s carga.<\/h3><span class=\"awb-title-spacer\"><\/span><div class=\"title-sep-container\"><div class=\"title-sep sep- sep-solid\" style=\"border-color:#e2e2e2;\"><\/div><\/div><\/div><div class=\"fusion-text fusion-text-3\"><p>La necesidad de no superar las temperaturas m\u00e1ximas autorizadas, requiere que la instalaci\u00f3n de refrigeraci\u00f3n tenga unas dimensiones adecuadas. Dependiendo de las condiciones de aplicaci\u00f3n pueden utilizarse distintos tipos de enfriamiento para garantizar un funcionamiento seguro, a largo plazo y sin necesidad de mantenimiento.<br \/>\nAdem\u00e1s de la refrigeraci\u00f3n de aceite y aire, tambi\u00e9n deben mencionarse la refrigeraci\u00f3n de aceite y agua, OFWF (Oil Forced Water Forced) y la ODWF (Oil Directed Water Forced). En el transporte de grandes disipaciones de energ\u00eda se utilizan a menudo instalaciones enfriadoras de agua, en especial en condiciones de colocaci\u00f3n y ambientales dif\u00edciles. Aqu\u00ed se incluyen en especial lugares de colocaci\u00f3n en los que la extracci\u00f3n de agua es dif\u00edcil de llevar a cabo mediante el aire de refrigeraci\u00f3n, por ejemplo en ambientes contaminados o qu\u00edmicamente agresivos, en salas de transformador con condiciones de refrigeraci\u00f3n poco favorables, as\u00ed como requisitos acerca de una clase de protecci\u00f3n m\u00e1s elevada con respecto a la seguridad de las personas.<br \/>\nLos productos Glysofor ELM y Glysofor ELP ofrecen un servicio excelente en la extracci\u00f3n de calor, en particular en aplicaciones en las que se necesita una conductividad el\u00e9ctrica extremadamente baja.<br \/>\nLa producci\u00f3n de soluciones acuosas se lleva a cabo con agua ultrapura y una conductividad el\u00e9ctrica de &lt; 0,1 \u03bcs\/cm.<br \/>\nAdem\u00e1s de su capacidad para el transporte t\u00e9rmico, los productos Glysofor ELM y Glysofor ELP ofrecen unas propiedades anticongelaci\u00f3n y anticorrosi\u00f3n \u00f3ptimas.<\/p>\n<\/div><div class=\"fusion-clearfix\"><\/div><\/div><\/div><\/div><\/div><div class=\"fusion-fullwidth fullwidth-box fusion-builder-row-2 fusion-parallax-none nonhundred-percent-fullwidth non-hundred-percent-height-scrolling lazyload\" style=\"--awb-background-position:center top;--awb-border-sizes-top:0px;--awb-border-sizes-bottom:0px;--awb-border-sizes-left:0px;--awb-border-sizes-right:0px;--awb-border-radius-top-left:0px;--awb-border-radius-top-right:0px;--awb-border-radius-bottom-right:0px;--awb-border-radius-bottom-left:0px;--awb-padding-top:40px;--awb-padding-bottom:40px;--awb-background-color:#2a8fbd;--awb-background-size:cover;--awb-flex-wrap:wrap;\" data-bg=\"https:\/\/www.glysofor.de\/wp-content\/uploads\/images\/bg-anfrage.jpg\" ><div class=\"fusion-builder-row fusion-row\"><div class=\"fusion-layout-column fusion_builder_column fusion-builder-column-2 fusion_builder_column_1_1 1_1 fusion-one-full fusion-column-first fusion-column-last fusion-column-no-min-height\" style=\"--awb-bg-size:cover;--awb-margin-bottom:0px;\"><div class=\"fusion-column-wrapper fusion-column-has-shadow fusion-flex-column-wrapper-legacy\"><div class=\"fusion-title title fusion-title-4 fusion-title-center fusion-title-text fusion-title-size-two\" style=\"--awb-text-color:#ffffff;--awb-margin-bottom:40px;\"><div class=\"title-sep-container title-sep-container-left\"><div class=\"title-sep sep- sep-solid\" style=\"border-color:#e2e2e2;\"><\/div><\/div><span class=\"awb-title-spacer\"><\/span><h2 class=\"fusion-title-heading title-heading-center fusion-responsive-typography-calculated\" style=\"margin:0;--fontSize:40;line-height:1.3;\">\u00bfTiene dudas?<\/h2><span class=\"awb-title-spacer\"><\/span><div class=\"title-sep-container title-sep-container-right\"><div class=\"title-sep sep- sep-solid\" style=\"border-color:#e2e2e2;\"><\/div><\/div><\/div><div class=\"fusion-title title fusion-title-5 fusion-title-center fusion-title-text fusion-title-size-four\" style=\"--awb-text-color:#ffffff;--awb-margin-bottom:40px;\"><div class=\"title-sep-container title-sep-container-left\"><div class=\"title-sep sep- sep-solid\" style=\"border-color:#e2e2e2;\"><\/div><\/div><span class=\"awb-title-spacer\"><\/span><h4 class=\"fusion-title-heading title-heading-center fusion-responsive-typography-calculated\" style=\"margin:0;--fontSize:20;--minFontSize:20;line-height:1.2;\">Estaremos encantados de asesorarle de forma gratuita y sin compromiso para<br \/>\nque obtenga el producto apropiado para el fin necesario.<\/h4><span class=\"awb-title-spacer\"><\/span><div class=\"title-sep-container title-sep-container-right\"><div class=\"title-sep sep- sep-solid\" style=\"border-color:#e2e2e2;\"><\/div><\/div><\/div><div class=\"fusion-aligncenter\"><a class=\"fusion-button button-flat button-xlarge button-custom fusion-button-default button-1 fusion-button-default-span fusion-animated\" style=\"--button_accent_color:rgba(255,255,255,.8);--button_border_color:rgba(255,255,255,.8);--button_accent_hover_color:#ffffff;--button_border_hover_color:#ffffff;--button_border_width-top:2px;--button_border_width-right:2px;--button_border_width-bottom:2px;--button_border_width-left:2px;--button_gradient_top_color:rgba(255,255,255,.1);--button_gradient_bottom_color:rgba(255,255,255,.1);--button_gradient_top_color_hover:rgba(255, 255, 255, 0.25);--button_gradient_bottom_color_hover:rgba(255, 255, 255, 0.25);\" data-animationType=\"fadeInUp\" data-animationDuration=\"1.0\" data-animationOffset=\"top-into-view\" target=\"_self\" href=\"\/es\/contacto\/\"><span class=\"fusion-button-text awb-button__text awb-button__text--default\">Hacer una consulta<\/span><\/a><\/div><div class=\"fusion-clearfix\"><\/div><\/div><\/div><\/div><\/div><\/p>\n","protected":false},"excerpt":{"rendered":"","protected":false},"author":1,"featured_media":0,"parent":0,"menu_order":0,"comment_status":"closed","ping_status":"closed","template":"100-width.php","meta":{"footnotes":""},"class_list":["post-5450","page","type-page","status-publish","hentry"],"yoast_head":"<!-- This site is optimized with the Yoast SEO plugin v27.0 - https:\/\/yoast.com\/product\/yoast-seo-wordpress\/ -->\n<title>Refrigerantes para la refrigeraci\u00f3n de transformadores - Glysofor ELM y ELP<\/title>\n<meta name=\"description\" content=\"Los productos Glysofor proporcionan un excelente servicio en aplicaciones donde se requiere una conductividad el\u00e9ctrica extremadamente baja.\" \/>\n<meta name=\"robots\" content=\"index, follow, max-snippet:-1, max-image-preview:large, max-video-preview:-1\" \/>\n<link rel=\"canonical\" href=\"https:\/\/www.glysofor.de\/es\/enfriamiento-de-transformadores\/\" \/>\n<meta property=\"og:locale\" content=\"es_ES\" \/>\n<meta property=\"og:type\" content=\"article\" \/>\n<meta property=\"og:title\" content=\"Refrigerantes para la refrigeraci\u00f3n de transformadores - Glysofor ELM y ELP\" \/>\n<meta property=\"og:description\" content=\"Los productos Glysofor proporcionan un excelente servicio en aplicaciones donde se requiere una conductividad el\u00e9ctrica extremadamente baja.\" \/>\n<meta property=\"og:url\" content=\"https:\/\/www.glysofor.de\/es\/enfriamiento-de-transformadores\/\" \/>\n<meta property=\"og:site_name\" content=\"Glysofor\" \/>\n<meta property=\"article:publisher\" content=\"https:\/\/www.facebook.com\/Glysofor\/\" \/>\n<meta property=\"article:modified_time\" content=\"2022-02-25T13:53:10+00:00\" \/>\n<meta name=\"twitter:card\" content=\"summary_large_image\" \/>\n<meta name=\"twitter:label1\" content=\"Tiempo de lectura\" \/>\n\t<meta name=\"twitter:data1\" content=\"6 minutos\" \/>\n<script type=\"application\/ld+json\" class=\"yoast-schema-graph\">{\"@context\":\"https:\/\/schema.org\",\"@graph\":[{\"@type\":\"WebPage\",\"@id\":\"https:\/\/www.glysofor.de\/es\/enfriamiento-de-transformadores\/\",\"url\":\"https:\/\/www.glysofor.de\/es\/enfriamiento-de-transformadores\/\",\"name\":\"Refrigerantes para la refrigeraci\u00f3n de transformadores - Glysofor ELM y ELP\",\"isPartOf\":{\"@id\":\"https:\/\/www.glysofor.de\/es\/#website\"},\"datePublished\":\"2019-09-24T10:52:04+00:00\",\"dateModified\":\"2022-02-25T13:53:10+00:00\",\"description\":\"Los productos Glysofor proporcionan un excelente servicio en aplicaciones donde se requiere una conductividad el\u00e9ctrica extremadamente baja.\",\"breadcrumb\":{\"@id\":\"https:\/\/www.glysofor.de\/es\/enfriamiento-de-transformadores\/#breadcrumb\"},\"inLanguage\":\"es\",\"potentialAction\":[{\"@type\":\"ReadAction\",\"target\":[\"https:\/\/www.glysofor.de\/es\/enfriamiento-de-transformadores\/\"]}]},{\"@type\":\"BreadcrumbList\",\"@id\":\"https:\/\/www.glysofor.de\/es\/enfriamiento-de-transformadores\/#breadcrumb\",\"itemListElement\":[{\"@type\":\"ListItem\",\"position\":1,\"name\":\"Startseite\",\"item\":\"https:\/\/www.glysofor.de\/es\/\"},{\"@type\":\"ListItem\",\"position\":2,\"name\":\"Enfriamiento de transformadores\"}]},{\"@type\":\"WebSite\",\"@id\":\"https:\/\/www.glysofor.de\/es\/#website\",\"url\":\"https:\/\/www.glysofor.de\/es\/\",\"name\":\"Glysofor\",\"description\":\"Glykole f\u00fcr die K\u00e4lte-, Klima- und Heizungstechnik.\",\"publisher\":{\"@id\":\"https:\/\/www.glysofor.de\/es\/#organization\"},\"potentialAction\":[{\"@type\":\"SearchAction\",\"target\":{\"@type\":\"EntryPoint\",\"urlTemplate\":\"https:\/\/www.glysofor.de\/es\/?s={search_term_string}\"},\"query-input\":{\"@type\":\"PropertyValueSpecification\",\"valueRequired\":true,\"valueName\":\"search_term_string\"}}],\"inLanguage\":\"es\"},{\"@type\":\"Organization\",\"@id\":\"https:\/\/www.glysofor.de\/es\/#organization\",\"name\":\"Glysofor - Glykole f\u00fcr die K\u00e4lte-, Klima- und Heizungstechnik\",\"url\":\"https:\/\/www.glysofor.de\/es\/\",\"logo\":{\"@type\":\"ImageObject\",\"inLanguage\":\"es\",\"@id\":\"https:\/\/www.glysofor.de\/es\/#\/schema\/logo\/image\/\",\"url\":\"https:\/\/www.glysofor.de\/wp-content\/uploads\/logo-glysofor.png\",\"contentUrl\":\"https:\/\/www.glysofor.de\/wp-content\/uploads\/logo-glysofor.png\",\"width\":800,\"height\":199,\"caption\":\"Glysofor - Glykole f\u00fcr die K\u00e4lte-, Klima- und Heizungstechnik\"},\"image\":{\"@id\":\"https:\/\/www.glysofor.de\/es\/#\/schema\/logo\/image\/\"},\"sameAs\":[\"https:\/\/www.facebook.com\/Glysofor\/\",\"https:\/\/www.instagram.com\/glysofor\/\",\"https:\/\/www.youtube.com\/channel\/UCNeReuq7bqUGkWkm5vK63mQ\"]}]}<\/script>\n<!-- \/ Yoast SEO plugin. -->","yoast_head_json":{"title":"Refrigerantes para la refrigeraci\u00f3n de transformadores - Glysofor ELM y ELP","description":"Los productos Glysofor proporcionan un excelente servicio en aplicaciones donde se requiere una conductividad el\u00e9ctrica extremadamente baja.","robots":{"index":"index","follow":"follow","max-snippet":"max-snippet:-1","max-image-preview":"max-image-preview:large","max-video-preview":"max-video-preview:-1"},"canonical":"https:\/\/www.glysofor.de\/es\/enfriamiento-de-transformadores\/","og_locale":"es_ES","og_type":"article","og_title":"Refrigerantes para la refrigeraci\u00f3n de transformadores - Glysofor ELM y ELP","og_description":"Los productos Glysofor proporcionan un excelente servicio en aplicaciones donde se requiere una conductividad el\u00e9ctrica extremadamente baja.","og_url":"https:\/\/www.glysofor.de\/es\/enfriamiento-de-transformadores\/","og_site_name":"Glysofor","article_publisher":"https:\/\/www.facebook.com\/Glysofor\/","article_modified_time":"2022-02-25T13:53:10+00:00","twitter_card":"summary_large_image","twitter_misc":{"Tiempo de lectura":"6 minutos"},"schema":{"@context":"https:\/\/schema.org","@graph":[{"@type":"WebPage","@id":"https:\/\/www.glysofor.de\/es\/enfriamiento-de-transformadores\/","url":"https:\/\/www.glysofor.de\/es\/enfriamiento-de-transformadores\/","name":"Refrigerantes para la refrigeraci\u00f3n de transformadores - Glysofor ELM y ELP","isPartOf":{"@id":"https:\/\/www.glysofor.de\/es\/#website"},"datePublished":"2019-09-24T10:52:04+00:00","dateModified":"2022-02-25T13:53:10+00:00","description":"Los productos Glysofor proporcionan un excelente servicio en aplicaciones donde se requiere una conductividad el\u00e9ctrica extremadamente baja.","breadcrumb":{"@id":"https:\/\/www.glysofor.de\/es\/enfriamiento-de-transformadores\/#breadcrumb"},"inLanguage":"es","potentialAction":[{"@type":"ReadAction","target":["https:\/\/www.glysofor.de\/es\/enfriamiento-de-transformadores\/"]}]},{"@type":"BreadcrumbList","@id":"https:\/\/www.glysofor.de\/es\/enfriamiento-de-transformadores\/#breadcrumb","itemListElement":[{"@type":"ListItem","position":1,"name":"Startseite","item":"https:\/\/www.glysofor.de\/es\/"},{"@type":"ListItem","position":2,"name":"Enfriamiento de transformadores"}]},{"@type":"WebSite","@id":"https:\/\/www.glysofor.de\/es\/#website","url":"https:\/\/www.glysofor.de\/es\/","name":"Glysofor","description":"Glykole f\u00fcr die K\u00e4lte-, Klima- und Heizungstechnik.","publisher":{"@id":"https:\/\/www.glysofor.de\/es\/#organization"},"potentialAction":[{"@type":"SearchAction","target":{"@type":"EntryPoint","urlTemplate":"https:\/\/www.glysofor.de\/es\/?s={search_term_string}"},"query-input":{"@type":"PropertyValueSpecification","valueRequired":true,"valueName":"search_term_string"}}],"inLanguage":"es"},{"@type":"Organization","@id":"https:\/\/www.glysofor.de\/es\/#organization","name":"Glysofor - Glykole f\u00fcr die K\u00e4lte-, Klima- und Heizungstechnik","url":"https:\/\/www.glysofor.de\/es\/","logo":{"@type":"ImageObject","inLanguage":"es","@id":"https:\/\/www.glysofor.de\/es\/#\/schema\/logo\/image\/","url":"https:\/\/www.glysofor.de\/wp-content\/uploads\/logo-glysofor.png","contentUrl":"https:\/\/www.glysofor.de\/wp-content\/uploads\/logo-glysofor.png","width":800,"height":199,"caption":"Glysofor - Glykole f\u00fcr die K\u00e4lte-, Klima- und Heizungstechnik"},"image":{"@id":"https:\/\/www.glysofor.de\/es\/#\/schema\/logo\/image\/"},"sameAs":["https:\/\/www.facebook.com\/Glysofor\/","https:\/\/www.instagram.com\/glysofor\/","https:\/\/www.youtube.com\/channel\/UCNeReuq7bqUGkWkm5vK63mQ"]}]}},"_links":{"self":[{"href":"https:\/\/www.glysofor.de\/es\/wp-json\/wp\/v2\/pages\/5450","targetHints":{"allow":["GET"]}}],"collection":[{"href":"https:\/\/www.glysofor.de\/es\/wp-json\/wp\/v2\/pages"}],"about":[{"href":"https:\/\/www.glysofor.de\/es\/wp-json\/wp\/v2\/types\/page"}],"author":[{"embeddable":true,"href":"https:\/\/www.glysofor.de\/es\/wp-json\/wp\/v2\/users\/1"}],"replies":[{"embeddable":true,"href":"https:\/\/www.glysofor.de\/es\/wp-json\/wp\/v2\/comments?post=5450"}],"version-history":[{"count":5,"href":"https:\/\/www.glysofor.de\/es\/wp-json\/wp\/v2\/pages\/5450\/revisions"}],"predecessor-version":[{"id":9164,"href":"https:\/\/www.glysofor.de\/es\/wp-json\/wp\/v2\/pages\/5450\/revisions\/9164"}],"wp:attachment":[{"href":"https:\/\/www.glysofor.de\/es\/wp-json\/wp\/v2\/media?parent=5450"}],"curies":[{"name":"wp","href":"https:\/\/api.w.org\/{rel}","templated":true}]}}