{"id":5432,"date":"2019-09-24T09:17:31","date_gmt":"2019-09-24T09:17:31","guid":{"rendered":"http:\/\/glysofor.cool\/?page_id=5432"},"modified":"2022-02-25T13:27:48","modified_gmt":"2022-02-25T13:27:48","slug":"tecnologia-de-calefaccion-y-refrigeracion","status":"publish","type":"page","link":"https:\/\/www.glysofor.de\/es\/tecnologia-de-calefaccion-y-refrigeracion\/","title":{"rendered":"Tecnolog\u00eda de calefacci\u00f3n y refrigeraci\u00f3n"},"content":{"rendered":"<p><div class=\"fusion-fullwidth fullwidth-box fusion-builder-row-1 nonhundred-percent-fullwidth non-hundred-percent-height-scrolling\" style=\"--awb-border-radius-top-left:0px;--awb-border-radius-top-right:0px;--awb-border-radius-bottom-right:0px;--awb-border-radius-bottom-left:0px;--awb-padding-top:40px;--awb-padding-bottom:40px;--awb-flex-wrap:wrap;\" ><div class=\"fusion-builder-row fusion-row\"><div class=\"fusion-layout-column fusion_builder_column fusion-builder-column-0 fusion_builder_column_1_4 1_4 fusion-one-fourth fusion-column-first\" style=\"--awb-padding-right:10px;--awb-bg-size:cover;--awb-border-color:#ededed;--awb-border-right:1px;--awb-border-style:solid;--awb-margin-top:10px;width:25%;width:calc(25% - ( ( 4% ) * 0.25 ) );margin-right: 4%;\"><div class=\"fusion-column-wrapper fusion-column-has-shadow fusion-flex-column-wrapper-legacy\"><div class=\"fusion-title title fusion-title-1 fusion-title-text fusion-title-size-four\"><h4 class=\"fusion-title-heading title-heading-left fusion-responsive-typography-calculated\" style=\"margin:0;--fontSize:20;--minFontSize:20;line-height:1.2;\">Productos recomendados<\/h4><span class=\"awb-title-spacer\"><\/span><div class=\"title-sep-container\"><div class=\"title-sep sep- sep-solid\" style=\"border-color:#e2e2e2;\"><\/div><\/div><\/div><div class=\"fusion-builder-row fusion-builder-row-inner fusion-row\"><div class=\"fusion-layout-column fusion_builder_column_inner fusion-builder-nested-column-0 fusion_builder_column_inner_1_3 1_3 fusion-one-third fusion-column-first\" style=\"--awb-bg-size:cover;width:33.333333333333%;width:calc(33.333333333333% - ( ( 4% ) * 0.33333333333333 ) );margin-right: 4%;\"><div class=\"fusion-column-wrapper fusion-column-has-shadow fusion-flex-column-wrapper-legacy\"><div class=\"fusion-image-element in-legacy-container\" style=\"--awb-caption-title-font-family:var(--h2_typography-font-family);--awb-caption-title-font-weight:var(--h2_typography-font-weight);--awb-caption-title-font-style:var(--h2_typography-font-style);--awb-caption-title-size:var(--h2_typography-font-size);--awb-caption-title-transform:var(--h2_typography-text-transform);--awb-caption-title-line-height:var(--h2_typography-line-height);--awb-caption-title-letter-spacing:var(--h2_typography-letter-spacing);\"><span class=\" fusion-imageframe imageframe-none imageframe-1 hover-type-none\"><a class=\"fusion-no-lightbox\" href=\"\/es\/glysofor-n\/\" target=\"_self\" aria-label=\"glysofor-n-small\"><img decoding=\"async\" width=\"300\" height=\"453\" alt=\"Glysofor N \u2013 Ethylenglykol Frostschutzmittel f\u00fcr Heizungsanlagen und K\u00fchlsysteme\" src=\"https:\/\/www.glysofor.de\/wp-content\/uploads\/images\/glysofor-n-small.jpg\" data-orig-src=\"https:\/\/www.glysofor.de\/wp-content\/uploads\/images\/glysofor-n-small.jpg\" class=\"lazyload img-responsive wp-image-4920\" srcset=\"data:image\/svg+xml,%3Csvg%20xmlns%3D%27http%3A%2F%2Fwww.w3.org%2F2000%2Fsvg%27%20width%3D%27300%27%20height%3D%27453%27%20viewBox%3D%270%200%20300%20453%27%3E%3Crect%20width%3D%27300%27%20height%3D%27453%27%20fill-opacity%3D%220%22%2F%3E%3C%2Fsvg%3E\" data-srcset=\"https:\/\/www.glysofor.de\/wp-content\/uploads\/images\/glysofor-n-small-200x302.jpg 200w, https:\/\/www.glysofor.de\/wp-content\/uploads\/images\/glysofor-n-small.jpg 300w\" data-sizes=\"auto\" data-orig-sizes=\"(max-width: 800px) 100vw, 300px\" \/><\/a><\/span><\/div><div class=\"fusion-clearfix\"><\/div><\/div><\/div><div class=\"fusion-layout-column fusion_builder_column_inner fusion-builder-nested-column-1 fusion_builder_column_inner_2_3 2_3 fusion-two-third fusion-column-last\" style=\"--awb-bg-size:cover;width:66.666666666667%;width:calc(66.666666666667% - ( ( 4% ) * 0.66666666666667 ) );\"><div class=\"fusion-column-wrapper fusion-column-has-shadow fusion-flex-column-wrapper-legacy\"><div class=\"fusion-text fusion-text-1\"><p><a href=\"\/es\/glysofor-n\/\"><strong>Glysofor N<br \/>\n<\/strong><\/a><span class=\"small\">Concentrado anticongelante a base de monoetilenglicol<\/span><\/p>\n<\/div><div class=\"fusion-clearfix\"><\/div><\/div><\/div><\/div><div class=\"fusion-builder-row fusion-builder-row-inner fusion-row\"><div class=\"fusion-layout-column fusion_builder_column_inner fusion-builder-nested-column-2 fusion_builder_column_inner_1_3 1_3 fusion-one-third fusion-column-first\" style=\"--awb-bg-size:cover;width:33.333333333333%;width:calc(33.333333333333% - ( ( 4% ) * 0.33333333333333 ) );margin-right: 4%;\"><div class=\"fusion-column-wrapper fusion-column-has-shadow fusion-flex-column-wrapper-legacy\"><div class=\"fusion-image-element in-legacy-container\" style=\"--awb-caption-title-font-family:var(--h2_typography-font-family);--awb-caption-title-font-weight:var(--h2_typography-font-weight);--awb-caption-title-font-style:var(--h2_typography-font-style);--awb-caption-title-size:var(--h2_typography-font-size);--awb-caption-title-transform:var(--h2_typography-text-transform);--awb-caption-title-line-height:var(--h2_typography-line-height);--awb-caption-title-letter-spacing:var(--h2_typography-letter-spacing);\"><span class=\" fusion-imageframe imageframe-none imageframe-2 hover-type-none\"><a class=\"fusion-no-lightbox\" href=\"\/es\/glysofor-l\/\" target=\"_self\" aria-label=\"glysofor-l-small\"><img decoding=\"async\" width=\"300\" height=\"453\" alt=\"Lebensmittel Glykol Glysofor L \u2013 Propylenglykol f\u00fcr lebensmittelnahe Anwendungen\" src=\"https:\/\/www.glysofor.de\/wp-content\/uploads\/images\/glysofor-l-small.jpg\" data-orig-src=\"https:\/\/www.glysofor.de\/wp-content\/uploads\/images\/glysofor-l-small.jpg\" class=\"lazyload img-responsive wp-image-4916\" srcset=\"data:image\/svg+xml,%3Csvg%20xmlns%3D%27http%3A%2F%2Fwww.w3.org%2F2000%2Fsvg%27%20width%3D%27300%27%20height%3D%27453%27%20viewBox%3D%270%200%20300%20453%27%3E%3Crect%20width%3D%27300%27%20height%3D%27453%27%20fill-opacity%3D%220%22%2F%3E%3C%2Fsvg%3E\" data-srcset=\"https:\/\/www.glysofor.de\/wp-content\/uploads\/images\/glysofor-l-small-200x302.jpg 200w, https:\/\/www.glysofor.de\/wp-content\/uploads\/images\/glysofor-l-small.jpg 300w\" data-sizes=\"auto\" data-orig-sizes=\"(max-width: 800px) 100vw, 300px\" \/><\/a><\/span><\/div><div class=\"fusion-clearfix\"><\/div><\/div><\/div><div class=\"fusion-layout-column fusion_builder_column_inner fusion-builder-nested-column-3 fusion_builder_column_inner_2_3 2_3 fusion-two-third fusion-column-last\" style=\"--awb-bg-size:cover;width:66.666666666667%;width:calc(66.666666666667% - ( ( 4% ) * 0.66666666666667 ) );\"><div class=\"fusion-column-wrapper fusion-column-has-shadow fusion-flex-column-wrapper-legacy\"><div class=\"fusion-text fusion-text-2\"><p><a href=\"\/es\/glysofor-l\/\"><strong>Glysofor L<br \/>\n<\/strong><\/a><span class=\"small\">Anticongelante concentrado a base de propilenglicol<\/span><\/p>\n<\/div><div class=\"fusion-clearfix\"><\/div><\/div><\/div><\/div><div class=\"fusion-clearfix\"><\/div><\/div><\/div><div class=\"fusion-layout-column fusion_builder_column fusion-builder-column-1 fusion_builder_column_3_4 3_4 fusion-three-fourth fusion-column-last\" style=\"--awb-bg-size:cover;width:75%;width:calc(75% - ( ( 4% ) * 0.75 ) );\"><div class=\"fusion-column-wrapper fusion-column-has-shadow fusion-flex-column-wrapper-legacy\"><div class=\"fusion-title title fusion-title-2 fusion-title-text fusion-title-size-two\"><h2 class=\"fusion-title-heading title-heading-left fusion-responsive-typography-calculated\" style=\"margin:0;--fontSize:40;line-height:1.3;\">Glysofor: un todoterreno en la tecnolog\u00eda de calefacci\u00f3n y refrigeraci\u00f3n.<\/h2><span class=\"awb-title-spacer\"><\/span><div class=\"title-sep-container\"><div class=\"title-sep sep- sep-solid\" style=\"border-color:#e2e2e2;\"><\/div><\/div><\/div><div class=\"fusion-title title fusion-title-3 fusion-title-text fusion-title-size-three\"><h3 class=\"fusion-title-heading title-heading-left fusion-responsive-typography-calculated\" style=\"margin:0;--fontSize:24;line-height:1.4;\">Glysofor N y Glysofor L son concentrados ecol\u00f3gicos anticongelantes que tienen como base glicoles, inhibidores de corrosi\u00f3n y estabilizadores.<\/h3><span class=\"awb-title-spacer\"><\/span><div class=\"title-sep-container\"><div class=\"title-sep sep- sep-solid\" style=\"border-color:#e2e2e2;\"><\/div><\/div><\/div><div class=\"fusion-text fusion-text-3\"><p>Tienen aplicaci\u00f3n universal como anticongelante, anticorrosivo y fluido t\u00e9rmico o refrigerante en instalaciones de calefacci\u00f3n y refrigerantes.<br \/>\nCon Glysofor pueden evitarse de forma \u00f3ptima da\u00f1os de heladas, corrosi\u00f3n, dep\u00f3sitos, sedimentos o biopel\u00edculas. Glysofor sirve como l\u00edquido t\u00e9rmico en instalaciones de bomba de calor, recuperadores de calor, instalaciones industriales, sondas geot\u00e9rmicas o calefacci\u00f3n por agua caliente. En las instalaciones refrigerantes, Glysofor se utiliza como salmuera.<br \/>\nLos \u00e1mbitos de aplicaci\u00f3n t\u00edpicos son las instalaciones de aire acondicionado o los aparatos de refrigeraci\u00f3n de instalaciones industriales y de producci\u00f3n. Con Glysofor, las instalaciones de calefacci\u00f3n tambi\u00e9n pueden apagarse de forma temporal en caso de helada, pero permanecen operativas en todo momento. En instalaciones que se utilizan de forma temporal como polideportivos, casas de fin de semana, iglesias, escuelas o salas de eventos, esto puede contribuir a un ahorro considerable en combustibles. Glysofor contiene una compleja combinaci\u00f3n de inhibidores de corrosi\u00f3n, con lo cual los metales est\u00e1n protegidos de manera \u00f3ptima frente a la corrosi\u00f3n. Esta protecci\u00f3n anticorrosi\u00f3n es efectiva en todos los metales que se encuentran habitualmente en las instalaciones de calefacci\u00f3n y de refrigeraci\u00f3n. Las instalaciones de cobre, lat\u00f3n, plomo, fundici\u00f3n gris, aluminio, acero y hierro est\u00e1n protegidas de forma \u00f3ptima frente a la corrosi\u00f3n, incluso si est\u00e1n llevadas a cabo como instalaciones multimetal.<br \/>\nPara sistemas t\u00e9cnicos se utiliza Glysofor N, mientras que en el \u00e1mbito alimenticio se utiliza Glysofor L.<\/p>\n<\/div><div class=\"fusion-clearfix\"><\/div><\/div><\/div><\/div><\/div><div class=\"fusion-fullwidth fullwidth-box fusion-builder-row-2 fusion-parallax-none nonhundred-percent-fullwidth non-hundred-percent-height-scrolling lazyload\" style=\"--awb-background-position:center top;--awb-border-sizes-top:0px;--awb-border-sizes-bottom:0px;--awb-border-sizes-left:0px;--awb-border-sizes-right:0px;--awb-border-radius-top-left:0px;--awb-border-radius-top-right:0px;--awb-border-radius-bottom-right:0px;--awb-border-radius-bottom-left:0px;--awb-padding-top:40px;--awb-padding-bottom:40px;--awb-background-color:#2a8fbd;--awb-background-size:cover;--awb-flex-wrap:wrap;\" data-bg=\"https:\/\/www.glysofor.de\/wp-content\/uploads\/images\/bg-anfrage.jpg\" ><div class=\"fusion-builder-row fusion-row\"><div class=\"fusion-layout-column fusion_builder_column fusion-builder-column-2 fusion_builder_column_1_1 1_1 fusion-one-full fusion-column-first fusion-column-last fusion-column-no-min-height\" style=\"--awb-bg-size:cover;--awb-margin-bottom:0px;\"><div class=\"fusion-column-wrapper fusion-column-has-shadow fusion-flex-column-wrapper-legacy\"><div class=\"fusion-title title fusion-title-4 fusion-title-center fusion-title-text fusion-title-size-two\" style=\"--awb-text-color:#ffffff;--awb-margin-bottom:40px;\"><div class=\"title-sep-container title-sep-container-left\"><div class=\"title-sep sep- sep-solid\" style=\"border-color:#e2e2e2;\"><\/div><\/div><span class=\"awb-title-spacer\"><\/span><h2 class=\"fusion-title-heading title-heading-center fusion-responsive-typography-calculated\" style=\"margin:0;--fontSize:40;line-height:1.3;\">\u00bfTiene dudas?<\/h2><span class=\"awb-title-spacer\"><\/span><div class=\"title-sep-container title-sep-container-right\"><div class=\"title-sep sep- sep-solid\" style=\"border-color:#e2e2e2;\"><\/div><\/div><\/div><div class=\"fusion-title title fusion-title-5 fusion-title-center fusion-title-text fusion-title-size-four\" style=\"--awb-text-color:#ffffff;--awb-margin-bottom:40px;\"><div class=\"title-sep-container title-sep-container-left\"><div class=\"title-sep sep- sep-solid\" style=\"border-color:#e2e2e2;\"><\/div><\/div><span class=\"awb-title-spacer\"><\/span><h4 class=\"fusion-title-heading title-heading-center fusion-responsive-typography-calculated\" style=\"margin:0;--fontSize:20;--minFontSize:20;line-height:1.2;\">Estaremos encantados de asesorarle de forma gratuita y sin compromiso para<br \/>\nque obtenga el producto apropiado para el fin necesario.<\/h4><span class=\"awb-title-spacer\"><\/span><div class=\"title-sep-container title-sep-container-right\"><div class=\"title-sep sep- sep-solid\" style=\"border-color:#e2e2e2;\"><\/div><\/div><\/div><div class=\"fusion-aligncenter\"><a class=\"fusion-button button-flat button-xlarge button-custom fusion-button-default button-1 fusion-button-default-span fusion-animated\" style=\"--button_accent_color:rgba(255,255,255,.8);--button_border_color:rgba(255,255,255,.8);--button_accent_hover_color:#ffffff;--button_border_hover_color:#ffffff;--button_border_width-top:2px;--button_border_width-right:2px;--button_border_width-bottom:2px;--button_border_width-left:2px;--button_gradient_top_color:rgba(255,255,255,.1);--button_gradient_bottom_color:rgba(255,255,255,.1);--button_gradient_top_color_hover:rgba(255, 255, 255, 0.25);--button_gradient_bottom_color_hover:rgba(255, 255, 255, 0.25);\" data-animationType=\"fadeInUp\" data-animationDuration=\"1.0\" data-animationOffset=\"top-into-view\" target=\"_self\" href=\"\/es\/contacto\/\"><span class=\"fusion-button-text awb-button__text awb-button__text--default\">Hacer una consulta<\/span><\/a><\/div><div class=\"fusion-clearfix\"><\/div><\/div><\/div><\/div><\/div><\/p>\n","protected":false},"excerpt":{"rendered":"","protected":false},"author":1,"featured_media":0,"parent":0,"menu_order":0,"comment_status":"closed","ping_status":"closed","template":"100-width.php","meta":{"footnotes":""},"class_list":["post-5432","page","type-page","status-publish","hentry"],"yoast_head":"<!-- This site is optimized with the Yoast SEO plugin v27.0 - https:\/\/yoast.com\/product\/yoast-seo-wordpress\/ -->\n<title>Tecnolog\u00eda de calefacci\u00f3n y refrigeraci\u00f3n - Glysofor un talento completo<\/title>\n<meta name=\"description\" content=\"Sirve como fluido de transferencia de calor en sistemas de bombas de calor, sondas geot\u00e9rmicas o sistemas de calefacci\u00f3n por agua caliente y se utiliza como salmuera refrigerante en sistemas de refrigeraci\u00f3n.\" \/>\n<meta name=\"robots\" content=\"index, follow, max-snippet:-1, max-image-preview:large, max-video-preview:-1\" \/>\n<link rel=\"canonical\" href=\"https:\/\/www.glysofor.de\/es\/tecnologia-de-calefaccion-y-refrigeracion\/\" \/>\n<meta property=\"og:locale\" content=\"es_ES\" \/>\n<meta property=\"og:type\" content=\"article\" \/>\n<meta property=\"og:title\" content=\"Tecnolog\u00eda de calefacci\u00f3n y refrigeraci\u00f3n - Glysofor un talento completo\" \/>\n<meta property=\"og:description\" content=\"Sirve como fluido de transferencia de calor en sistemas de bombas de calor, sondas geot\u00e9rmicas o sistemas de calefacci\u00f3n por agua caliente y se utiliza como salmuera refrigerante en sistemas de refrigeraci\u00f3n.\" \/>\n<meta property=\"og:url\" content=\"https:\/\/www.glysofor.de\/es\/tecnologia-de-calefaccion-y-refrigeracion\/\" \/>\n<meta property=\"og:site_name\" content=\"Glysofor\" \/>\n<meta property=\"article:publisher\" content=\"https:\/\/www.facebook.com\/Glysofor\/\" \/>\n<meta property=\"article:modified_time\" content=\"2022-02-25T13:27:48+00:00\" \/>\n<meta name=\"twitter:card\" content=\"summary_large_image\" \/>\n<meta name=\"twitter:label1\" content=\"Tiempo de lectura\" \/>\n\t<meta name=\"twitter:data1\" content=\"5 minutos\" \/>\n<script type=\"application\/ld+json\" class=\"yoast-schema-graph\">{\"@context\":\"https:\/\/schema.org\",\"@graph\":[{\"@type\":\"WebPage\",\"@id\":\"https:\/\/www.glysofor.de\/es\/tecnologia-de-calefaccion-y-refrigeracion\/\",\"url\":\"https:\/\/www.glysofor.de\/es\/tecnologia-de-calefaccion-y-refrigeracion\/\",\"name\":\"Tecnolog\u00eda de calefacci\u00f3n y refrigeraci\u00f3n - Glysofor un talento completo\",\"isPartOf\":{\"@id\":\"https:\/\/www.glysofor.de\/es\/#website\"},\"datePublished\":\"2019-09-24T09:17:31+00:00\",\"dateModified\":\"2022-02-25T13:27:48+00:00\",\"description\":\"Sirve como fluido de transferencia de calor en sistemas de bombas de calor, sondas geot\u00e9rmicas o sistemas de calefacci\u00f3n por agua caliente y se utiliza como salmuera refrigerante en sistemas de refrigeraci\u00f3n.\",\"breadcrumb\":{\"@id\":\"https:\/\/www.glysofor.de\/es\/tecnologia-de-calefaccion-y-refrigeracion\/#breadcrumb\"},\"inLanguage\":\"es\",\"potentialAction\":[{\"@type\":\"ReadAction\",\"target\":[\"https:\/\/www.glysofor.de\/es\/tecnologia-de-calefaccion-y-refrigeracion\/\"]}]},{\"@type\":\"BreadcrumbList\",\"@id\":\"https:\/\/www.glysofor.de\/es\/tecnologia-de-calefaccion-y-refrigeracion\/#breadcrumb\",\"itemListElement\":[{\"@type\":\"ListItem\",\"position\":1,\"name\":\"Startseite\",\"item\":\"https:\/\/www.glysofor.de\/es\/\"},{\"@type\":\"ListItem\",\"position\":2,\"name\":\"Tecnolog\u00eda de calefacci\u00f3n y refrigeraci\u00f3n\"}]},{\"@type\":\"WebSite\",\"@id\":\"https:\/\/www.glysofor.de\/es\/#website\",\"url\":\"https:\/\/www.glysofor.de\/es\/\",\"name\":\"Glysofor\",\"description\":\"Glykole f\u00fcr die K\u00e4lte-, Klima- und Heizungstechnik.\",\"publisher\":{\"@id\":\"https:\/\/www.glysofor.de\/es\/#organization\"},\"potentialAction\":[{\"@type\":\"SearchAction\",\"target\":{\"@type\":\"EntryPoint\",\"urlTemplate\":\"https:\/\/www.glysofor.de\/es\/?s={search_term_string}\"},\"query-input\":{\"@type\":\"PropertyValueSpecification\",\"valueRequired\":true,\"valueName\":\"search_term_string\"}}],\"inLanguage\":\"es\"},{\"@type\":\"Organization\",\"@id\":\"https:\/\/www.glysofor.de\/es\/#organization\",\"name\":\"Glysofor - Glykole f\u00fcr die K\u00e4lte-, Klima- und Heizungstechnik\",\"url\":\"https:\/\/www.glysofor.de\/es\/\",\"logo\":{\"@type\":\"ImageObject\",\"inLanguage\":\"es\",\"@id\":\"https:\/\/www.glysofor.de\/es\/#\/schema\/logo\/image\/\",\"url\":\"https:\/\/www.glysofor.de\/wp-content\/uploads\/logo-glysofor.png\",\"contentUrl\":\"https:\/\/www.glysofor.de\/wp-content\/uploads\/logo-glysofor.png\",\"width\":800,\"height\":199,\"caption\":\"Glysofor - Glykole f\u00fcr die K\u00e4lte-, Klima- und Heizungstechnik\"},\"image\":{\"@id\":\"https:\/\/www.glysofor.de\/es\/#\/schema\/logo\/image\/\"},\"sameAs\":[\"https:\/\/www.facebook.com\/Glysofor\/\",\"https:\/\/www.instagram.com\/glysofor\/\",\"https:\/\/www.youtube.com\/channel\/UCNeReuq7bqUGkWkm5vK63mQ\"]}]}<\/script>\n<!-- \/ Yoast SEO plugin. -->","yoast_head_json":{"title":"Tecnolog\u00eda de calefacci\u00f3n y refrigeraci\u00f3n - Glysofor un talento completo","description":"Sirve como fluido de transferencia de calor en sistemas de bombas de calor, sondas geot\u00e9rmicas o sistemas de calefacci\u00f3n por agua caliente y se utiliza como salmuera refrigerante en sistemas de refrigeraci\u00f3n.","robots":{"index":"index","follow":"follow","max-snippet":"max-snippet:-1","max-image-preview":"max-image-preview:large","max-video-preview":"max-video-preview:-1"},"canonical":"https:\/\/www.glysofor.de\/es\/tecnologia-de-calefaccion-y-refrigeracion\/","og_locale":"es_ES","og_type":"article","og_title":"Tecnolog\u00eda de calefacci\u00f3n y refrigeraci\u00f3n - Glysofor un talento completo","og_description":"Sirve como fluido de transferencia de calor en sistemas de bombas de calor, sondas geot\u00e9rmicas o sistemas de calefacci\u00f3n por agua caliente y se utiliza como salmuera refrigerante en sistemas de refrigeraci\u00f3n.","og_url":"https:\/\/www.glysofor.de\/es\/tecnologia-de-calefaccion-y-refrigeracion\/","og_site_name":"Glysofor","article_publisher":"https:\/\/www.facebook.com\/Glysofor\/","article_modified_time":"2022-02-25T13:27:48+00:00","twitter_card":"summary_large_image","twitter_misc":{"Tiempo de lectura":"5 minutos"},"schema":{"@context":"https:\/\/schema.org","@graph":[{"@type":"WebPage","@id":"https:\/\/www.glysofor.de\/es\/tecnologia-de-calefaccion-y-refrigeracion\/","url":"https:\/\/www.glysofor.de\/es\/tecnologia-de-calefaccion-y-refrigeracion\/","name":"Tecnolog\u00eda de calefacci\u00f3n y refrigeraci\u00f3n - Glysofor un talento completo","isPartOf":{"@id":"https:\/\/www.glysofor.de\/es\/#website"},"datePublished":"2019-09-24T09:17:31+00:00","dateModified":"2022-02-25T13:27:48+00:00","description":"Sirve como fluido de transferencia de calor en sistemas de bombas de calor, sondas geot\u00e9rmicas o sistemas de calefacci\u00f3n por agua caliente y se utiliza como salmuera refrigerante en sistemas de refrigeraci\u00f3n.","breadcrumb":{"@id":"https:\/\/www.glysofor.de\/es\/tecnologia-de-calefaccion-y-refrigeracion\/#breadcrumb"},"inLanguage":"es","potentialAction":[{"@type":"ReadAction","target":["https:\/\/www.glysofor.de\/es\/tecnologia-de-calefaccion-y-refrigeracion\/"]}]},{"@type":"BreadcrumbList","@id":"https:\/\/www.glysofor.de\/es\/tecnologia-de-calefaccion-y-refrigeracion\/#breadcrumb","itemListElement":[{"@type":"ListItem","position":1,"name":"Startseite","item":"https:\/\/www.glysofor.de\/es\/"},{"@type":"ListItem","position":2,"name":"Tecnolog\u00eda de calefacci\u00f3n y refrigeraci\u00f3n"}]},{"@type":"WebSite","@id":"https:\/\/www.glysofor.de\/es\/#website","url":"https:\/\/www.glysofor.de\/es\/","name":"Glysofor","description":"Glykole f\u00fcr die K\u00e4lte-, Klima- und Heizungstechnik.","publisher":{"@id":"https:\/\/www.glysofor.de\/es\/#organization"},"potentialAction":[{"@type":"SearchAction","target":{"@type":"EntryPoint","urlTemplate":"https:\/\/www.glysofor.de\/es\/?s={search_term_string}"},"query-input":{"@type":"PropertyValueSpecification","valueRequired":true,"valueName":"search_term_string"}}],"inLanguage":"es"},{"@type":"Organization","@id":"https:\/\/www.glysofor.de\/es\/#organization","name":"Glysofor - Glykole f\u00fcr die K\u00e4lte-, Klima- und Heizungstechnik","url":"https:\/\/www.glysofor.de\/es\/","logo":{"@type":"ImageObject","inLanguage":"es","@id":"https:\/\/www.glysofor.de\/es\/#\/schema\/logo\/image\/","url":"https:\/\/www.glysofor.de\/wp-content\/uploads\/logo-glysofor.png","contentUrl":"https:\/\/www.glysofor.de\/wp-content\/uploads\/logo-glysofor.png","width":800,"height":199,"caption":"Glysofor - Glykole f\u00fcr die K\u00e4lte-, Klima- und Heizungstechnik"},"image":{"@id":"https:\/\/www.glysofor.de\/es\/#\/schema\/logo\/image\/"},"sameAs":["https:\/\/www.facebook.com\/Glysofor\/","https:\/\/www.instagram.com\/glysofor\/","https:\/\/www.youtube.com\/channel\/UCNeReuq7bqUGkWkm5vK63mQ"]}]}},"_links":{"self":[{"href":"https:\/\/www.glysofor.de\/es\/wp-json\/wp\/v2\/pages\/5432","targetHints":{"allow":["GET"]}}],"collection":[{"href":"https:\/\/www.glysofor.de\/es\/wp-json\/wp\/v2\/pages"}],"about":[{"href":"https:\/\/www.glysofor.de\/es\/wp-json\/wp\/v2\/types\/page"}],"author":[{"embeddable":true,"href":"https:\/\/www.glysofor.de\/es\/wp-json\/wp\/v2\/users\/1"}],"replies":[{"embeddable":true,"href":"https:\/\/www.glysofor.de\/es\/wp-json\/wp\/v2\/comments?post=5432"}],"version-history":[{"count":7,"href":"https:\/\/www.glysofor.de\/es\/wp-json\/wp\/v2\/pages\/5432\/revisions"}],"predecessor-version":[{"id":9148,"href":"https:\/\/www.glysofor.de\/es\/wp-json\/wp\/v2\/pages\/5432\/revisions\/9148"}],"wp:attachment":[{"href":"https:\/\/www.glysofor.de\/es\/wp-json\/wp\/v2\/media?parent=5432"}],"curies":[{"name":"wp","href":"https:\/\/api.w.org\/{rel}","templated":true}]}}